{"id":247,"date":"2020-08-12T19:04:17","date_gmt":"2020-08-12T19:04:17","guid":{"rendered":"http:\/\/diving-star.com\/fr\/?page_id=247"},"modified":"2022-07-28T16:12:44","modified_gmt":"2022-07-28T16:12:44","slug":"plonger-a-hurghada-centre-de","status":"publish","type":"page","link":"https:\/\/www.diving-star.com\/fr\/plonger-a-hurghada-centre-de\/","title":{"rendered":"Plonger \u00e0  Hurghada &#8211; Centre de plong\u00e9e sous- marine &#8211; Diving Star"},"content":{"rendered":"<p>[et_pb_section fb_built=\u00a0\u00bb1&Prime; fullwidth=\u00a0\u00bbon\u00a0\u00bb _builder_version=\u00a0\u00bb4.16&Prime; custom_padding=\u00a0\u00bb0px|0px|0px|0px\u00a0\u00bb global_colors_info=\u00a0\u00bb{}\u00a0\u00bb][et_pb_fullwidth_header title=\u00a0\u00bbFoire Aux Questions\u00a0\u00bb text_orientation=\u00a0\u00bbcenter\u00a0\u00bb header_fullscreen=\u00a0\u00bbon\u00a0\u00bb _builder_version=\u00a0\u00bb4.16&Prime; title_font=\u00a0\u00bb|700|||||||\u00a0\u00bb title_text_align=\u00a0\u00bbcenter\u00a0\u00bb title_font_size=\u00a0\u00bb54px\u00a0\u00bb background_enable_color=\u00a0\u00bboff\u00a0\u00bb background_image=\u00a0\u00bbhttps:\/\/diving-star.com\/fr\/wp-content\/uploads\/2020\/08\/Diving-Scuba-Hurghada.jpg\u00a0\u00bb parallax=\u00a0\u00bbon\u00a0\u00bb global_colors_info=\u00a0\u00bb{}\u00a0\u00bb][\/et_pb_fullwidth_header][\/et_pb_section][et_pb_section fb_built=\u00a0\u00bb1&Prime; _builder_version=\u00a0\u00bb4.16&Prime; width=\u00a0\u00bb99.6%\u00a0\u00bb custom_padding=\u00a0\u00bb0px|||||\u00a0\u00bb global_colors_info=\u00a0\u00bb{}\u00a0\u00bb][et_pb_row _builder_version=\u00a0\u00bb4.16&Prime; custom_padding=\u00a0\u00bb9px|||||\u00a0\u00bb box_shadow_style=\u00a0\u00bbpreset6&Prime; box_shadow_position=\u00a0\u00bbouter\u00a0\u00bb global_colors_info=\u00a0\u00bb{}\u00a0\u00bb][et_pb_column type=\u00a0\u00bb4_4&Prime; _builder_version=\u00a0\u00bb4.16&Prime; global_colors_info=\u00a0\u00bb{}\u00a0\u00bb][et_pb_accordion _builder_version=\u00a0\u00bb4.16&Prime; global_colors_info=\u00a0\u00bb{}\u00a0\u00bb][et_pb_accordion_item title=\u00a0\u00bbEst-ce que Hurghada est un bon endroit pour la plong\u00e9e ?\u00a0\u00bb open=\u00a0\u00bbon\u00a0\u00bb _builder_version=\u00a0\u00bb4.16&Prime; global_colors_info=\u00a0\u00bb{}\u00a0\u00bb toggle_level=\u00a0\u00bbh2&Prime; toggle_font=\u00a0\u00bb|700|||||||\u00a0\u00bb]<\/p>\n<p>Oui, biens\u00fbr\u00a0!! Hurghada est l\u2019endroit parfait\u00a0: il y a plus de 40 sites de plong\u00e9e que vous pouvez d\u00e9couvrir, l\u2019eau est claire et la vie (animale et min\u00e9rale) sous-marine est tr\u00e8s diversifi\u00e9e. De plus, l\u2019eau est chaude toute l\u2019ann\u00e9e\u00a0! Des forfaits de plong\u00e9e uniques selon vos besoins.<\/p>\n<p>[\/et_pb_accordion_item][et_pb_accordion_item title=\u00a0\u00bbCombien co\u00fbte la plong\u00e9e \u00e0 Hurghada ?\u00a0\u00bb _builder_version=\u00a0\u00bb4.16&Prime; global_colors_info=\u00a0\u00bb{}\u00a0\u00bb toggle_level=\u00a0\u00bbh2&Prime; toggle_font=\u00a0\u00bb|700|||||||\u00a0\u00bb open=\u00a0\u00bboff\u00a0\u00bb]<\/p>\n<p style=\"margin: 0cm; margin-bottom: .0001pt; vertical-align: baseline;\"><span style=\"font-size: 10.5pt; font-family: 'Arial','sans-serif'; color: #666666;\">Les prix varient en fonction de vos choix de forfait et du nombre de jours. Regardez notre liste de prix\u00a0; vous y trouverez toutes les informations<o:p><\/o:p><\/span>.<\/p>\n<p>[\/et_pb_accordion_item][et_pb_accordion_item title=\u00a0\u00bbO\u00f9 peut-on plonger \u00e0 Hurghada ?\u00a0\u00bb _builder_version=\u00a0\u00bb4.16&Prime; global_colors_info=\u00a0\u00bb{}\u00a0\u00bb toggle_level=\u00a0\u00bbh2&Prime; toggle_font=\u00a0\u00bb|700|||||||\u00a0\u00bb open=\u00a0\u00bboff\u00a0\u00bb]<\/p>\n<p style=\"margin: 0cm; margin-bottom: .0001pt; vertical-align: baseline;\"><span style=\"font-size: 10.5pt; font-family: 'Arial','sans-serif'; color: #666666;\">Il y a de nombreux sites de plong\u00e9es \u00e0 Hurghada. Chaque site a sa particularit\u00e9 et sa vie sous-marine est tr\u00e8s vari\u00e9e. Il y a aussi des plong\u00e9es en \u00e9pave, dans les r\u00e9cifs, de nuit, des grottes\u2026 toute une diversit\u00e9 de terrains \u00e0 d\u00e9couvrir\u00a0!!<\/span><\/p>\n<p>[\/et_pb_accordion_item][et_pb_accordion_item title=\u00a0\u00bbY a-t-il des requins \u00e0 Hurghada ?\u00a0\u00bb _builder_version=\u00a0\u00bb4.16&Prime; global_colors_info=\u00a0\u00bb{}\u00a0\u00bb toggle_level=\u00a0\u00bbh2&Prime; toggle_font=\u00a0\u00bb|700|||||||\u00a0\u00bb open=\u00a0\u00bboff\u00a0\u00bb]<\/p>\n<p>Oui, biens\u00fbr\u00a0! Vous pouvez trouver les esp\u00e8ces suivantes\u00a0: requin de r\u00e9cif, des requins baleine, des requins tigre et des requins marteau peuvent \u00eatre admir\u00e9s sur certains sites de plong\u00e9es.<\/p>\n<p>[\/et_pb_accordion_item][et_pb_accordion_item title=\u00a0\u00bbQuelles sont les modalit\u00e9s de transfert ?\u00a0\u00bb _builder_version=\u00a0\u00bb4.16&Prime; global_colors_info=\u00a0\u00bb{}\u00a0\u00bb toggle_level=\u00a0\u00bbh2&Prime; toggle_font=\u00a0\u00bb|700|||||||\u00a0\u00bb open=\u00a0\u00bboff\u00a0\u00bb]<\/p>\n<p>Les transferts h\u00f4tel\/bateau sont offerts sur Hurghada, mais si votre h\u00f4tel est \u00e0 l\u2019ext\u00e9rieur de Hurghada (Makadi, Sahl Hasheesh, El Gouna..), nous facturons le transport de 25\u20ac.<\/p>\n<p>[\/et_pb_accordion_item][et_pb_accordion_item title=\u00a0\u00bbQue dois-je amener avec moi pour les sorties bateau ?\u00a0\u00bb _builder_version=\u00a0\u00bb4.16&Prime; global_colors_info=\u00a0\u00bb{}\u00a0\u00bb toggle_level=\u00a0\u00bbh2&Prime; toggle_font=\u00a0\u00bb|700|||||||\u00a0\u00bb toggle_text_align=\u00a0\u00bbleft\u00a0\u00bb open=\u00a0\u00bboff\u00a0\u00bb]<\/p>\n<p>Nous vous invitons \u00e0 vous munir de vos maillots de bain, combinaison (si vous en avez une), votre serviette et vos certificats de plong\u00e9es, si vous \u00eates un professionnel. Si vous r\u00e9servez un cours avec notre centre, merci de prendre avec vous 2 photos d\u2019identit\u00e9, au format passeport.<\/p>\n<p>[\/et_pb_accordion_item][et_pb_accordion_item title=\u00a0\u00bbQu\u2019est ce qui est inclus dans vos programmes ?\u00a0\u00bb _builder_version=\u00a0\u00bb4.16&Prime; global_colors_info=\u00a0\u00bb{}\u00a0\u00bb toggle_level=\u00a0\u00bbh2&Prime; toggle_font=\u00a0\u00bb|700|||||||\u00a0\u00bb open=\u00a0\u00bboff\u00a0\u00bb]<\/p>\n<p>Le programme \u2018masque et tuba\u2019 comprend le transport gratuit d\u2019Hurghada, l\u2019\u00e9quipement pour faire du snorkeling (masque et tuba), un repas cuisin\u00e9 sur place et des boissons toute la journ\u00e9e.<\/p>\n<p>La plong\u00e9e sous-marine \u00ab\u00a0d\u00e9couverte\u00a0\u00bb inclus 2 plong\u00e9es\u00a0; chaque plong\u00e9e dure en moyenne 20 minutes, jusqu\u2019\u00e0 7 m\u00e8tres de profondeur.<\/p>\n<p>Ce programme \u00abBapt\u00eame \u00bb comprend aussi le transport gratuit d\u2019Hurghada, l\u2019\u00e9quipement de plong\u00e9e, un repas cuisin\u00e9 sur place et des boissons toute la journ\u00e9e<\/p>\n<p>Les forfaits de plong\u00e9e comprennent 2 plong\u00e9es sur 2 sites diff\u00e9rents. Nous vous fournissons les bouteilles, la ceinture de plombs et le guide de plong\u00e9e. Les frais de transferts H\u00f4tel\/bateau sont gratuits, ainsi que le repas, qui vous est pr\u00e9par\u00e9 sur le bateau et les boissons toute la journ\u00e9e.<\/p>\n<p>Les cours de plong\u00e9e\u00a0:<\/p>\n<p>Nos prix pour le cours Open Water inclus le manuel, les frais pour l\u2019obtention du certificat et l\u2019\u00e9quipement de plong\u00e9e. Les frais de transferts H\u00f4tel\/bateau sont gratuits, ainsi que le repas, qui vous est pr\u00e9par\u00e9 sur le bateau et les boissons toute la journ\u00e9e.<\/p>\n<p>Pour tous les autres cours, l\u2019\u00e9quipement de plong\u00e9e n\u2019est pas compris dans le prix du forfait.<\/p>\n<p>[\/et_pb_accordion_item][et_pb_accordion_item title=\u00a0\u00bbQuand s\u2019effectuent les paiements des plong\u00e9es ?\u00a0\u00bb _builder_version=\u00a0\u00bb4.16&Prime; global_colors_info=\u00a0\u00bb{}\u00a0\u00bb toggle_level=\u00a0\u00bbh2&Prime; toggle_font=\u00a0\u00bb|700|||||||\u00a0\u00bb open=\u00a0\u00bboff\u00a0\u00bb]<\/p>\n<p>Pour nos forfaits de plong\u00e9e, nous acceptons le r\u00e8glement en esp\u00e8ces, en \u20ac , et ce, d\u00e8s votre arriv\u00e9e sur le bateau. Nous acceptions \u00e9galement les r\u00e8glements par carte de cr\u00e9dit, mais des frais bancaires, de 2.5%, seront rajout\u00e9s au prix du forfait.<\/p>\n<p>[\/et_pb_accordion_item][et_pb_accordion_item title=\u00a0\u00bbPuis-je prendre quelques jours de repos dans mes forfaits de plong\u00e9e ?\u00a0\u00bb _builder_version=\u00a0\u00bb4.16&Prime; global_colors_info=\u00a0\u00bb{}\u00a0\u00bb toggle_level=\u00a0\u00bbh2&Prime; toggle_font=\u00a0\u00bb|700|||||||\u00a0\u00bb open=\u00a0\u00bboff\u00a0\u00bb]<\/p>\n<p>Oui, vous pouvez faire une pause dans votre forfait.<\/p>\n<p>[\/et_pb_accordion_item][et_pb_accordion_item title=\u00a0\u00bbFaites-vous des sorties en mer tous les jours?\u00a0\u00bb _builder_version=\u00a0\u00bb4.16&Prime; global_colors_info=\u00a0\u00bb{}\u00a0\u00bb toggle_level=\u00a0\u00bbh2&Prime; toggle_font=\u00a0\u00bb|700|||||||\u00a0\u00bb open=\u00a0\u00bboff\u00a0\u00bb]<\/p>\n<p style=\"margin: 0cm; margin-bottom: .0001pt; vertical-align: baseline;\"><span style=\"font-size: 10.5pt; font-family: 'Arial','sans-serif'; color: #666666;\">Oui, nous sortons en mer tous les jours, sauf lorsque les conditions m\u00e9t\u00e9orologiques ne sont pas jug\u00e9es sures par les gardes de cote<o:p><\/o:p><\/span>.<\/p>\n<p>.<\/p>\n<p>[\/et_pb_accordion_item][et_pb_accordion_item title=\u00a0\u00bbComment sont les conditions climatiques \u00e0 Hurghada ?\u00a0\u00bb _builder_version=\u00a0\u00bb4.16&Prime; global_colors_info=\u00a0\u00bb{}\u00a0\u00bb toggle_level=\u00a0\u00bbh2&Prime; toggle_font=\u00a0\u00bb|700|||||||\u00a0\u00bb open=\u00a0\u00bboff\u00a0\u00bb]<\/p>\n<p>En hiver, la temp\u00e9rature moyenne \u00e0 Hurghada est de 26 degr\u00e9s, et la temp\u00e9rature de l\u2019eau entre 20 et 22 degr\u00e9s. En \u00e9t\u00e9, le temps est consid\u00e9rablement plus chaud\u00a0: des temp\u00e9ratures oscillent entre 32 et 45 degr\u00e9s et l\u2019eau jusqu\u2019\u00e0 30 degr\u00e9s.<\/p>\n<p>[\/et_pb_accordion_item][et_pb_accordion_item title=\u00a0\u00bbEst-ce que vous travaillez en hiver ?\u00a0\u00bb _builder_version=\u00a0\u00bb4.16&Prime; global_colors_info=\u00a0\u00bb{}\u00a0\u00bb toggle_level=\u00a0\u00bbh2&Prime; toggle_font=\u00a0\u00bb|700|||||||\u00a0\u00bb open=\u00a0\u00bboff\u00a0\u00bb]<\/p>\n<p>Oui, nous travaillons toute l\u2019ann\u00e9e. Nous vous fournissons des combinaisons\u00a0 adapt\u00e9es \u00e0 la saison.<\/p>\n<p>Comme le temps est tr\u00e8s agr\u00e9able \u00e0 Hurghada, vous pouvez plonger toute l\u2019ann\u00e9e.<\/p>\n<p>[\/et_pb_accordion_item][et_pb_accordion_item title=\u00a0\u00bbQuel est le programme de vos sorties en mer ?\u00a0\u00bb _builder_version=\u00a0\u00bb4.16&Prime; global_colors_info=\u00a0\u00bb{}\u00a0\u00bb toggle_level=\u00a0\u00bbh2&Prime; toggle_font=\u00a0\u00bb|700|||||||\u00a0\u00bb open=\u00a0\u00bboff\u00a0\u00bb]<\/p>\n<p>7:00 \u2013 8:45 Prise en charge de votre h\u00f4tel jusqu\u2019au bateau \u00ab Sweet Maya \u00bb<\/p>\n<p>8:50 \u2013 9:00 9:00 -9:15 D\u00e9part du port.<br \/> La 1\u00e9re et la seconde plong\u00e9e seront programm\u00e9es en fonction du temps de navigation sur les sites de plong\u00e9e.<br \/> 12:00 \u2013 12:30 Le repas sera servi entre les 2 plong\u00e9es.<\/p>\n<p>16:30 \u2013 17:00 Retour au port.<br \/> Transfert \u00e0 votre Hotel.<br \/> Le temps peut varier en fonction du temps et des sites de plong\u00e9es que nous pr\u00e9voyons sur la journ\u00e9e.<\/p>\n<p>[\/et_pb_accordion_item][\/et_pb_accordion][\/et_pb_column][\/et_pb_row][\/et_pb_section][et_pb_section fb_built=\u00a0\u00bb1&Prime; _builder_version=\u00a0\u00bb4.9.10&Prime; _module_preset=\u00a0\u00bbdefault\u00a0\u00bb background_color=\u00a0\u00bb#000144&Prime; global_module=\u00a0\u00bb537&Prime; saved_tabs=\u00a0\u00bball\u00a0\u00bb global_colors_info=\u00a0\u00bb{}\u00a0\u00bb][et_pb_row column_structure=\u00a0\u00bb1_3,1_3,1_3&Prime; use_custom_gutter=\u00a0\u00bbon\u00a0\u00bb gutter_width=\u00a0\u00bb4&Prime; make_equal=\u00a0\u00bbon\u00a0\u00bb _builder_version=\u00a0\u00bb4.16&Prime; _module_preset=\u00a0\u00bbdefault\u00a0\u00bb width=\u00a0\u00bb100%\u00a0\u00bb max_width=\u00a0\u00bb1431px\u00a0\u00bb custom_padding=\u00a0\u00bb|||14px|false|false\u00a0\u00bb global_colors_info=\u00a0\u00bb{}\u00a0\u00bb][et_pb_column type=\u00a0\u00bb1_3&Prime; _builder_version=\u00a0\u00bb4.16&Prime; _module_preset=\u00a0\u00bbdefault\u00a0\u00bb global_colors_info=\u00a0\u00bb{}\u00a0\u00bb][et_pb_text _builder_version=\u00a0\u00bb4.16&Prime; _module_preset=\u00a0\u00bbdefault\u00a0\u00bb text_font=\u00a0\u00bbPoppins|600|||||||\u00a0\u00bb text_font_size=\u00a0\u00bb18px\u00a0\u00bb background_layout=\u00a0\u00bbdark\u00a0\u00bb custom_padding=\u00a0\u00bb||14px||false|false\u00a0\u00bb global_colors_info=\u00a0\u00bb{}\u00a0\u00bb]<\/p>\n<p>Liens:<\/p>\n<p>[\/et_pb_text][et_pb_text _builder_version=\u00a0\u00bb4.16&Prime; _module_preset=\u00a0\u00bbdefault\u00a0\u00bb text_font=\u00a0\u00bbPoppins||||||||\u00a0\u00bb text_line_height=\u00a0\u00bb1.6em\u00a0\u00bb background_layout=\u00a0\u00bbdark\u00a0\u00bb custom_margin=\u00a0\u00bb-40px||||false|false\u00a0\u00bb text_font_size_tablet=\u00a0\u00bb\u00a0\u00bb text_font_size_phone=\u00a0\u00bb\u00a0\u00bb text_font_size_last_edited=\u00a0\u00bbon|phone\u00a0\u00bb global_colors_info=\u00a0\u00bb{}\u00a0\u00bb]<\/p>\n<p><a href=\"\/fr\/\" title=\"Plongee hurghada\">Page d&rsquo;acceuil<\/a><\/p>\n<p><a href=\"\/fr\/plonger-a-hurghada\/\" title=\"plonger a hurghada\">Plonger \u00e0 Hurghada<\/a><\/p>\n<p><a href=\"\/fr\/cours-de-plongee-hurghada\/\" title=\"cours de plongee\">Les cours de plong\u00e9e \u00e0 Hurghada<\/a><\/p>\n<p>[\/et_pb_text][\/et_pb_column][et_pb_column type=\u00a0\u00bb1_3&Prime; _builder_version=\u00a0\u00bb4.16&Prime; _module_preset=\u00a0\u00bbdefault\u00a0\u00bb global_colors_info=\u00a0\u00bb{}\u00a0\u00bb][et_pb_text _builder_version=\u00a0\u00bb4.16&Prime; _module_preset=\u00a0\u00bbdefault\u00a0\u00bb text_font=\u00a0\u00bbPoppins|600|||||||\u00a0\u00bb text_font_size=\u00a0\u00bb18px\u00a0\u00bb background_layout=\u00a0\u00bbdark\u00a0\u00bb custom_padding=\u00a0\u00bb||19px||false|false\u00a0\u00bb global_colors_info=\u00a0\u00bb{}\u00a0\u00bb]<\/p>\n<p>Adresse:<\/p>\n<p>[\/et_pb_text][et_pb_text _builder_version=\u00a0\u00bb4.16&Prime; _module_preset=\u00a0\u00bbdefault\u00a0\u00bb text_font=\u00a0\u00bbPoppins|500|||||||\u00a0\u00bb background_layout=\u00a0\u00bbdark\u00a0\u00bb custom_margin=\u00a0\u00bb-40px||||false|false\u00a0\u00bb global_colors_info=\u00a0\u00bb{}\u00a0\u00bb]<\/p>\n<p>107 Rue Abu Ramada\u00a0 &#8211; A cot\u00e9 de l&rsquo;h\u00f4tel Meraki<\/p>\n<p>[\/et_pb_text][et_pb_button button_url=\u00a0\u00bbhttps:\/\/g.page\/r\/CTG0FRo9Bz0mEAE\u00a0\u00bb url_new_window=\u00a0\u00bbon\u00a0\u00bb button_text=\u00a0\u00bbItin\u00e9raire\u00a0\u00bb _builder_version=\u00a0\u00bb4.16&Prime; _module_preset=\u00a0\u00bbdefault\u00a0\u00bb custom_button=\u00a0\u00bbon\u00a0\u00bb button_text_color=\u00a0\u00bb#FFFFFF\u00a0\u00bb button_bg_color=\u00a0\u00bb#0C71C3&Prime; button_border_width=\u00a0\u00bb0px\u00a0\u00bb button_border_radius=\u00a0\u00bb11px\u00a0\u00bb global_colors_info=\u00a0\u00bb{}\u00a0\u00bb][\/et_pb_button][\/et_pb_column][et_pb_column type=\u00a0\u00bb1_3&Prime; _builder_version=\u00a0\u00bb4.16&Prime; _module_preset=\u00a0\u00bbdefault\u00a0\u00bb global_colors_info=\u00a0\u00bb{}\u00a0\u00bb][et_pb_text _builder_version=\u00a0\u00bb4.16&Prime; _module_preset=\u00a0\u00bbdefault\u00a0\u00bb text_font=\u00a0\u00bbPoppins|600|||||||\u00a0\u00bb background_layout=\u00a0\u00bbdark\u00a0\u00bb custom_margin=\u00a0\u00bb||17px|||\u00a0\u00bb global_colors_info=\u00a0\u00bb{}\u00a0\u00bb]<\/p>\n<p>Suivez-nous:<\/p>\n<p>[\/et_pb_text][et_pb_social_media_follow follow_button=\u00a0\u00bbon\u00a0\u00bb _builder_version=\u00a0\u00bb4.16&Prime; background_layout=\u00a0\u00bbdark\u00a0\u00bb border_radii=\u00a0\u00bbon|100%|100%|100%|100%\u00a0\u00bb link_shape=\u00a0\u00bbcircle\u00a0\u00bb global_colors_info=\u00a0\u00bb{}\u00a0\u00bb][et_pb_social_media_follow_network social_network=\u00a0\u00bbfacebook\u00a0\u00bb url=\u00a0\u00bbhttps:\/\/www.facebook.com\/divingstrplongeHurghada\/\u00a0\u00bb _builder_version=\u00a0\u00bb4.16&Prime; background_color=\u00a0\u00bb#3b5998&Prime; bg_color=\u00a0\u00bb#3b5998&Prime; global_colors_info=\u00a0\u00bb{}\u00a0\u00bb follow_button=\u00a0\u00bbon\u00a0\u00bb url_new_window=\u00a0\u00bbon\u00a0\u00bb]facebook[\/et_pb_social_media_follow_network][et_pb_social_media_follow_network social_network=\u00a0\u00bbinstagram\u00a0\u00bb url=\u00a0\u00bbhttps:\/\/www.instagram.com\/divingstar\/\u00a0\u00bb _builder_version=\u00a0\u00bb4.16&Prime; background_color=\u00a0\u00bb#517fa4&Prime; bg_color=\u00a0\u00bb#517fa4&Prime; global_colors_info=\u00a0\u00bb{}\u00a0\u00bb follow_button=\u00a0\u00bbon\u00a0\u00bb url_new_window=\u00a0\u00bbon\u00a0\u00bb]instagram[\/et_pb_social_media_follow_network][et_pb_social_media_follow_network social_network=\u00a0\u00bbyoutube\u00a0\u00bb url=\u00a0\u00bbhttps:\/\/www.youtube.com\/c\/Diving-star\u00a0\u00bb _builder_version=\u00a0\u00bb4.16&Prime; background_color=\u00a0\u00bb#a82400&Prime; bg_color=\u00a0\u00bb#a82400&Prime; global_colors_info=\u00a0\u00bb{}\u00a0\u00bb follow_button=\u00a0\u00bbon\u00a0\u00bb url_new_window=\u00a0\u00bbon\u00a0\u00bb]youtube[\/et_pb_social_media_follow_network][\/et_pb_social_media_follow][et_pb_text _builder_version=\u00a0\u00bb4.16&Prime; _module_preset=\u00a0\u00bbdefault\u00a0\u00bb text_font=\u00a0\u00bbPoppins||||||||\u00a0\u00bb background_layout=\u00a0\u00bbdark\u00a0\u00bb custom_margin=\u00a0\u00bb-40px||||false|false\u00a0\u00bb global_colors_info=\u00a0\u00bb{}\u00a0\u00bb]<\/p>\n<p>R\u00e9server avec nous :<\/p>\n<p><a href=\"\/fr\/reservez-votre-plongee-quotidienne-avec-nous\" title=\"Plong\u00e9e quotidienne\">Plong\u00e9e quotidienne<\/a><\/p>\n<p><a href=\"\/fr\/reservation-des-cours\" title=\"Les cours de plong\u00e9e\">Les cours de plong\u00e9e<\/a><\/p>\n<p>[\/et_pb_text][\/et_pb_column][\/et_pb_row][\/et_pb_section]<\/p>\n","protected":false},"excerpt":{"rendered":"<p>Oui, biens\u00fbr\u00a0!! Hurghada est l\u2019endroit parfait\u00a0: il y a plus de 40 sites de plong\u00e9e que vous pouvez d\u00e9couvrir, l\u2019eau est claire et la vie (animale et min\u00e9rale) sous-marine est tr\u00e8s diversifi\u00e9e. De plus, l\u2019eau est chaude toute l\u2019ann\u00e9e\u00a0! Des forfaits de plong\u00e9e uniques selon vos besoins.Les prix varient en fonction de vos choix de [&hellip;]<\/p>\n","protected":false},"author":1,"featured_media":0,"parent":0,"menu_order":0,"comment_status":"closed","ping_status":"closed","template":"","meta":{"_et_pb_use_builder":"on","_et_pb_old_content":"<!-- wp:divi\/placeholder \/-->","_et_gb_content_width":"","footnotes":""},"class_list":["post-247","page","type-page","status-publish","hentry"],"_links":{"self":[{"href":"https:\/\/www.diving-star.com\/fr\/wp-json\/wp\/v2\/pages\/247","targetHints":{"allow":["GET"]}}],"collection":[{"href":"https:\/\/www.diving-star.com\/fr\/wp-json\/wp\/v2\/pages"}],"about":[{"href":"https:\/\/www.diving-star.com\/fr\/wp-json\/wp\/v2\/types\/page"}],"author":[{"embeddable":true,"href":"https:\/\/www.diving-star.com\/fr\/wp-json\/wp\/v2\/users\/1"}],"replies":[{"embeddable":true,"href":"https:\/\/www.diving-star.com\/fr\/wp-json\/wp\/v2\/comments?post=247"}],"version-history":[{"count":2,"href":"https:\/\/www.diving-star.com\/fr\/wp-json\/wp\/v2\/pages\/247\/revisions"}],"predecessor-version":[{"id":1163,"href":"https:\/\/www.diving-star.com\/fr\/wp-json\/wp\/v2\/pages\/247\/revisions\/1163"}],"wp:attachment":[{"href":"https:\/\/www.diving-star.com\/fr\/wp-json\/wp\/v2\/media?parent=247"}],"curies":[{"name":"wp","href":"https:\/\/api.w.org\/{rel}","templated":true}]}}