{"id":1218,"date":"2022-10-31T15:17:34","date_gmt":"2022-10-31T15:17:34","guid":{"rendered":"https:\/\/www.diving-star.com\/fr\/?page_id=1218"},"modified":"2022-11-12T18:54:01","modified_gmt":"2022-11-12T18:54:01","slug":"le-recif-de-elphinstone","status":"publish","type":"page","link":"https:\/\/www.diving-star.com\/fr\/le-recif-de-elphinstone\/","title":{"rendered":"Le r\u00e9cif de Elphinstone"},"content":{"rendered":"<p>[et_pb_section fb_built=\u00a0\u00bb1&Prime; fullwidth=\u00a0\u00bbon\u00a0\u00bb _builder_version=\u00a0\u00bb4.17.4&Prime; _module_preset=\u00a0\u00bb77a56014-0a61-4f9c-8890-14f3400d7f7d\u00a0\u00bb global_colors_info=\u00a0\u00bb{}\u00a0\u00bb][et_pb_fullwidth_header title=\u00a0\u00bbElphinstone\u00a0\u00bb text_orientation=\u00a0\u00bbcenter\u00a0\u00bb header_fullscreen=\u00a0\u00bbon\u00a0\u00bb background_overlay_color=\u00a0\u00bbrgba(0,0,0,0)\u00a0\u00bb _builder_version=\u00a0\u00bb4.18.0&Prime; _module_preset=\u00a0\u00bbdefault\u00a0\u00bb background_enable_color=\u00a0\u00bboff\u00a0\u00bb background_image=\u00a0\u00bbhttps:\/\/www.diving-star.com\/fr\/wp-content\/uploads\/2022\/10\/elphinstone-1.jpg\u00a0\u00bb global_colors_info=\u00a0\u00bb{}\u00a0\u00bb][\/et_pb_fullwidth_header][\/et_pb_section][et_pb_section fb_built=\u00a0\u00bb1&Prime; _builder_version=\u00a0\u00bb4.18.1&Prime; _module_preset=\u00a0\u00bbdefault\u00a0\u00bb background_color=\u00a0\u00bbgcid-be33c8e1-99aa-4b28-b01c-e4eaf8859ad0&Prime; global_colors_info=\u00a0\u00bb{%22gcid-be33c8e1-99aa-4b28-b01c-e4eaf8859ad0%22:%91%22background_color%22%93}\u00a0\u00bb][et_pb_row column_structure=\u00a0\u00bb3_5,2_5&Prime; _builder_version=\u00a0\u00bb4.17.4&Prime; _module_preset=\u00a0\u00bbdefault\u00a0\u00bb global_colors_info=\u00a0\u00bb{}\u00a0\u00bb][et_pb_column type=\u00a0\u00bb3_5&Prime; _builder_version=\u00a0\u00bb4.17.4&Prime; _module_preset=\u00a0\u00bbdefault\u00a0\u00bb global_colors_info=\u00a0\u00bb{}\u00a0\u00bb][et_pb_blurb title=\u00a0\u00bbLE RECIF D&rsquo;ELPHINSTONE \u00a0\u00bb _builder_version=\u00a0\u00bb4.18.0&Prime; _module_preset=\u00a0\u00bbdefault\u00a0\u00bb background_layout=\u00a0\u00bbdark\u00a0\u00bb global_colors_info=\u00a0\u00bb{}\u00a0\u00bb]<\/p>\n<p>C\u2019est un site de plong\u00e9e unique et probablement le plus c\u00e9l\u00e8bre de la Mer Rouge. C\u2019est \u00e0 cet endroit que les plongeurs peuvent d\u00e9couvrir sa caract\u00e9ristique qui en fait sa popularit\u00e9 : une vie sous-marine tr\u00e8s abondante. C\u2019est le meilleur endroit de la Mer Rouge pour plonger avec plusieurs esp\u00e8ces de requins, y compris le requin oc\u00e9anique \u00e0 pointe blanche (Carcharhinus longimanus). Peut-\u00eatre pensez-vous que voir des p\u00e9lagiques comme ceux-l\u00e0 n\u2019est possible que dans un site intact et situ\u00e9 au milieu de nulle part\u2026en fait, il n\u2019est qu\u2019\u00e0 9km de la c\u00f4te, ce qui le rend accessible par bateaux de plong\u00e9es, pour 1 journ\u00e9e, dans la zone de Marsa Alam.<\/p>\n<p>[\/et_pb_blurb][et_pb_code _builder_version=\u00a0\u00bb4.18.1&Prime; _module_preset=\u00a0\u00bbdefault\u00a0\u00bb global_colors_info=\u00a0\u00bb{}\u00a0\u00bb]<!-- ipanorama begin --><div class=\"ipanorama ipnrm-3\" data-json-src=\"https:\/\/www.diving-star.com\/fr\/wp-json\/ipanorama\/v1\/item\/3\" data-item-id=\"3\" style=\"display:none;\"><div class=\"ipnrm-store\" style=\"display:none;\">\n<div class=\"ipnrm-scene\" data-scene-id=\"EE77EEFF54\">\n<div class=\"ipnrm-markers-data\">\n<\/div>\n<div class=\"ipnrm-tooltips-data\">\n<\/div>\n<div class=\"ipnrm-popovers-data\">\n<\/div>\n<\/div>\n<\/div><\/div><!-- ipanorama end -->[\/et_pb_code][et_pb_divider color=\u00a0\u00bb#FFFFFF\u00a0\u00bb divider_style=\u00a0\u00bboutset\u00a0\u00bb _builder_version=\u00a0\u00bb4.17.4&Prime; _module_preset=\u00a0\u00bbdefault\u00a0\u00bb global_colors_info=\u00a0\u00bb{}\u00a0\u00bb][\/et_pb_divider][et_pb_blurb title=\u00a0\u00bbO\u00f9 se trouve Elphinstone ?\u00a0\u00bb _builder_version=\u00a0\u00bb4.18.0&Prime; _module_preset=\u00a0\u00bbdefault\u00a0\u00bb background_layout=\u00a0\u00bbdark\u00a0\u00bb global_colors_info=\u00a0\u00bb{}\u00a0\u00bb]<\/p>\n<p>Le r\u00e9cif est situ\u00e9 assez pr\u00e8s de la c\u00f4te, \u00e0 seulement 26km au nord de Marsa Alam et \u00e0 9km de la c\u00f4te<\/p>\n<p>[\/et_pb_blurb][et_pb_map address=\u00a0\u00bbelphinstone\u00a0\u00bb zoom_level=\u00a0\u00bb13&Prime; address_lat=\u00a0\u00bb25.3095025&Prime; address_lng=\u00a0\u00bb34.8604345&Prime; _builder_version=\u00a0\u00bb4.19.0&Prime; _module_preset=\u00a0\u00bbdefault\u00a0\u00bb hover_enabled=\u00a0\u00bb0&Prime; global_colors_info=\u00a0\u00bb{}\u00a0\u00bb sticky_enabled=\u00a0\u00bb0&Prime;][et_pb_map_pin _builder_version=\u00a0\u00bb4.19.0&Prime; _module_preset=\u00a0\u00bbdefault\u00a0\u00bb pin_address=\u00a0\u00bbelphinstone\u00a0\u00bb hover_enabled=\u00a0\u00bb0&Prime; sticky_enabled=\u00a0\u00bb0&Prime;][\/et_pb_map_pin][\/et_pb_map][et_pb_blurb title=\u00a0\u00bbComment s\u2019y rendre ?\u00a0\u00bb _builder_version=\u00a0\u00bb4.18.0&Prime; _module_preset=\u00a0\u00bbdefault\u00a0\u00bb background_layout=\u00a0\u00bbdark\u00a0\u00bb global_colors_info=\u00a0\u00bb{}\u00a0\u00bb]<\/p>\n<p>Vous pouvez vous y rendre soit en bateau de plong\u00e9e pour 1 journ\u00e9e soit en safari, croisi\u00e8re. L\u2019avantage de la croisi\u00e8re est que vous pouvez plonger t\u00f4t le matin ou tard le soir et ne pas \u00eatre g\u00eaner par les nombreux plongeurs qui viennent le d\u00e9couvrir que pour 1 journ\u00e9e (forte fr\u00e9quentation en haute saison)<\/p>\n<p>[\/et_pb_blurb][et_pb_divider color=\u00a0\u00bb#FFFFFF\u00a0\u00bb divider_style=\u00a0\u00bboutset\u00a0\u00bb _builder_version=\u00a0\u00bb4.17.4&Prime; _module_preset=\u00a0\u00bbdefault\u00a0\u00bb global_colors_info=\u00a0\u00bb{}\u00a0\u00bb][\/et_pb_divider][et_pb_blurb title=\u00a0\u00bbQui peut plonger \u00e0 Elphinstone ?\u00a0\u00bb _builder_version=\u00a0\u00bb4.18.0&Prime; _module_preset=\u00a0\u00bbdefault\u00a0\u00bb background_layout=\u00a0\u00bbdark\u00a0\u00bb global_colors_info=\u00a0\u00bb{}\u00a0\u00bb]<\/p>\n<p>Tous les niveaux sont acceptables avec un minimum de 20 plong\u00e9es enregistr\u00e9es. Le r\u00e9cif d\u2019Elphinstone a beaucoup de zones suffisamment profondes pour que les plongeurs niveau Open Water puissent en profiter. Toutefois, les courants peuvent \u00eatre parfois forts. Il ne s\u2019agit pas d\u2019un site adapt\u00e9 aux \u2018jeunes\u2019 plongeurs ou inexp\u00e9riment\u00e9s<\/p>\n<p>[\/et_pb_blurb][et_pb_divider color=\u00a0\u00bb#FFFFFF\u00a0\u00bb divider_style=\u00a0\u00bboutset\u00a0\u00bb _builder_version=\u00a0\u00bb4.17.4&Prime; _module_preset=\u00a0\u00bbdefault\u00a0\u00bb global_colors_info=\u00a0\u00bb{}\u00a0\u00bb][\/et_pb_divider][et_pb_blurb title=\u00a0\u00bbA quoi ressemble le r\u00e9cif Elphinstone ?\u00a0\u00bb _builder_version=\u00a0\u00bb4.18.0&Prime; _module_preset=\u00a0\u00bbdefault\u00a0\u00bb background_layout=\u00a0\u00bbdark\u00a0\u00bb global_colors_info=\u00a0\u00bb{}\u00a0\u00bb]<\/p>\n<p>Vous pourrez \u00eatre surpris de voir que cette minuscule t\u00e2che sur les cartes, en forme de doigts de 300 m\u00e8tres, de 20 \u00e0 40 m\u00e8tres de large, cache de magnifiques tr\u00e9sors.<br \/>Ce ruban de r\u00e9cif s\u2019\u00e9tend approximativement du Nord au Sud. Sa section centrale peut g\u00e9n\u00e9ralement \u00eatre vue de la surface car elle n\u2019est qu\u2019\u00e0 1 ou 2 m\u00e8tres de la surface. Cependant, le r\u00e9cif descend jusqu\u2019\u00e0 40 m\u00e8tres au Sud et 42 m\u00e8tres au Nord, accessible en descendant par \u00e9tapes.<br \/>En allant plus loin au Nord ou au Sud, vous pourrez descendre pr\u00e8s de falaises verticales. Sur la c\u00f4te Est, vous verrez aussi une chute presque perpendiculaire, tandis qu\u2019\u00e0 l\u2019ouest, le r\u00e9cif est moins raide et l\u00e9g\u00e8rement plus sablonneux, avec quelques surplombs et de petites grottes.<br \/>A l\u2019\u00e9poque de son enregistrement dans les registres de bord des navires en 1827, personne ne pouvait dire \u00e0 quelle profondeur ce r\u00e9cif profondeur se situait ; seul le commentaire du Capitaine Denton, de la marine britannique figurait : \u00ab loin de la c\u00f4te \u00e9gyptienne, environ 3 lieues. Il est raide et est \u00e0 une distance d\u2019un demi mille, aucun terrain \u00e0 100 brasses \u00bb<br \/>Tout ce que l\u2019on peut dire, c\u2019est que la profondeur descend \u00e0 plusieurs centaines de m\u00e8tres sous l\u2019eau, cr\u00e9ant ainsi de beaux contrastes de bleus, avec de nombreux types de coraux color\u00e9s, en particulier des coraux mous violets et roses et de splendides gorgones rouges dont les tentacules se d\u00e9placent lentement, au gr\u00e9 des forts courants marins.<br \/>A l\u2019extr\u00e9mit\u00e9 Sud du r\u00e9cif, vous pourrez voir l\u2019arche du sarcophage, dangereusement s\u00e9duisante, entre 50 et 65 m\u00e8tres de profondeur.<br \/>Une l\u00e9gende dit que l\u2019un des pharaons a \u00e9t\u00e9 enterr\u00e9 ici et vous pourrez, malgr\u00e9 la faible lumi\u00e8re, apercevoir la forme d\u2019une masse en forme de sarcophage, incrust\u00e9 de coraux.<br \/>Ce type de profondeur, loin du rivage, est r\u00e9serv\u00e9 aux plongeurs tr\u00e8s avanc\u00e9s et exp\u00e9riment\u00e9s.<br \/>A 42 m\u00e8tres de profondeur, il y a 2 patates de coraux, sur la plateau Nord, mais la plupart des plongeurs ne descendent pas plus bas que 30 m\u00e8tres, car ce r\u00e9cif offre tellement de choses \u00e0 explorer sur toute sa longueur.<br \/>La visibilit\u00e9 est g\u00e9n\u00e9ralement bonne \u00e0 une moyenne de 20 m\u00e8tres.<\/p>\n<p>[\/et_pb_blurb][\/et_pb_column][et_pb_column type=\u00a0\u00bb2_5&Prime; _builder_version=\u00a0\u00bb4.17.4&Prime; _module_preset=\u00a0\u00bbdefault\u00a0\u00bb global_colors_info=\u00a0\u00bb{}\u00a0\u00bb][et_pb_gallery gallery_ids=\u00a0\u00bb1222,1230&Prime; posts_number=\u00a0\u00bb6&Prime; show_title_and_caption=\u00a0\u00bboff\u00a0\u00bb show_pagination=\u00a0\u00bboff\u00a0\u00bb _builder_version=\u00a0\u00bb4.18.1&Prime; _module_preset=\u00a0\u00bbdefault\u00a0\u00bb global_colors_info=\u00a0\u00bb{}\u00a0\u00bb][\/et_pb_gallery][et_pb_code _builder_version=\u00a0\u00bb4.18.1&Prime; _module_preset=\u00a0\u00bbdefault\u00a0\u00bb global_colors_info=\u00a0\u00bb{}\u00a0\u00bb]<!-- ipanorama begin --><div class=\"ipanorama ipnrm-4\" data-json-src=\"https:\/\/www.diving-star.com\/fr\/wp-json\/ipanorama\/v1\/item\/4\" data-item-id=\"4\" style=\"display:none;\"><div class=\"ipnrm-store\" style=\"display:none;\">\n<div class=\"ipnrm-scene\" data-scene-id=\"A58B614CA2\">\n<div class=\"ipnrm-markers-data\">\n<\/div>\n<div class=\"ipnrm-tooltips-data\">\n<\/div>\n<div class=\"ipnrm-popovers-data\">\n<\/div>\n<\/div>\n<\/div><\/div><!-- ipanorama end -->[\/et_pb_code][et_pb_code _builder_version=\u00a0\u00bb4.18.1&Prime; _module_preset=\u00a0\u00bbdefault\u00a0\u00bb global_colors_info=\u00a0\u00bb{}\u00a0\u00bb]<!-- ipanorama begin --><div class=\"ipanorama ipnrm-5\" data-json-src=\"https:\/\/www.diving-star.com\/fr\/wp-json\/ipanorama\/v1\/item\/5\" data-item-id=\"5\" style=\"display:none;\"><div class=\"ipnrm-store\" style=\"display:none;\">\n<div class=\"ipnrm-scene\" data-scene-id=\"27687720D1\">\n<div class=\"ipnrm-markers-data\">\n<\/div>\n<div class=\"ipnrm-tooltips-data\">\n<\/div>\n<div class=\"ipnrm-popovers-data\">\n<\/div>\n<\/div>\n<\/div><\/div><!-- ipanorama end -->[\/et_pb_code][et_pb_code _builder_version=\u00a0\u00bb4.18.1&Prime; _module_preset=\u00a0\u00bbdefault\u00a0\u00bb global_colors_info=\u00a0\u00bb{}\u00a0\u00bb]<!-- ipanorama begin --><div class=\"ipanorama ipnrm-6\" data-json-src=\"https:\/\/www.diving-star.com\/fr\/wp-json\/ipanorama\/v1\/item\/6\" data-item-id=\"6\" style=\"display:none;\"><div class=\"ipnrm-store\" style=\"display:none;\">\n<div class=\"ipnrm-scene\" data-scene-id=\"86F3EA8002\">\n<div class=\"ipnrm-markers-data\">\n<\/div>\n<div class=\"ipnrm-tooltips-data\">\n<\/div>\n<div class=\"ipnrm-popovers-data\">\n<\/div>\n<\/div>\n<\/div><\/div><!-- ipanorama end -->[\/et_pb_code][\/et_pb_column][\/et_pb_row][et_pb_row _builder_version=\u00a0\u00bb4.18.0&Prime; _module_preset=\u00a0\u00bbdefault\u00a0\u00bb global_colors_info=\u00a0\u00bb{}\u00a0\u00bb][et_pb_column type=\u00a0\u00bb4_4&Prime; _builder_version=\u00a0\u00bb4.18.0&Prime; _module_preset=\u00a0\u00bbdefault\u00a0\u00bb global_colors_info=\u00a0\u00bb{}\u00a0\u00bb][et_pb_button button_url=\u00a0\u00bb\/fr\/croisiere\/\u00a0\u00bb button_text=\u00a0\u00bbRetour \u00e0 la page d&rsquo;accueil Croisi\u00e8re\u00a0\u00bb button_alignment=\u00a0\u00bbcenter\u00a0\u00bb _builder_version=\u00a0\u00bb4.18.0&Prime; _module_preset=\u00a0\u00bbdefault\u00a0\u00bb custom_button=\u00a0\u00bbon\u00a0\u00bb button_text_color=\u00a0\u00bb#FFFFFF\u00a0\u00bb global_colors_info=\u00a0\u00bb{}\u00a0\u00bb][\/et_pb_button][\/et_pb_column][\/et_pb_row][\/et_pb_section][et_pb_section fb_built=\u00a0\u00bb1&Prime; _builder_version=\u00a0\u00bb4.9.10&Prime; _module_preset=\u00a0\u00bbdefault\u00a0\u00bb background_color=\u00a0\u00bb#000144&Prime; global_module=\u00a0\u00bb537&Prime; saved_tabs=\u00a0\u00bball\u00a0\u00bb global_colors_info=\u00a0\u00bb{}\u00a0\u00bb][et_pb_row column_structure=\u00a0\u00bb1_3,1_3,1_3&Prime; use_custom_gutter=\u00a0\u00bbon\u00a0\u00bb gutter_width=\u00a0\u00bb4&Prime; make_equal=\u00a0\u00bbon\u00a0\u00bb _builder_version=\u00a0\u00bb4.16&Prime; _module_preset=\u00a0\u00bbdefault\u00a0\u00bb width=\u00a0\u00bb100%\u00a0\u00bb max_width=\u00a0\u00bb1431px\u00a0\u00bb custom_padding=\u00a0\u00bb|||14px|false|false\u00a0\u00bb global_colors_info=\u00a0\u00bb{}\u00a0\u00bb][et_pb_column type=\u00a0\u00bb1_3&Prime; _builder_version=\u00a0\u00bb4.16&Prime; _module_preset=\u00a0\u00bbdefault\u00a0\u00bb global_colors_info=\u00a0\u00bb{}\u00a0\u00bb][et_pb_text _builder_version=\u00a0\u00bb4.16&Prime; _module_preset=\u00a0\u00bbdefault\u00a0\u00bb text_font=\u00a0\u00bbPoppins|600|||||||\u00a0\u00bb text_font_size=\u00a0\u00bb18px\u00a0\u00bb background_layout=\u00a0\u00bbdark\u00a0\u00bb custom_padding=\u00a0\u00bb||14px||false|false\u00a0\u00bb global_colors_info=\u00a0\u00bb{}\u00a0\u00bb]<\/p>\n<p>Liens:<\/p>\n<p>[\/et_pb_text][et_pb_text _builder_version=\u00a0\u00bb4.16&Prime; _module_preset=\u00a0\u00bbdefault\u00a0\u00bb text_font=\u00a0\u00bbPoppins||||||||\u00a0\u00bb text_line_height=\u00a0\u00bb1.6em\u00a0\u00bb background_layout=\u00a0\u00bbdark\u00a0\u00bb custom_margin=\u00a0\u00bb-40px||||false|false\u00a0\u00bb text_font_size_tablet=\u00a0\u00bb\u00a0\u00bb text_font_size_phone=\u00a0\u00bb\u00a0\u00bb text_font_size_last_edited=\u00a0\u00bbon|phone\u00a0\u00bb global_colors_info=\u00a0\u00bb{}\u00a0\u00bb]<\/p>\n<p><a href=\"\/fr\/\" title=\"Plongee hurghada\">Page d&rsquo;acceuil<\/a><\/p>\n<p><a href=\"\/fr\/plonger-a-hurghada\/\" title=\"plonger a hurghada\">Plonger \u00e0 Hurghada<\/a><\/p>\n<p><a href=\"\/fr\/cours-de-plongee-hurghada\/\" title=\"cours de plongee\">Les cours de plong\u00e9e \u00e0 Hurghada<\/a><\/p>\n<p>[\/et_pb_text][\/et_pb_column][et_pb_column type=\u00a0\u00bb1_3&Prime; _builder_version=\u00a0\u00bb4.16&Prime; _module_preset=\u00a0\u00bbdefault\u00a0\u00bb global_colors_info=\u00a0\u00bb{}\u00a0\u00bb][et_pb_text _builder_version=\u00a0\u00bb4.16&Prime; _module_preset=\u00a0\u00bbdefault\u00a0\u00bb text_font=\u00a0\u00bbPoppins|600|||||||\u00a0\u00bb text_font_size=\u00a0\u00bb18px\u00a0\u00bb background_layout=\u00a0\u00bbdark\u00a0\u00bb custom_padding=\u00a0\u00bb||19px||false|false\u00a0\u00bb global_colors_info=\u00a0\u00bb{}\u00a0\u00bb]<\/p>\n<p>Adresse:<\/p>\n<p>[\/et_pb_text][et_pb_text _builder_version=\u00a0\u00bb4.16&Prime; _module_preset=\u00a0\u00bbdefault\u00a0\u00bb text_font=\u00a0\u00bbPoppins|500|||||||\u00a0\u00bb background_layout=\u00a0\u00bbdark\u00a0\u00bb custom_margin=\u00a0\u00bb-40px||||false|false\u00a0\u00bb global_colors_info=\u00a0\u00bb{}\u00a0\u00bb]<\/p>\n<p>107 Rue Abu Ramada\u00a0 &#8211; A cot\u00e9 de l&rsquo;h\u00f4tel Meraki<\/p>\n<p>[\/et_pb_text][et_pb_button button_url=\u00a0\u00bbhttps:\/\/g.page\/r\/CTG0FRo9Bz0mEAE\u00a0\u00bb url_new_window=\u00a0\u00bbon\u00a0\u00bb button_text=\u00a0\u00bbItin\u00e9raire\u00a0\u00bb _builder_version=\u00a0\u00bb4.16&Prime; _module_preset=\u00a0\u00bbdefault\u00a0\u00bb custom_button=\u00a0\u00bbon\u00a0\u00bb button_text_color=\u00a0\u00bb#FFFFFF\u00a0\u00bb button_bg_color=\u00a0\u00bb#0C71C3&Prime; button_border_width=\u00a0\u00bb0px\u00a0\u00bb button_border_radius=\u00a0\u00bb11px\u00a0\u00bb global_colors_info=\u00a0\u00bb{}\u00a0\u00bb][\/et_pb_button][\/et_pb_column][et_pb_column type=\u00a0\u00bb1_3&Prime; _builder_version=\u00a0\u00bb4.16&Prime; _module_preset=\u00a0\u00bbdefault\u00a0\u00bb global_colors_info=\u00a0\u00bb{}\u00a0\u00bb][et_pb_text _builder_version=\u00a0\u00bb4.16&Prime; _module_preset=\u00a0\u00bbdefault\u00a0\u00bb text_font=\u00a0\u00bbPoppins|600|||||||\u00a0\u00bb background_layout=\u00a0\u00bbdark\u00a0\u00bb custom_margin=\u00a0\u00bb||17px|||\u00a0\u00bb global_colors_info=\u00a0\u00bb{}\u00a0\u00bb]<\/p>\n<p>Suivez-nous:<\/p>\n<p>[\/et_pb_text][et_pb_social_media_follow follow_button=\u00a0\u00bbon\u00a0\u00bb _builder_version=\u00a0\u00bb4.16&Prime; background_layout=\u00a0\u00bbdark\u00a0\u00bb border_radii=\u00a0\u00bbon|100%|100%|100%|100%\u00a0\u00bb link_shape=\u00a0\u00bbcircle\u00a0\u00bb global_colors_info=\u00a0\u00bb{}\u00a0\u00bb][et_pb_social_media_follow_network social_network=\u00a0\u00bbfacebook\u00a0\u00bb url=\u00a0\u00bbhttps:\/\/www.facebook.com\/divingstrplongeHurghada\/\u00a0\u00bb _builder_version=\u00a0\u00bb4.16&Prime; background_color=\u00a0\u00bb#3b5998&Prime; bg_color=\u00a0\u00bb#3b5998&Prime; global_colors_info=\u00a0\u00bb{}\u00a0\u00bb follow_button=\u00a0\u00bbon\u00a0\u00bb url_new_window=\u00a0\u00bbon\u00a0\u00bb]facebook[\/et_pb_social_media_follow_network][et_pb_social_media_follow_network social_network=\u00a0\u00bbinstagram\u00a0\u00bb url=\u00a0\u00bbhttps:\/\/www.instagram.com\/divingstar\/\u00a0\u00bb _builder_version=\u00a0\u00bb4.16&Prime; background_color=\u00a0\u00bb#517fa4&Prime; bg_color=\u00a0\u00bb#517fa4&Prime; global_colors_info=\u00a0\u00bb{}\u00a0\u00bb follow_button=\u00a0\u00bbon\u00a0\u00bb url_new_window=\u00a0\u00bbon\u00a0\u00bb]instagram[\/et_pb_social_media_follow_network][et_pb_social_media_follow_network social_network=\u00a0\u00bbyoutube\u00a0\u00bb url=\u00a0\u00bbhttps:\/\/www.youtube.com\/c\/Diving-star\u00a0\u00bb _builder_version=\u00a0\u00bb4.16&Prime; background_color=\u00a0\u00bb#a82400&Prime; bg_color=\u00a0\u00bb#a82400&Prime; global_colors_info=\u00a0\u00bb{}\u00a0\u00bb follow_button=\u00a0\u00bbon\u00a0\u00bb url_new_window=\u00a0\u00bbon\u00a0\u00bb]youtube[\/et_pb_social_media_follow_network][\/et_pb_social_media_follow][et_pb_text _builder_version=\u00a0\u00bb4.16&Prime; _module_preset=\u00a0\u00bbdefault\u00a0\u00bb text_font=\u00a0\u00bbPoppins||||||||\u00a0\u00bb background_layout=\u00a0\u00bbdark\u00a0\u00bb custom_margin=\u00a0\u00bb-40px||||false|false\u00a0\u00bb global_colors_info=\u00a0\u00bb{}\u00a0\u00bb]<\/p>\n<p>R\u00e9server avec nous :<\/p>\n<p><a href=\"\/fr\/reservez-votre-plongee-quotidienne-avec-nous\" title=\"Plong\u00e9e quotidienne\">Plong\u00e9e quotidienne<\/a><\/p>\n<p><a href=\"\/fr\/reservation-des-cours\" title=\"Les cours de plong\u00e9e\">Les cours de plong\u00e9e<\/a><\/p>\n<p>[\/et_pb_text][\/et_pb_column][\/et_pb_row][\/et_pb_section]<\/p>\n","protected":false},"excerpt":{"rendered":"<p>C\u2019est un site de plong\u00e9e unique et probablement le plus c\u00e9l\u00e8bre de la Mer Rouge. C\u2019est \u00e0 cet endroit que les plongeurs peuvent d\u00e9couvrir sa caract\u00e9ristique qui en fait sa popularit\u00e9 : une vie sous-marine tr\u00e8s abondante. C\u2019est le meilleur endroit de la Mer Rouge pour plonger avec plusieurs esp\u00e8ces de requins, y compris le [&hellip;]<\/p>\n","protected":false},"author":1,"featured_media":0,"parent":0,"menu_order":0,"comment_status":"closed","ping_status":"closed","template":"","meta":{"_et_pb_use_builder":"on","_et_pb_old_content":"","_et_gb_content_width":"","footnotes":""},"class_list":["post-1218","page","type-page","status-publish","hentry"],"_links":{"self":[{"href":"https:\/\/www.diving-star.com\/fr\/wp-json\/wp\/v2\/pages\/1218","targetHints":{"allow":["GET"]}}],"collection":[{"href":"https:\/\/www.diving-star.com\/fr\/wp-json\/wp\/v2\/pages"}],"about":[{"href":"https:\/\/www.diving-star.com\/fr\/wp-json\/wp\/v2\/types\/page"}],"author":[{"embeddable":true,"href":"https:\/\/www.diving-star.com\/fr\/wp-json\/wp\/v2\/users\/1"}],"replies":[{"embeddable":true,"href":"https:\/\/www.diving-star.com\/fr\/wp-json\/wp\/v2\/comments?post=1218"}],"version-history":[{"count":9,"href":"https:\/\/www.diving-star.com\/fr\/wp-json\/wp\/v2\/pages\/1218\/revisions"}],"predecessor-version":[{"id":1355,"href":"https:\/\/www.diving-star.com\/fr\/wp-json\/wp\/v2\/pages\/1218\/revisions\/1355"}],"wp:attachment":[{"href":"https:\/\/www.diving-star.com\/fr\/wp-json\/wp\/v2\/media?parent=1218"}],"curies":[{"name":"wp","href":"https:\/\/api.w.org\/{rel}","templated":true}]}}