{"id":460,"date":"2024-01-07T13:16:04","date_gmt":"2024-01-07T13:16:04","guid":{"rendered":"https:\/\/www.diving-star.com\/de\/?page_id=460"},"modified":"2024-01-07T13:46:55","modified_gmt":"2024-01-07T13:46:55","slug":"tauchplatz-elphinstone","status":"publish","type":"page","link":"https:\/\/www.diving-star.com\/de\/tauchplatz-elphinstone\/","title":{"rendered":"Tauchplatz Elphinstone"},"content":{"rendered":"<p>[et_pb_section fb_built=&#8220;1&#8243; fullwidth=&#8220;on&#8220; _builder_version=&#8220;4.17.4&#8243; _module_preset=&#8220;_initial&#8220; custom_padding=&#8220;0px|0px|0px|0px&#8220; global_colors_info=&#8220;{}&#8220;][et_pb_fullwidth_header title=&#8220;ELPHINSTONE RIFF&#8220; text_orientation=&#8220;center&#8220; header_fullscreen=&#8220;on&#8220; background_overlay_color=&#8220;rgba(0,0,0,0.34)&#8220; _builder_version=&#8220;4.18.0&#8243; _module_preset=&#8220;default&#8220; background_enable_color=&#8220;off&#8220; background_image=&#8220;https:\/\/www.diving-star.com\/de\/wp-content\/uploads\/2024\/01\/elphinstone.jpg&#8220; global_colors_info=&#8220;{}&#8220;][\/et_pb_fullwidth_header][\/et_pb_section][et_pb_section fb_built=&#8220;1&#8243; _builder_version=&#8220;4.17.4&#8243; _module_preset=&#8220;default&#8220; background_color=&#8220;gcid-be33c8e1-99aa-4b28-b01c-e4eaf8859ad0&#8243; global_colors_info=&#8220;{%22gcid-be33c8e1-99aa-4b28-b01c-e4eaf8859ad0%22:%91%22background_color%22%93}&#8220;][et_pb_row column_structure=&#8220;3_5,2_5&#8243; _builder_version=&#8220;4.18.0&#8243; _module_preset=&#8220;default&#8220; global_colors_info=&#8220;{}&#8220;][et_pb_column type=&#8220;3_5&#8243; _builder_version=&#8220;4.17.4&#8243; _module_preset=&#8220;default&#8220; global_colors_info=&#8220;{}&#8220;][et_pb_blurb title=&#8220;ELPHINSTONE RIFF&#8220; _builder_version=&#8220;4.17.4&#8243; _module_preset=&#8220;default&#8220; background_layout=&#8220;dark&#8220; global_colors_info=&#8220;{}&#8220;]<\/p>\n<div class=\"elementor-column elementor-col-50 elementor-top-column elementor-element elementor-element-6b409911\" data-id=\"6b409911\" data-element_type=\"column\">\n<div class=\"elementor-widget-wrap elementor-element-populated\">\n<div class=\"elementor-element elementor-element-416fae07 elementor-widget elementor-widget-text-editor\" data-id=\"416fae07\" data-element_type=\"widget\" data-widget_type=\"text-editor.default\">\n<div class=\"elementor-widget-container\">\n<p><span>Dies ist wahrscheinlich der bekannteste Einzeltauchplatz im Roten Meer. Er ist beliebt aufgrund der riesigen Menge und der gro\u00dfen Vielfalt an Meereslebewesen, die Taucher hier antreffen k\u00f6nnen. Dies ist der Haupt- und beste Ort im Roten Meer, um mit verschiedenen Haiarten zu tauchen, einschlie\u00dflich des Ozeanischen Wei\u00dfspitzenhais (Carcharhinus longimanus). Man k\u00f6nnte denken, dass man, um pelagische Arten wie diese an einem so unber\u00fchrten Riff zu treffen, glauben k\u00f6nnte, dass der Tauchplatz mitten im Nirgendwo liegt. Tats\u00e4chlich befindet es sich nur 9 km von der K\u00fcste entfernt und ist somit mit Tagestauchbooten von der Marsa Alam-Region aus erreichbar.<\/span><\/p>\n<\/div>\n<\/div>\n<\/div>\n<\/div>\n<div class=\"elementor-column elementor-col-50 elementor-top-column elementor-element elementor-element-2ff93b57\" data-id=\"2ff93b57\" data-element_type=\"column\">\n<div class=\"elementor-widget-wrap elementor-element-populated\">\n<div class=\"elementor-element elementor-element-521cdade elementor-widget__width-initial elementor-widget elementor-widget-image\" data-id=\"521cdade\" data-element_type=\"widget\" data-widget_type=\"image.default\"><\/div>\n<\/div>\n<\/div>\n<p>[\/et_pb_blurb][et_pb_code _builder_version=&#8220;4.18.0&#8243; _module_preset=&#8220;default&#8220; border_radii=&#8220;on|20px|20px|20px|20px&#8220; global_colors_info=&#8220;{}&#8220;][ipano id=&#8220;8&#8243;][\/et_pb_code][et_pb_divider color=&#8220;#FFFFFF&#8220; divider_style=&#8220;outset&#8220; _builder_version=&#8220;4.17.4&#8243; _module_preset=&#8220;default&#8220; global_colors_info=&#8220;{}&#8220;][\/et_pb_divider][et_pb_blurb title=&#8220;Where is Elphinstone?&#8220; _builder_version=&#8220;4.17.4&#8243; _module_preset=&#8220;default&#8220; background_layout=&#8220;dark&#8220; global_colors_info=&#8220;{}&#8220;]<\/p>\n<div class=\"elementor-column elementor-col-50 elementor-top-column elementor-element elementor-element-6b409911\" data-id=\"6b409911\" data-element_type=\"column\">\n<div class=\"elementor-widget-wrap elementor-element-populated\">\n<div class=\"elementor-element elementor-element-416fae07 elementor-widget elementor-widget-text-editor\" data-id=\"416fae07\" data-element_type=\"widget\" data-widget_type=\"text-editor.default\">\n<div class=\"elementor-widget-container\">\n<div class=\"elementor-element elementor-element-74b510f elementor-widget elementor-widget-heading\" data-id=\"74b510f\" data-element_type=\"widget\" data-widget_type=\"heading.default\">\n<div class=\"elementor-widget-container\">\n<div class=\"elementor-heading-title elementor-size-default\"><span>Wo befindet sich Elphinstone?<\/span><\/div>\n<\/div>\n<\/div>\n<div class=\"elementor-element elementor-element-a4e7ed1 elementor-widget elementor-widget-google_maps\" data-id=\"a4e7ed1\" data-element_type=\"widget\" data-widget_type=\"google_maps.default\">\n<div class=\"elementor-widget-container\"><\/div>\n<\/div>\n<\/div>\n<\/div>\n<\/div>\n<\/div>\n<p>[\/et_pb_blurb][et_pb_map address=&#8220;Al Qusair &#8211; Marsa Allam Rd, Egypt&#8220; zoom_level=&#8220;13&#8243; address_lat=&#8220;25.3095025&#8243; address_lng=&#8220;34.8604345&#8243; _builder_version=&#8220;4.18.0&#8243; _module_preset=&#8220;default&#8220; border_radii=&#8220;on|20px|20px|20px|20px&#8220; global_colors_info=&#8220;{}&#8220;][\/et_pb_map][et_pb_blurb title=&#8220;Wie gelangt man nach Elphinstone&#8220; _builder_version=&#8220;4.19.4&#8243; _module_preset=&#8220;default&#8220; background_layout=&#8220;dark&#8220; global_colors_info=&#8220;{}&#8220;]<\/p>\n<div class=\"elementor-column elementor-col-50 elementor-inner-column elementor-element elementor-element-ce8f086\" data-id=\"ce8f086\" data-element_type=\"column\">\n<div class=\"elementor-widget-wrap elementor-element-populated\">\n<div class=\"elementor-element elementor-element-e2dac31 elementor-widget elementor-widget-heading\" data-id=\"e2dac31\" data-element_type=\"widget\" data-widget_type=\"heading.default\">\n<div class=\"elementor-widget-container\">\n<div class=\"elementor-heading-title elementor-size-default\"><span>Liveaboard-Boot, Tagestrip-Boot<\/span><\/div>\n<div class=\"elementor-heading-title elementor-size-default\"><span>Du kannst am Elphinstone-Riff mit einem Tagestrip von Marsa Alam aus oder auf einem Liveaboard-Tauchsafari tauchen. Bei einem Tagestrip erwarte, dass der Tauchplatz in der Hochsaison belebt ist. Liveaboards k\u00f6nnen jedoch Tauchg\u00e4nge am fr\u00fchen Morgen und am fr\u00fchen Abend genie\u00dfen, ohne die Menschenmassen der Tagestrips.<\/span><\/div>\n<\/div>\n<\/div>\n<\/div>\n<\/div>\n<div class=\"elementor-column elementor-col-50 elementor-inner-column elementor-element elementor-element-fd1c99d\" data-id=\"fd1c99d\" data-element_type=\"column\">\n<div class=\"elementor-widget-wrap elementor-element-populated\">\n<div class=\"elementor-element elementor-element-57f1e8d elementor-widget elementor-widget-heading\" data-id=\"57f1e8d\" data-element_type=\"widget\" data-widget_type=\"heading.default\">\n<div class=\"elementor-widget-container\"><\/div>\n<\/div>\n<\/div>\n<\/div>\n<p>[\/et_pb_blurb][et_pb_divider color=&#8220;#FFFFFF&#8220; divider_style=&#8220;outset&#8220; _builder_version=&#8220;4.17.4&#8243; _module_preset=&#8220;default&#8220; global_colors_info=&#8220;{}&#8220;][\/et_pb_divider][et_pb_blurb title=&#8220;Wer kann am Elphinstone tauchen&#8220; _builder_version=&#8220;4.23.4&#8243; _module_preset=&#8220;default&#8220; background_layout=&#8220;dark&#8220; global_colors_info=&#8220;{}&#8220;]<\/p>\n<div class=\"elementor-column elementor-col-50 elementor-inner-column elementor-element elementor-element-ce8f086\" data-id=\"ce8f086\" data-element_type=\"column\">\n<div class=\"elementor-widget-wrap elementor-element-populated\">\n<div class=\"elementor-element elementor-element-e2dac31 elementor-widget elementor-widget-heading\" data-id=\"e2dac31\" data-element_type=\"widget\" data-widget_type=\"heading.default\">\n<div class=\"elementor-widget-container\">\n<div class=\"elementor-heading-title elementor-size-default\">\n<section class=\"elementor-section elementor-inner-section elementor-element elementor-element-dc68609 elementor-section-boxed elementor-section-height-default elementor-section-height-default\" data-id=\"dc68609\" data-element_type=\"section\">\n<div class=\"elementor-container elementor-column-gap-default\">\n<div class=\"elementor-column elementor-col-50 elementor-inner-column elementor-element elementor-element-fd1c99d\" data-id=\"fd1c99d\" data-element_type=\"column\">\n<div class=\"elementor-widget-wrap elementor-element-populated\">\n<div class=\"elementor-element elementor-element-bf11561 elementor-widget elementor-widget-heading\" data-id=\"bf11561\" data-element_type=\"widget\" data-widget_type=\"heading.default\">\n<div class=\"elementor-widget-container\">\n<div class=\"elementor-heading-title elementor-size-default\"><span>Alle Level. Mindestens 20 protokollierte Tauchg\u00e4nge. Das Elphinstone-Riff hat viele Bereiche, die flach genug sind, damit Open Water Diver sie genie\u00dfen k\u00f6nnen. Die Str\u00f6mungen k\u00f6nnen jedoch manchmal stark sein, daher ist es kein Tauchplatz, der f\u00fcr neue oder unerfahrene Taucher geeignet ist.<\/span><\/div>\n<\/div>\n<\/div>\n<\/div>\n<\/div>\n<\/div>\n<\/section>\n<div class=\"elementor-element elementor-element-fffe194 elementor-widget elementor-widget-heading\" data-id=\"fffe194\" data-element_type=\"widget\" data-widget_type=\"heading.default\">\n<div class=\"elementor-widget-container\"><\/div>\n<\/div>\n<\/div>\n<\/div>\n<\/div>\n<\/div>\n<\/div>\n<p>[\/et_pb_blurb][et_pb_divider color=&#8220;#FFFFFF&#8220; divider_style=&#8220;outset&#8220; _builder_version=&#8220;4.17.4&#8243; _module_preset=&#8220;default&#8220; global_colors_info=&#8220;{}&#8220;][\/et_pb_divider][et_pb_blurb title=&#8220;WIE IST DAS RIFF?&#8220; _builder_version=&#8220;4.17.4&#8243; _module_preset=&#8220;default&#8220; background_layout=&#8220;dark&#8220; global_colors_info=&#8220;{}&#8220;]<\/p>\n<div class=\"elementor-column elementor-col-50 elementor-inner-column elementor-element elementor-element-ce8f086\" data-id=\"ce8f086\" data-element_type=\"column\">\n<div class=\"elementor-widget-wrap elementor-element-populated\">\n<div class=\"elementor-element elementor-element-e2dac31 elementor-widget elementor-widget-heading\" data-id=\"e2dac31\" data-element_type=\"widget\" data-widget_type=\"heading.default\">\n<div class=\"elementor-widget-container\">\n<div class=\"elementor-heading-title elementor-size-default\">\n<section class=\"elementor-section elementor-inner-section elementor-element elementor-element-dc68609 elementor-section-boxed elementor-section-height-default elementor-section-height-default\" data-id=\"dc68609\" data-element_type=\"section\">\n<div class=\"elementor-container elementor-column-gap-default\">\n<div class=\"elementor-column elementor-col-50 elementor-inner-column elementor-element elementor-element-fd1c99d\" data-id=\"fd1c99d\" data-element_type=\"column\">\n<div class=\"elementor-widget-wrap elementor-element-populated\">\n<div class=\"elementor-element elementor-element-bf11561 elementor-widget elementor-widget-heading\" data-id=\"bf11561\" data-element_type=\"widget\" data-widget_type=\"heading.default\">\n<div class=\"elementor-widget-container\">\n<div class=\"elementor-heading-title elementor-size-default\">\n<p>Man k\u00f6nnte sich fragen, wie dieser winzige Fleck auf den Karten \u2013 ein etwa dreihundert Meter langer fingerartiger Riffstreifen, nur zwanzig bis vierzig Meter breit \u2013 so attraktiv sein kann.<\/p>\n<p>Dieser schmale Riffstreifen verl\u00e4uft von Nord nach S\u00fcd. Der mittlere Abschnitt kann normalerweise von den Brechern an der Oberfl\u00e4che gesehen werden, da er kaum unter der Oberfl\u00e4che in einer Tiefe von nur ein bis zwei Metern verborgen liegt. Das Riff f\u00e4llt jedoch zu einem Pfeilspitzpunkt von etwa 40 Metern an seinem s\u00fcdlichsten Punkt ab, w\u00e4hrend der n\u00f6rdliche Abschnitt in Stufen auf etwa 42 Meter abf\u00e4llt.<\/p>\n<p>Gehen Sie weiter nach Norden oder S\u00fcden, und Sie sto\u00dfen auf nahezu senkrechte Klippen. Ebenso ist die Ostseite ein fast senkrechter Abhang, w\u00e4hrend die Westseite weniger steil und leicht sandiger ist, mit mehreren \u00dcberh\u00e4ngen und kleinen H\u00f6hlen.<\/p>\n<p>Seit seiner ersten Erw\u00e4hnung in den Aufzeichnungen des ersten Schiffslogs im Jahr 1827 wei\u00df niemand so genau, wie tief das umliegende Wasser ist \u2013<\/p>\n<p>&#8222;Entfernt von der \u00e4gyptischen K\u00fcste etwa drei Meilen&#8220;, bemerkte Captain Denton von der britischen Marine, &#8222;Es ist steil und in einer Entfernung von einer halben Meile kein Grund bei hundert Faden.&#8220;<\/p>\n<p>Alles, was gesagt werden kann, ist, dass die Tiefe in mehrere hundert Meter in das tiefblaue Wasser abf\u00e4llt \u2013 was einen unheimlichen, aber wundersch\u00f6nen Kontrast zu den vielen farbenfrohen Korallenarten des Riffs bildet, insbesondere den lila- und rosafarbenen Weichkorallen und den anmutigen roten Gorgonien \u2013 deren Tentakel sich langsam in den starken Meeresstr\u00f6mungen bewegen.<\/p>\n<p>Es gibt auch den verf\u00fchrerisch gef\u00e4hrlichen Sarkophag-Bogen in einer Tiefe von 52 bis 65 Metern in der N\u00e4he des s\u00fcdlichen Endes des Riffs. Die Legende besagt, dass hier einer der Pharaonen \u00c4gyptens begraben liegt, und man kann im ged\u00e4mpften Licht die Form einer von Korallen umgebenen sarkophagf\u00f6rmigen Masse erkennen. Sie sollten jedoch nicht ohne die Zustimmung Ihres professionellen Guides so tief abtauchen. Diese Art von Tiefe weit weg von der K\u00fcste ist nur f\u00fcr sehr erfahrene Taucher geeignet.<\/p>\n<p>Etwas zug\u00e4nglicher sind zwei Korallenpinnacles auf dem n\u00f6rdlichen Plateau in einer Tiefe von etwa 42 Metern, aber die meisten Taucher sollten besser nicht unter 30 Metern abtauchen, um die meiste L\u00e4nge des Riffs zu erkunden.<\/p>\n<p>Die Sichtweite ist im Durchschnitt gut bei etwa 20 Metern.<\/p>\n<\/div>\n<\/div>\n<\/div>\n<\/div>\n<\/div>\n<\/div>\n<\/section>\n<\/div>\n<\/div>\n<\/div>\n<\/div>\n<\/div>\n<p>[\/et_pb_blurb][\/et_pb_column][et_pb_column type=&#8220;2_5&#8243; _builder_version=&#8220;4.17.4&#8243; _module_preset=&#8220;default&#8220; global_colors_info=&#8220;{}&#8220;][et_pb_gallery gallery_ids=&#8220;464,420,465&#8243; posts_number=&#8220;6&#8243; show_title_and_caption=&#8220;off&#8220; show_pagination=&#8220;off&#8220; _builder_version=&#8220;4.18.0&#8243; _module_preset=&#8220;default&#8220; global_colors_info=&#8220;{}&#8220;][\/et_pb_gallery][et_pb_code _builder_version=&#8220;4.18.0&#8243; _module_preset=&#8220;default&#8220; border_radii=&#8220;on|20px|20px|20px|20px&#8220; global_colors_info=&#8220;{}&#8220;][ipano id=&#8220;9&#8243;][\/et_pb_code][et_pb_code _builder_version=&#8220;4.18.0&#8243; _module_preset=&#8220;default&#8220; border_radii=&#8220;on|20px|20px|20px|20px&#8220; global_colors_info=&#8220;{}&#8220;][ipano id=&#8220;10&#8243;][\/et_pb_code][et_pb_code _builder_version=&#8220;4.18.0&#8243; _module_preset=&#8220;default&#8220; border_radii=&#8220;on|20px|20px|20px|20px&#8220; global_colors_info=&#8220;{}&#8220;][ipano id=&#8220;11&#8243;][\/et_pb_code][\/et_pb_column][\/et_pb_row][\/et_pb_section][et_pb_section fb_built=&#8220;1&#8243; admin_label=&#8220;Section&#8220; _builder_version=&#8220;4.16&#8243; _module_preset=&#8220;default&#8220; background_color=&#8220;#040033&#8243; background_image=&#8220;https:\/\/www.diving-star.com\/de\/wp-content\/uploads\/2024\/01\/corla.webp&#8220; background_blend=&#8220;color-dodge&#8220; width=&#8220;100%&#8220; max_width=&#8220;100%&#8220; min_height=&#8220;328px&#8220; min_height_tablet=&#8220;&#8220; min_height_phone=&#8220;758px&#8220; min_height_last_edited=&#8220;on|phone&#8220; height=&#8220;596px&#8220; max_height=&#8220;247px&#8220; custom_margin=&#8220;0px||36px||false|false&#8220; custom_padding=&#8220;0px||||false|false&#8220; custom_padding_tablet=&#8220;0px||0px|&#8220; background_last_edited=&#8220;on|phone&#8220; module_alignment_tablet=&#8220;&#8220; module_alignment_phone=&#8220;&#8220; module_alignment_last_edited=&#8220;on|desktop&#8220; transparent_background=&#8220;off&#8220; padding_mobile=&#8220;on&#8220; make_fullwidth=&#8220;off&#8220; use_custom_width=&#8220;off&#8220; width_unit=&#8220;on&#8220; global_colors_info=&#8220;{}&#8220;][et_pb_row column_structure=&#8220;1_3,1_3,1_3&#8243; use_custom_gutter=&#8220;on&#8220; gutter_width=&#8220;2&#8243; make_equal=&#8220;on&#8220; column_padding_mobile=&#8220;on&#8220; admin_label=&#8220;Row&#8220; _builder_version=&#8220;4.19.0&#8243; _module_preset=&#8220;default&#8220; background_size=&#8220;initial&#8220; background_position=&#8220;top_left&#8220; background_repeat=&#8220;repeat&#8220; max_width=&#8220;2316px&#8220; max_width_tablet=&#8220;&#8220; max_width_phone=&#8220;&#8220; max_width_last_edited=&#8220;on|desktop&#8220; custom_padding=&#8220;11px||0px||false|false&#8220; make_fullwidth=&#8220;off&#8220; use_custom_width=&#8220;off&#8220; width_unit=&#8220;on&#8220; global_colors_info=&#8220;{}&#8220;][et_pb_column type=&#8220;1_3&#8243; _builder_version=&#8220;4.16&#8243; _module_preset=&#8220;default&#8220; custom_padding=&#8220;|||&#8220; global_colors_info=&#8220;{}&#8220; custom_padding__hover=&#8220;|||&#8220;][et_pb_text admin_label=&#8220;Text&#8220; _builder_version=&#8220;4.23.4&#8243; _module_preset=&#8220;default&#8220; text_font=&#8220;Source Sans Pro|700||||||#FFFFFF|&#8220; text_text_color=&#8220;#FFFFFF&#8220; text_font_size=&#8220;18&#8243; text_line_height=&#8220;1.4em&#8220; background_size=&#8220;initial&#8220; background_position=&#8220;top_left&#8220; background_repeat=&#8220;repeat&#8220; custom_margin=&#8220;||8px|&#8220; use_border_color=&#8220;off&#8220; border_color=&#8220;#ffffff&#8220; border_style=&#8220;solid&#8220; global_colors_info=&#8220;{}&#8220;]<\/p>\n<p>Links :<\/p>\n<p>[\/et_pb_text][et_pb_text admin_label=&#8220;Text&#8220; _builder_version=&#8220;4.23.4&#8243; _module_preset=&#8220;default&#8220; text_font=&#8220;Source Sans Pro||||&#8220; text_text_color=&#8220;#ffffff&#8220; text_font_size=&#8220;18&#8243; text_line_height=&#8220;2.2em&#8220; background_size=&#8220;initial&#8220; background_position=&#8220;top_left&#8220; background_repeat=&#8220;repeat&#8220; custom_padding=&#8220;0px|||&#8220; use_border_color=&#8220;off&#8220; border_color=&#8220;#ffffff&#8220; border_style=&#8220;solid&#8220; global_colors_info=&#8220;{}&#8220;]<\/p>\n<p><a href=\"\/de\/tauchen-in-hurghada\/\" title=\"Diving in hurghada\"><span style=\"text-decoration: underline;\"><span style=\"color: #ffffff; text-decoration: underline;\"><span>Zuhause<\/span><\/span><\/span><\/a><br \/><a href=\"\/de\/tauchen-in-hurghada\/\" title=\"Tauchen in Hurghada\"><span style=\"text-decoration: underline; color: #ffffff;\">Tauchen<\/span><\/a><br \/><a href=\"\/de\/tauchkurs-in-hurghada\/\" title=\"Tauchkurse in Hurghada\"><span style=\"text-decoration: underline;\"><span style=\"color: #ffffff; text-decoration: underline;\">Tauchkurs<\/span><\/span><\/a><br \/><a href=\"\/de\/galerie-vom-tauchen\/\" title=\"Unterwasservideos mit Diving Star\"><span style=\"text-decoration: underline;\"><span style=\"color: #ffffff; text-decoration: underline;\">Galerie<\/span><\/span><\/a><br \/><a href=\"\/de\/videokanal-tauchen\/\" title=\"Unterwasservideos mit Diving Star\"><span style=\"text-decoration: underline;\"><span style=\"color: #ffffff; text-decoration: underline;\">videokanal<\/span><\/span><\/a><br \/><a href=\"\/de\/kontaktiere-uns\/\" title=\"Kontaktiere uns\"><span style=\"text-decoration: underline;\"><span style=\"color: #ffffff; text-decoration: underline;\"><span>Kontaktiere uns<\/span><\/span><\/span><\/a><span style=\"color: #ffffff;\"><\/span><\/p>\n<p>[\/et_pb_text][\/et_pb_column][et_pb_column type=&#8220;1_3&#8243; _builder_version=&#8220;4.16&#8243; _module_preset=&#8220;default&#8220; custom_padding=&#8220;|||&#8220; global_colors_info=&#8220;{}&#8220; custom_padding__hover=&#8220;|||&#8220;][et_pb_text admin_label=&#8220;Text&#8220; _builder_version=&#8220;4.23.4&#8243; _module_preset=&#8220;default&#8220; text_font=&#8220;Source Sans Pro||||&#8220; text_text_color=&#8220;#ffffff&#8220; text_font_size=&#8220;18&#8243; text_line_height=&#8220;2.2em&#8220; background_size=&#8220;initial&#8220; background_position=&#8220;top_left&#8220; background_repeat=&#8220;repeat&#8220; background_layout=&#8220;dark&#8220; custom_padding=&#8220;0px||0px|||&#8220; use_border_color=&#8220;off&#8220; border_color=&#8220;#ffffff&#8220; border_style=&#8220;solid&#8220; global_colors_info=&#8220;{}&#8220;]<\/p>\n<ul>\n<li><span style=\"color: #ffffff;\"><span>Adresse<\/span>:<\/span><\/li>\n<\/ul>\n<p><span style=\"color: #ffffff;\"><span>107 Abu Ramada Stra\u00dfe &#8211; Neben dem Meraki Hotel<\/span><\/span><br \/><span style=\"color: #000000;\"><\/span><\/p>\n<p>[\/et_pb_text][et_pb_button button_url=&#8220;https:\/\/g.page\/r\/CZ_m0lBVMt5tEAE&#8220; url_new_window=&#8220;on&#8220; button_text=&#8220;Wegbeschreibung erhalten&#8220; button_alignment=&#8220;left&#8220; _builder_version=&#8220;4.23.4&#8243; _module_preset=&#8220;default&#8220; custom_button=&#8220;on&#8220; button_text_color=&#8220;#000000&#8243; button_bg_color=&#8220;#00adee&#8220; button_border_radius=&#8220;8px&#8220; button_rel=&#8220;off|off|off|off|on&#8220; global_colors_info=&#8220;{}&#8220;][\/et_pb_button][\/et_pb_column][et_pb_column type=&#8220;1_3&#8243; _builder_version=&#8220;4.16&#8243; _module_preset=&#8220;default&#8220; custom_padding=&#8220;|||&#8220; global_colors_info=&#8220;{}&#8220; custom_padding__hover=&#8220;|||&#8220;][et_pb_text admin_label=&#8220;Text&#8220; _builder_version=&#8220;4.23.4&#8243; _module_preset=&#8220;default&#8220; text_font=&#8220;Source Sans Pro|700|||on||||&#8220; text_text_color=&#8220;#FFFFFF&#8220; text_font_size=&#8220;18&#8243; text_line_height=&#8220;1.4em&#8220; background_size=&#8220;initial&#8220; background_position=&#8220;top_left&#8220; background_repeat=&#8220;repeat&#8220; custom_margin=&#8220;||8px|&#8220; use_border_color=&#8220;off&#8220; border_color=&#8220;#ffffff&#8220; border_style=&#8220;solid&#8220; global_colors_info=&#8220;{}&#8220;]<\/p>\n<p>FOLGEN SIE UNS<\/p>\n<p>[\/et_pb_text][et_pb_social_media_follow url_new_window=&#8220;off&#8220; admin_label=&#8220;Social Media Follow&#8220; _builder_version=&#8220;4.16&#8243; _module_preset=&#8220;default&#8220; custom_margin=&#8220;||8px|||&#8220; border_radii=&#8220;on|100%|100%|100%|100%&#8220; link_shape=&#8220;circle&#8220; global_colors_info=&#8220;{}&#8220;][et_pb_social_media_follow_network social_network=&#8220;facebook&#8220; url=&#8220;https:\/\/www.facebook.com\/divingstar&#8220; _builder_version=&#8220;4.16&#8243; _module_preset=&#8220;default&#8220; background_color=&#8220;#3b5998&#8243; global_colors_info=&#8220;{}&#8220; follow_button=&#8220;off&#8220; url_new_window=&#8220;off&#8220;]facebook[\/et_pb_social_media_follow_network][et_pb_social_media_follow_network social_network=&#8220;instagram&#8220; url=&#8220;https:\/\/instagram.com\/divingstar\/&#8220; _builder_version=&#8220;4.16&#8243; _module_preset=&#8220;default&#8220; background_color=&#8220;#ea2c59&#8243; global_colors_info=&#8220;{}&#8220; follow_button=&#8220;off&#8220; url_new_window=&#8220;off&#8220;]instagram[\/et_pb_social_media_follow_network][et_pb_social_media_follow_network social_network=&#8220;youtube&#8220; url=&#8220;https:\/\/youtube.com\/channel\/UCo8SbbFiOls7gLTOaOwGrEA&#8220; _builder_version=&#8220;4.16&#8243; _module_preset=&#8220;default&#8220; background_color=&#8220;#a82400&#8243; global_colors_info=&#8220;{}&#8220; follow_button=&#8220;off&#8220; url_new_window=&#8220;off&#8220;]youtube[\/et_pb_social_media_follow_network][et_pb_social_media_follow_network social_network=&#8220;twitter&#8220; url=&#8220;https:\/\/twitter.com\/divingstar2&#8243; _builder_version=&#8220;4.22.2&#8243; _module_preset=&#8220;default&#8220; background_color=&#8220;#000000&#8243; global_colors_info=&#8220;{}&#8220; follow_button=&#8220;off&#8220; url_new_window=&#8220;off&#8220;]twitter[\/et_pb_social_media_follow_network][\/et_pb_social_media_follow][et_pb_text _builder_version=&#8220;4.23.4&#8243; _module_preset=&#8220;default&#8220; text_font=&#8220;Poppins|600|||||||&#8220; header_font=&#8220;||||||||&#8220; global_colors_info=&#8220;{}&#8220;]<\/p>\n<p><span style=\"color: #ffffff;\"><span>Buchen Sie bei uns<\/span>:<\/span><\/p>\n<p><span style=\"color: #ffffff;\"><a href=\"\/de\/buchen-sie-tauchkurse\/\" title=\"Tauchkurse\" style=\"color: #ffffff; text-decoration: underline;\">Tauchkurse<\/a><\/span><\/p>\n<p><span style=\"color: #ffffff;\"><a href=\"\/de\/tagliche-tauchbuchung\/\" title=\"Tauchen\" style=\"color: #ffffff; text-decoration: underline;\">Tauchen<\/a><\/span><\/p>\n<p>[\/et_pb_text][\/et_pb_column][\/et_pb_row][\/et_pb_section]<\/p>\n","protected":false},"excerpt":{"rendered":"<p>Dies ist wahrscheinlich der bekannteste Einzeltauchplatz im Roten Meer. Er ist beliebt aufgrund der riesigen Menge und der gro\u00dfen Vielfalt an Meereslebewesen, die Taucher hier antreffen k\u00f6nnen. Dies ist der Haupt- und beste Ort im Roten Meer, um mit verschiedenen Haiarten zu tauchen, einschlie\u00dflich des Ozeanischen Wei\u00dfspitzenhais (Carcharhinus longimanus). Man k\u00f6nnte denken, dass man, um [&hellip;]<\/p>\n","protected":false},"author":1,"featured_media":0,"parent":0,"menu_order":0,"comment_status":"closed","ping_status":"closed","template":"","meta":{"_et_pb_use_builder":"on","_et_pb_old_content":"<!-- wp:divi\/placeholder \/-->","_et_gb_content_width":"","footnotes":""},"class_list":["post-460","page","type-page","status-publish","hentry"],"_links":{"self":[{"href":"https:\/\/www.diving-star.com\/de\/wp-json\/wp\/v2\/pages\/460","targetHints":{"allow":["GET"]}}],"collection":[{"href":"https:\/\/www.diving-star.com\/de\/wp-json\/wp\/v2\/pages"}],"about":[{"href":"https:\/\/www.diving-star.com\/de\/wp-json\/wp\/v2\/types\/page"}],"author":[{"embeddable":true,"href":"https:\/\/www.diving-star.com\/de\/wp-json\/wp\/v2\/users\/1"}],"replies":[{"embeddable":true,"href":"https:\/\/www.diving-star.com\/de\/wp-json\/wp\/v2\/comments?post=460"}],"version-history":[{"count":4,"href":"https:\/\/www.diving-star.com\/de\/wp-json\/wp\/v2\/pages\/460\/revisions"}],"predecessor-version":[{"id":486,"href":"https:\/\/www.diving-star.com\/de\/wp-json\/wp\/v2\/pages\/460\/revisions\/486"}],"wp:attachment":[{"href":"https:\/\/www.diving-star.com\/de\/wp-json\/wp\/v2\/media?parent=460"}],"curies":[{"name":"wp","href":"https:\/\/api.w.org\/{rel}","templated":true}]}}