{"id":447,"date":"2024-01-07T12:52:38","date_gmt":"2024-01-07T12:52:38","guid":{"rendered":"https:\/\/www.diving-star.com\/de\/?page_id=447"},"modified":"2024-01-07T13:40:48","modified_gmt":"2024-01-07T13:40:48","slug":"daedalus-riff","status":"publish","type":"page","link":"https:\/\/www.diving-star.com\/de\/daedalus-riff\/","title":{"rendered":"Daedalus-Riff Tauchpl\u00e4tze Rotes Meer"},"content":{"rendered":"<p>[et_pb_section fb_built=&#8220;1&#8243; fullwidth=&#8220;on&#8220; _builder_version=&#8220;4.16&#8243; _module_preset=&#8220;_initial&#8220; custom_padding=&#8220;0px|0px|0px|0px&#8220; global_colors_info=&#8220;{}&#8220;][et_pb_fullwidth_header title=&#8220;Daedalus Reef&#8220; text_orientation=&#8220;center&#8220; background_overlay_color=&#8220;rgba(0,0,0,0.66)&#8220; _builder_version=&#8220;4.18.0&#8243; _module_preset=&#8220;default&#8220; title_font=&#8220;Poppins|500|||||||&#8220; title_text_align=&#8220;center&#8220; background_enable_color=&#8220;off&#8220; background_image=&#8220;https:\/\/www.diving-star.com\/de\/wp-content\/uploads\/2024\/01\/IMG_20221019_170414_074_076_HDR_2022-10-21_17-34-47_screenshot-scaled-1.jpg&#8220; custom_padding=&#8220;200px||200px||true|false&#8220; custom_padding_tablet=&#8220;&#8220; custom_padding_phone=&#8220;100px||100px||false|false&#8220; custom_padding_last_edited=&#8220;on|phone&#8220; global_colors_info=&#8220;{}&#8220;][\/et_pb_fullwidth_header][\/et_pb_section][et_pb_section fb_built=&#8220;1&#8243; _builder_version=&#8220;4.16&#8243; _module_preset=&#8220;default&#8220; background_color=&#8220;gcid-ef309ccc-baf0-464e-8fe0-a4c7fe317155&#8243; custom_padding=&#8220;0px||2px|||&#8220; global_colors_info=&#8220;{%22gcid-ef309ccc-baf0-464e-8fe0-a4c7fe317155%22:%91%22background_color%22%93}&#8220;][et_pb_row column_structure=&#8220;3_5,2_5&#8243; _builder_version=&#8220;4.16&#8243; _module_preset=&#8220;default&#8220; custom_padding=&#8220;||0px|||&#8220; global_colors_info=&#8220;{}&#8220;][et_pb_column type=&#8220;3_5&#8243; _builder_version=&#8220;4.16&#8243; _module_preset=&#8220;default&#8220; global_colors_info=&#8220;{}&#8220;][et_pb_text _builder_version=&#8220;4.16&#8243; _module_preset=&#8220;default&#8220; text_font=&#8220;Poppins|500|||||||&#8220; text_text_color=&#8220;#FFFFFF&#8220; background_layout=&#8220;dark&#8220; global_colors_info=&#8220;{}&#8220;]<\/p>\n<h2 class=\"et_pb_module_header et-fb-editable-element et-fb-editable-element__editing\" data-shortcode-id=\"1.0-1624881608330\" data-quickaccess-id=\"title\" contenteditable=\"true\"><span>Tauchumgebung am Daedalus-Riff<\/span><\/h2>\n<p>gesunde Riffe, Wandtauchg\u00e4nge, Str\u00f6mungstauchg\u00e4nge, erfahrene Taucher, sehr beliebt&#8230;<\/p>\n<p>Daedalus ist ein abgelegener Vorposten eines Riffs, weniger als einen Kilometer breit und markiert durch einen Leuchtturm, etwa 80 km vor der K\u00fcste von Marsa Alam. Aufgrund seiner Abgeschiedenheit wird es nur von Liveaboards besucht, und dies, zusammen mit seinem Status als Meeresschutzgebiet, bedeutet, dass seine Riffe in Top-Zustand sind, und es ist einer der beliebtesten Tauchpl\u00e4tze im Roten Meer.<\/p>\n<p>Wie bei den vergleichbaren Brother Islands verlaufen starke Str\u00f6mungen entlang der steilen W\u00e4nde dieses Felsens tendenziell von Norden nach S\u00fcden, und Winde k\u00f6nnen Oberfl\u00e4chenschwellen und Wellen gegen das Riff verursachen. Die unglaublichen Aktivit\u00e4ten unter der Oberfl\u00e4che k\u00f6nnen jedoch die herausfordernden Bedingungen allemal lohnenswert erscheinen lassen.<\/p>\n<p>Das Tauchen am Nordpunkt von Daedalus kann am schwierigsten sein, wenn starke Str\u00f6mungen vorhanden sind. Aber genau diese Bedingungen garantieren, dass Sie auf Raubtieraktionen sto\u00dfen, also suchen Sie sich eine Wirbelstr\u00f6mung in den Str\u00f6mungen, verstecken Sie sich und warten Sie. Schulen von Hammerhaie frequentieren die Gegend, besonders in den Sommermonaten, ebenso wie Seidenhaie und andere gro\u00dfe pelagische Fische wie Mantas, Stachelmakrelen und Thunfische.<\/p>\n<p>Aufgrund der Rotation der Erde um die Sonne, ist es am besten, die n\u00f6rdliche Wand am Morgen und die s\u00fcdliche Wand am Nachmittag zu betauchen. Auch hier bieten beide W\u00e4nde Str\u00f6mungstauchg\u00e4nge zum s\u00fcdlichen Punkt an und sind dicht mit F\u00e4chern und Weichkorallen \u00fcberwachsen, aber die westliche Wand hat mehr Abwechslung. Ein Absatz auf 10 m beherbergt unz\u00e4hlige Anemonen und ihre Bewohner, endemische Anemonenfische des Roten Meeres und Dottybacks. Es gibt einige riesige Porites-Hartkorallenformationen an der Wand, und die Spalten bieten Zuhause f\u00fcr Mur\u00e4nen. Reinigungsstationen sind reichlich vorhanden, wo Putzerlippfische Warteschlangen von Blauschnabel-Einhornfischen und Zackenbarschen bedienen.<\/p>\n<p>Am s\u00fcdlichen Punkt des Daedalus-Riffs sollten Sie Ausschau nach dem speziellen Auftritt von Fuchshaien halten.<\/p>\n<p>[\/et_pb_text][\/et_pb_column][et_pb_column type=&#8220;2_5&#8243; _builder_version=&#8220;4.16&#8243; _module_preset=&#8220;default&#8220; global_colors_info=&#8220;{}&#8220;][et_pb_text _builder_version=&#8220;4.16&#8243; _module_preset=&#8220;default&#8220; text_font=&#8220;Poppins|500|||||||&#8220; text_text_color=&#8220;#FFFFFF&#8220; background_layout=&#8220;dark&#8220; global_colors_info=&#8220;{}&#8220;]<\/p>\n<p><span><\/span><\/p>\n<p><span>Riffzusammenfassung: Tiefe W\u00e4nde und Hai-Tauchen<\/span><br \/><span>Tiefe: 5m &#8211; &gt;40m<\/span><\/p>\n<p><span> Sichtweite: 20m &#8211; 30m<\/span><\/p>\n<p><span>Str\u00f6mungen: K\u00f6nnen stark sein<\/span><\/p>\n<p><span> Oberfl\u00e4chenbedingungen: K\u00f6nnen rau sein Wassertemperatur: 23 &#8211; 30\u00b0C <\/span><\/p>\n<p><span>Erfahrungslevel: Mittel &#8211; Fortgeschritten<\/span><\/p>\n<p><span> Anzahl der Tauchpl\u00e4tze: 3 <\/span><\/p>\n<p><span>Tauchsaison: Ganzj\u00e4hrig<\/span><\/p>\n<p><span> Entfernung: 80 km \u00f6stlich von Marsa Alam (4\u00bd Std.), 275 km (16 Std.) s\u00fcd\u00f6stlich von Hurghada<\/span><\/p>\n<p><span>Zugang n<\/span><span>ur per Liveaboards<\/span><\/p>\n<p>[\/et_pb_text][et_pb_video src=&#8220;https:\/\/www.youtube.com\/watch?v=E3Rr2yswS-8&#8243; disabled_on=&#8220;off|off|on&#8220; _builder_version=&#8220;4.18.0&#8243; _module_preset=&#8220;default&#8220; border_radii=&#8220;on|20px|20px|20px|20px&#8220; global_colors_info=&#8220;{}&#8220;][\/et_pb_video][et_pb_gallery gallery_ids=&#8220;451,452,453,454,455,456&#8243; fullwidth=&#8220;on&#8220; _builder_version=&#8220;4.16&#8243; _module_preset=&#8220;default&#8220; auto=&#8220;on&#8220; auto_speed=&#8220;5000&#8243; global_colors_info=&#8220;{}&#8220;][\/et_pb_gallery][\/et_pb_column][\/et_pb_row][et_pb_row column_structure=&#8220;1_2,1_2&#8243; _builder_version=&#8220;4.18.0&#8243; _module_preset=&#8220;default&#8220; global_colors_info=&#8220;{}&#8220;][et_pb_column type=&#8220;1_2&#8243; _builder_version=&#8220;4.18.0&#8243; _module_preset=&#8220;default&#8220; global_colors_info=&#8220;{}&#8220;][et_pb_text _builder_version=&#8220;4.23.4&#8243; _module_preset=&#8220;default&#8220; text_font_size=&#8220;18px&#8220; text_orientation=&#8220;center&#8220; background_layout=&#8220;dark&#8220; global_colors_info=&#8220;{}&#8220;]<\/p>\n<p><span>Nehmen Sie an der Tour zur Daedalus-Insel teil<\/span><\/p>\n<p>[\/et_pb_text][et_pb_code _builder_version=&#8220;4.18.0&#8243; _module_preset=&#8220;default&#8220; global_colors_info=&#8220;{}&#8220;]<iframe loading=\"lazy\" width=\"900\" height=\"650\" src=\"https:\/\/www.diving-star.com\/ipanorama\/virtualtour\/7\" frameborder=\"0\" allowfullscreen><\/iframe>[\/et_pb_code][\/et_pb_column][et_pb_column type=&#8220;1_2&#8243; _builder_version=&#8220;4.18.0&#8243; _module_preset=&#8220;default&#8220; global_colors_info=&#8220;{}&#8220;][et_pb_video src=&#8220;https:\/\/www.youtube.com\/watch?v=E3Rr2yswS-8&#8243; disabled_on=&#8220;on|on|off&#8220; _builder_version=&#8220;4.18.0&#8243; _module_preset=&#8220;default&#8220; border_radii=&#8220;on|20px|20px|20px|20px&#8220; global_colors_info=&#8220;{}&#8220;][\/et_pb_video][\/et_pb_column][\/et_pb_row][\/et_pb_section][et_pb_section fb_built=&#8220;1&#8243; admin_label=&#8220;Section&#8220; _builder_version=&#8220;4.16&#8243; _module_preset=&#8220;default&#8220; background_color=&#8220;#040033&#8243; background_image=&#8220;https:\/\/www.diving-star.com\/de\/wp-content\/uploads\/2024\/01\/corla.webp&#8220; background_blend=&#8220;color-dodge&#8220; width=&#8220;100%&#8220; max_width=&#8220;100%&#8220; min_height=&#8220;328px&#8220; min_height_tablet=&#8220;&#8220; min_height_phone=&#8220;758px&#8220; min_height_last_edited=&#8220;on|phone&#8220; height=&#8220;596px&#8220; max_height=&#8220;247px&#8220; custom_margin=&#8220;0px||36px||false|false&#8220; custom_padding=&#8220;0px||||false|false&#8220; custom_padding_tablet=&#8220;0px||0px|&#8220; background_last_edited=&#8220;on|phone&#8220; module_alignment_tablet=&#8220;&#8220; module_alignment_phone=&#8220;&#8220; module_alignment_last_edited=&#8220;on|desktop&#8220; transparent_background=&#8220;off&#8220; padding_mobile=&#8220;on&#8220; make_fullwidth=&#8220;off&#8220; use_custom_width=&#8220;off&#8220; width_unit=&#8220;on&#8220; global_colors_info=&#8220;{}&#8220;][et_pb_row column_structure=&#8220;1_3,1_3,1_3&#8243; use_custom_gutter=&#8220;on&#8220; gutter_width=&#8220;2&#8243; make_equal=&#8220;on&#8220; column_padding_mobile=&#8220;on&#8220; admin_label=&#8220;Row&#8220; _builder_version=&#8220;4.19.0&#8243; _module_preset=&#8220;default&#8220; background_size=&#8220;initial&#8220; background_position=&#8220;top_left&#8220; background_repeat=&#8220;repeat&#8220; max_width=&#8220;2316px&#8220; max_width_tablet=&#8220;&#8220; max_width_phone=&#8220;&#8220; max_width_last_edited=&#8220;on|desktop&#8220; custom_padding=&#8220;11px||0px||false|false&#8220; make_fullwidth=&#8220;off&#8220; use_custom_width=&#8220;off&#8220; width_unit=&#8220;on&#8220; global_colors_info=&#8220;{}&#8220;][et_pb_column type=&#8220;1_3&#8243; _builder_version=&#8220;4.16&#8243; _module_preset=&#8220;default&#8220; custom_padding=&#8220;|||&#8220; global_colors_info=&#8220;{}&#8220; custom_padding__hover=&#8220;|||&#8220;][et_pb_text admin_label=&#8220;Text&#8220; _builder_version=&#8220;4.23.4&#8243; _module_preset=&#8220;default&#8220; text_font=&#8220;Source Sans Pro|700||||||#FFFFFF|&#8220; text_text_color=&#8220;#FFFFFF&#8220; text_font_size=&#8220;18&#8243; text_line_height=&#8220;1.4em&#8220; background_size=&#8220;initial&#8220; background_position=&#8220;top_left&#8220; background_repeat=&#8220;repeat&#8220; custom_margin=&#8220;||8px|&#8220; use_border_color=&#8220;off&#8220; border_color=&#8220;#ffffff&#8220; border_style=&#8220;solid&#8220; global_colors_info=&#8220;{}&#8220;]<\/p>\n<p>Links :<\/p>\n<p>[\/et_pb_text][et_pb_text admin_label=&#8220;Text&#8220; _builder_version=&#8220;4.23.4&#8243; _module_preset=&#8220;default&#8220; text_font=&#8220;Source Sans Pro||||&#8220; text_text_color=&#8220;#ffffff&#8220; text_font_size=&#8220;18&#8243; text_line_height=&#8220;2.2em&#8220; background_size=&#8220;initial&#8220; background_position=&#8220;top_left&#8220; background_repeat=&#8220;repeat&#8220; custom_padding=&#8220;0px|||&#8220; use_border_color=&#8220;off&#8220; border_color=&#8220;#ffffff&#8220; border_style=&#8220;solid&#8220; global_colors_info=&#8220;{}&#8220;]<\/p>\n<p><a href=\"\/de\/tauchen-in-hurghada\/\" title=\"Diving in hurghada\"><span style=\"text-decoration: underline;\"><span style=\"color: #ffffff; text-decoration: underline;\"><span>Zuhause<\/span><\/span><\/span><\/a><br \/><a href=\"\/de\/tauchen-in-hurghada\/\" title=\"Tauchen in Hurghada\"><span style=\"text-decoration: underline; color: #ffffff;\">Tauchen<\/span><\/a><br \/><a href=\"\/de\/tauchkurs-in-hurghada\/\" title=\"Tauchkurse in Hurghada\"><span style=\"text-decoration: underline;\"><span style=\"color: #ffffff; text-decoration: underline;\">Tauchkurs<\/span><\/span><\/a><br \/><a href=\"\/de\/galerie-vom-tauchen\/\" title=\"Unterwasservideos mit Diving Star\"><span style=\"text-decoration: underline;\"><span style=\"color: #ffffff; text-decoration: underline;\">Galerie<\/span><\/span><\/a><br \/><a href=\"\/de\/videokanal-tauchen\/\" title=\"Unterwasservideos mit Diving Star\"><span style=\"text-decoration: underline;\"><span style=\"color: #ffffff; text-decoration: underline;\">videokanal<\/span><\/span><\/a><br \/><a href=\"\/de\/kontaktiere-uns\/\" title=\"Kontaktiere uns\"><span style=\"text-decoration: underline;\"><span style=\"color: #ffffff; text-decoration: underline;\"><span>Kontaktiere uns<\/span><\/span><\/span><\/a><span style=\"color: #ffffff;\"><\/span><\/p>\n<p>[\/et_pb_text][\/et_pb_column][et_pb_column type=&#8220;1_3&#8243; _builder_version=&#8220;4.16&#8243; _module_preset=&#8220;default&#8220; custom_padding=&#8220;|||&#8220; global_colors_info=&#8220;{}&#8220; custom_padding__hover=&#8220;|||&#8220;][et_pb_text admin_label=&#8220;Text&#8220; _builder_version=&#8220;4.23.4&#8243; _module_preset=&#8220;default&#8220; text_font=&#8220;Source Sans Pro||||&#8220; text_text_color=&#8220;#ffffff&#8220; text_font_size=&#8220;18&#8243; text_line_height=&#8220;2.2em&#8220; background_size=&#8220;initial&#8220; background_position=&#8220;top_left&#8220; background_repeat=&#8220;repeat&#8220; background_layout=&#8220;dark&#8220; custom_padding=&#8220;0px||0px|||&#8220; use_border_color=&#8220;off&#8220; border_color=&#8220;#ffffff&#8220; border_style=&#8220;solid&#8220; global_colors_info=&#8220;{}&#8220;]<\/p>\n<ul>\n<li><span style=\"color: #ffffff;\"><span>Adresse<\/span>:<\/span><\/li>\n<\/ul>\n<p><span style=\"color: #ffffff;\"><span>107 Abu Ramada Stra\u00dfe &#8211; Neben dem Meraki Hotel<\/span><\/span><br \/><span style=\"color: #000000;\"><\/span><\/p>\n<p>[\/et_pb_text][et_pb_button button_url=&#8220;https:\/\/g.page\/r\/CZ_m0lBVMt5tEAE&#8220; url_new_window=&#8220;on&#8220; button_text=&#8220;Wegbeschreibung erhalten&#8220; button_alignment=&#8220;left&#8220; _builder_version=&#8220;4.23.4&#8243; _module_preset=&#8220;default&#8220; custom_button=&#8220;on&#8220; button_text_color=&#8220;#000000&#8243; button_bg_color=&#8220;#00adee&#8220; button_border_radius=&#8220;8px&#8220; button_rel=&#8220;off|off|off|off|on&#8220; global_colors_info=&#8220;{}&#8220;][\/et_pb_button][\/et_pb_column][et_pb_column type=&#8220;1_3&#8243; _builder_version=&#8220;4.16&#8243; _module_preset=&#8220;default&#8220; custom_padding=&#8220;|||&#8220; global_colors_info=&#8220;{}&#8220; custom_padding__hover=&#8220;|||&#8220;][et_pb_text admin_label=&#8220;Text&#8220; _builder_version=&#8220;4.23.4&#8243; _module_preset=&#8220;default&#8220; text_font=&#8220;Source Sans Pro|700|||on||||&#8220; text_text_color=&#8220;#FFFFFF&#8220; text_font_size=&#8220;18&#8243; text_line_height=&#8220;1.4em&#8220; background_size=&#8220;initial&#8220; background_position=&#8220;top_left&#8220; background_repeat=&#8220;repeat&#8220; custom_margin=&#8220;||8px|&#8220; use_border_color=&#8220;off&#8220; border_color=&#8220;#ffffff&#8220; border_style=&#8220;solid&#8220; global_colors_info=&#8220;{}&#8220;]<\/p>\n<p>FOLGEN SIE UNS<\/p>\n<p>[\/et_pb_text][et_pb_social_media_follow url_new_window=&#8220;off&#8220; admin_label=&#8220;Social Media Follow&#8220; _builder_version=&#8220;4.16&#8243; _module_preset=&#8220;default&#8220; custom_margin=&#8220;||8px|||&#8220; border_radii=&#8220;on|100%|100%|100%|100%&#8220; link_shape=&#8220;circle&#8220; global_colors_info=&#8220;{}&#8220;][et_pb_social_media_follow_network social_network=&#8220;facebook&#8220; url=&#8220;https:\/\/www.facebook.com\/divingstar&#8220; _builder_version=&#8220;4.16&#8243; _module_preset=&#8220;default&#8220; background_color=&#8220;#3b5998&#8243; global_colors_info=&#8220;{}&#8220; follow_button=&#8220;off&#8220; url_new_window=&#8220;off&#8220;]facebook[\/et_pb_social_media_follow_network][et_pb_social_media_follow_network social_network=&#8220;instagram&#8220; url=&#8220;https:\/\/instagram.com\/divingstar\/&#8220; _builder_version=&#8220;4.16&#8243; _module_preset=&#8220;default&#8220; background_color=&#8220;#ea2c59&#8243; global_colors_info=&#8220;{}&#8220; follow_button=&#8220;off&#8220; url_new_window=&#8220;off&#8220;]instagram[\/et_pb_social_media_follow_network][et_pb_social_media_follow_network social_network=&#8220;youtube&#8220; url=&#8220;https:\/\/youtube.com\/channel\/UCo8SbbFiOls7gLTOaOwGrEA&#8220; _builder_version=&#8220;4.16&#8243; _module_preset=&#8220;default&#8220; background_color=&#8220;#a82400&#8243; global_colors_info=&#8220;{}&#8220; follow_button=&#8220;off&#8220; url_new_window=&#8220;off&#8220;]youtube[\/et_pb_social_media_follow_network][et_pb_social_media_follow_network social_network=&#8220;twitter&#8220; url=&#8220;https:\/\/twitter.com\/divingstar2&#8243; _builder_version=&#8220;4.22.2&#8243; _module_preset=&#8220;default&#8220; background_color=&#8220;#000000&#8243; global_colors_info=&#8220;{}&#8220; follow_button=&#8220;off&#8220; url_new_window=&#8220;off&#8220;]twitter[\/et_pb_social_media_follow_network][\/et_pb_social_media_follow][et_pb_text _builder_version=&#8220;4.23.4&#8243; _module_preset=&#8220;default&#8220; text_font=&#8220;Poppins|600|||||||&#8220; header_font=&#8220;||||||||&#8220; global_colors_info=&#8220;{}&#8220;]<\/p>\n<p><span style=\"color: #ffffff;\"><span>Buchen Sie bei uns<\/span>:<\/span><\/p>\n<p><span style=\"color: #ffffff;\"><a href=\"\/de\/buchen-sie-tauchkurse\/\" title=\"Tauchkurse\" style=\"color: #ffffff; text-decoration: underline;\">Tauchkurse<\/a><\/span><\/p>\n<p><span style=\"color: #ffffff;\"><a href=\"\/de\/tagliche-tauchbuchung\/\" title=\"Tauchen\" style=\"color: #ffffff; text-decoration: underline;\">Tauchen<\/a><\/span><\/p>\n<p>[\/et_pb_text][\/et_pb_column][\/et_pb_row][\/et_pb_section]<\/p>\n","protected":false},"excerpt":{"rendered":"<p>Tauchumgebung am Daedalus-Riff gesunde Riffe, Wandtauchg\u00e4nge, Str\u00f6mungstauchg\u00e4nge, erfahrene Taucher, sehr beliebt&#8230; Daedalus ist ein abgelegener Vorposten eines Riffs, weniger als einen Kilometer breit und markiert durch einen Leuchtturm, etwa 80 km vor der K\u00fcste von Marsa Alam. Aufgrund seiner Abgeschiedenheit wird es nur von Liveaboards besucht, und dies, zusammen mit seinem Status als Meeresschutzgebiet, bedeutet, [&hellip;]<\/p>\n","protected":false},"author":1,"featured_media":0,"parent":0,"menu_order":0,"comment_status":"closed","ping_status":"closed","template":"","meta":{"_et_pb_use_builder":"on","_et_pb_old_content":"<!-- wp:divi\/placeholder \/-->","_et_gb_content_width":"","footnotes":""},"class_list":["post-447","page","type-page","status-publish","hentry"],"_links":{"self":[{"href":"https:\/\/www.diving-star.com\/de\/wp-json\/wp\/v2\/pages\/447","targetHints":{"allow":["GET"]}}],"collection":[{"href":"https:\/\/www.diving-star.com\/de\/wp-json\/wp\/v2\/pages"}],"about":[{"href":"https:\/\/www.diving-star.com\/de\/wp-json\/wp\/v2\/types\/page"}],"author":[{"embeddable":true,"href":"https:\/\/www.diving-star.com\/de\/wp-json\/wp\/v2\/users\/1"}],"replies":[{"embeddable":true,"href":"https:\/\/www.diving-star.com\/de\/wp-json\/wp\/v2\/comments?post=447"}],"version-history":[{"count":4,"href":"https:\/\/www.diving-star.com\/de\/wp-json\/wp\/v2\/pages\/447\/revisions"}],"predecessor-version":[{"id":483,"href":"https:\/\/www.diving-star.com\/de\/wp-json\/wp\/v2\/pages\/447\/revisions\/483"}],"wp:attachment":[{"href":"https:\/\/www.diving-star.com\/de\/wp-json\/wp\/v2\/media?parent=447"}],"curies":[{"name":"wp","href":"https:\/\/api.w.org\/{rel}","templated":true}]}}