{"id":246,"date":"2024-01-02T15:49:12","date_gmt":"2024-01-02T15:49:12","guid":{"rendered":"https:\/\/www.diving-star.com\/de\/?page_id=246"},"modified":"2024-01-13T14:23:34","modified_gmt":"2024-01-13T14:23:34","slug":"galerie-vom-tauchen","status":"publish","type":"page","link":"https:\/\/www.diving-star.com\/de\/galerie-vom-tauchen\/","title":{"rendered":"Galerie vom Tauchen in Hurghada | Diving Star | Unterwasser-Tauchen"},"content":{"rendered":"<p>[et_pb_section fb_built=&#8220;1&#8243; fullwidth=&#8220;on&#8220; _builder_version=&#8220;4.16&#8243; custom_padding=&#8220;0px|0px|0px|0px&#8220; global_colors_info=&#8220;{}&#8220;][et_pb_fullwidth_header title=&#8220;Galerie Fotos&#8220; text_orientation=&#8220;center&#8220; background_overlay_color=&#8220;rgba(0,0,0,0.52)&#8220; title_font_color=&#8220;#ffffff&#8220; _builder_version=&#8220;4.16&#8243; title_font=&#8220;Poppins|500|||||||&#8220; title_text_color=&#8220;#ffffff&#8220; title_letter_spacing=&#8220;1px&#8220; title_line_height=&#8220;1.2em&#8220; content_font=&#8220;Poppins||||||||&#8220; content_font_size=&#8220;19px&#8220; content_letter_spacing=&#8220;1px&#8220; content_line_height=&#8220;1.5em&#8220; background_enable_color=&#8220;off&#8220; background_image=&#8220;https:\/\/www.diving-star.com\/de\/wp-content\/uploads\/2024\/01\/gallary.jpg&#8220; custom_padding=&#8220;200px||200px||false|false&#8220; custom_padding_tablet=&#8220;&#8220; custom_padding_phone=&#8220;100px||100px||false|false&#8220; custom_padding_last_edited=&#8220;on|desktop&#8220; global_colors_info=&#8220;{}&#8220; button_one_text_size__hover_enabled=&#8220;off&#8220; button_two_text_size__hover_enabled=&#8220;off&#8220; button_one_text_color__hover_enabled=&#8220;off&#8220; button_two_text_color__hover_enabled=&#8220;off&#8220; button_one_border_width__hover_enabled=&#8220;off&#8220; button_two_border_width__hover_enabled=&#8220;off&#8220; button_one_border_color__hover_enabled=&#8220;off&#8220; button_two_border_color__hover_enabled=&#8220;off&#8220; button_one_border_radius__hover_enabled=&#8220;off&#8220; button_two_border_radius__hover_enabled=&#8220;off&#8220; button_one_letter_spacing__hover_enabled=&#8220;off&#8220; button_two_letter_spacing__hover_enabled=&#8220;off&#8220; button_one_bg_color__hover_enabled=&#8220;off&#8220; button_two_bg_color__hover_enabled=&#8220;off&#8220;]<\/p>\n<p><span>Einige Fotos unserer Abenteuer<\/span><\/p>\n<p>(<span>Alle unsere Fotos werden von unserem Team aufgenommen und sind durch das Urheberrecht von Diving Star\u2122 gesch\u00fctzt<\/span>)<\/p>\n<p>[\/et_pb_fullwidth_header][\/et_pb_section][et_pb_section fb_built=&#8220;1&#8243; _builder_version=&#8220;4.16&#8243; background_image=&#8220;https:\/\/www.diving-star.com\/de\/wp-content\/uploads\/2024\/01\/01_bg-1.png&#8220; custom_padding=&#8220;0px|5px|54px|0px&#8220; global_colors_info=&#8220;{}&#8220;][et_pb_row use_custom_gutter=&#8220;on&#8220; gutter_width=&#8220;1&#8243; module_class=&#8220; et_pb_row_fullwidth&#8220; _builder_version=&#8220;4.16&#8243; width=&#8220;100%&#8220; width_tablet=&#8220;100%&#8220; width_phone=&#8220;&#8220; width_last_edited=&#8220;on|desktop&#8220; max_width=&#8220;100%&#8220; max_width_tablet=&#8220;100%&#8220; max_width_phone=&#8220;&#8220; max_width_last_edited=&#8220;on|desktop&#8220; custom_padding=&#8220;44px|0px|27px|0px&#8220; make_fullwidth=&#8220;on&#8220; global_colors_info=&#8220;{}&#8220;][et_pb_column type=&#8220;4_4&#8243; _builder_version=&#8220;4.16&#8243; custom_padding=&#8220;|||&#8220; global_colors_info=&#8220;{}&#8220; custom_padding__hover=&#8220;|||&#8220;][et_pb_gallery gallery_ids=&#8220;647,644,545,634,642,637,541,542,543,544,546,547,549,550,551,552,553,554,555,556,557,558,559,560,561,562,563,564,565,566,567,568,569,570,571,572,573,574,575,576,577,578,579,580,581,582,583,584,431,586,587,588,589,590,591,592,593,594,595,596,597,598,599,600,601,602,603,604,605,606,607,608,609,610,611,612,613,614,615,616,617,618,619,620,621,622,623,624,625,626,627,628,629,630,631,632,633,639,640,641,643,645,646,648&#8243; posts_number=&#8220;100&#8243; show_title_and_caption=&#8220;off&#8220; show_pagination=&#8220;off&#8220; _builder_version=&#8220;4.23.4&#8243; _module_preset=&#8220;default&#8220; hover_enabled=&#8220;0&#8243; global_colors_info=&#8220;{}&#8220; sticky_enabled=&#8220;0&#8243;][\/et_pb_gallery][\/et_pb_column][\/et_pb_row][\/et_pb_section][et_pb_section fb_built=&#8220;1&#8243; _builder_version=&#8220;4.16&#8243; _module_preset=&#8220;default&#8220; background_color=&#8220;#000144&#8243; saved_tabs=&#8220;all&#8220; global_colors_info=&#8220;{}&#8220;][et_pb_row column_structure=&#8220;1_3,1_3,1_3&#8243; use_custom_gutter=&#8220;on&#8220; gutter_width=&#8220;4&#8243; make_equal=&#8220;on&#8220; _builder_version=&#8220;4.16&#8243; _module_preset=&#8220;default&#8220; width=&#8220;100%&#8220; max_width=&#8220;1585px&#8220; custom_padding=&#8220;|||14px|false|false&#8220; global_colors_info=&#8220;{}&#8220;][et_pb_column type=&#8220;1_3&#8243; _builder_version=&#8220;4.16&#8243; _module_preset=&#8220;default&#8220; global_colors_info=&#8220;{}&#8220;][et_pb_text _builder_version=&#8220;4.16&#8243; _module_preset=&#8220;default&#8220; text_font=&#8220;Poppins|600|||||||&#8220; text_font_size=&#8220;18px&#8220; background_layout=&#8220;dark&#8220; custom_padding=&#8220;||14px||false|false&#8220; global_colors_info=&#8220;{}&#8220;]<\/p>\n<p>Liens:<\/p>\n<p>[\/et_pb_text][et_pb_text _builder_version=&#8220;4.16&#8243; _module_preset=&#8220;default&#8220; text_font=&#8220;Poppins||||||||&#8220; text_line_height=&#8220;1.6em&#8220; background_layout=&#8220;dark&#8220; custom_margin=&#8220;-40px||||false|false&#8220; text_font_size_tablet=&#8220;&#8220; text_font_size_phone=&#8220;&#8220; text_font_size_last_edited=&#8220;on|phone&#8220; global_colors_info=&#8220;{}&#8220;]<\/p>\n<p><a href=\"\/fr\/\" title=\"Plongee hurghada\">Page d&#8217;acceuil<\/a><\/p>\n<p><a href=\"\/fr\/plonger-a-hurghada\/\" title=\"plonger a hurghada\">Plonger \u00e0 Hurghada<\/a><\/p>\n<p><a href=\"\/fr\/cours-de-plongee-hurghada\/\" title=\"cours de plongee\">Les cours de plong\u00e9e \u00e0 Hurghada<\/a><\/p>\n<p>[\/et_pb_text][\/et_pb_column][et_pb_column type=&#8220;1_3&#8243; _builder_version=&#8220;4.16&#8243; _module_preset=&#8220;default&#8220; global_colors_info=&#8220;{}&#8220;][et_pb_text _builder_version=&#8220;4.16&#8243; _module_preset=&#8220;default&#8220; text_font=&#8220;Poppins|600|||||||&#8220; text_font_size=&#8220;18px&#8220; background_layout=&#8220;dark&#8220; custom_padding=&#8220;||19px||false|false&#8220; global_colors_info=&#8220;{}&#8220;]<\/p>\n<p>Adresse:<\/p>\n<p>[\/et_pb_text][et_pb_text _builder_version=&#8220;4.16&#8243; _module_preset=&#8220;default&#8220; text_font=&#8220;Poppins|500|||||||&#8220; background_layout=&#8220;dark&#8220; custom_margin=&#8220;-40px||||false|false&#8220; global_colors_info=&#8220;{}&#8220;]<\/p>\n<p>107 Rue Abu Ramada\u00a0 &#8211; A cot\u00e9 de l&#8217;h\u00f4tel Meraki<\/p>\n<p>[\/et_pb_text][et_pb_button button_url=&#8220;https:\/\/g.page\/r\/CTG0FRo9Bz0mEAE&#8220; url_new_window=&#8220;on&#8220; button_text=&#8220;Itin\u00e9raire&#8220; _builder_version=&#8220;4.16&#8243; _module_preset=&#8220;default&#8220; custom_button=&#8220;on&#8220; button_text_color=&#8220;#FFFFFF&#8220; button_bg_color=&#8220;#0C71C3&#8243; button_border_width=&#8220;0px&#8220; button_border_radius=&#8220;11px&#8220; global_colors_info=&#8220;{}&#8220;][\/et_pb_button][\/et_pb_column][et_pb_column type=&#8220;1_3&#8243; _builder_version=&#8220;4.16&#8243; _module_preset=&#8220;default&#8220; global_colors_info=&#8220;{}&#8220;][et_pb_text _builder_version=&#8220;4.16&#8243; _module_preset=&#8220;default&#8220; text_font=&#8220;Poppins|600|||||||&#8220; background_layout=&#8220;dark&#8220; custom_margin=&#8220;||17px|||&#8220; global_colors_info=&#8220;{}&#8220;]<\/p>\n<p>Suivez-nous:<\/p>\n<p>[\/et_pb_text][et_pb_social_media_follow follow_button=&#8220;on&#8220; _builder_version=&#8220;4.16&#8243; background_layout=&#8220;dark&#8220; border_radii=&#8220;on|100%|100%|100%|100%&#8220; link_shape=&#8220;circle&#8220; global_colors_info=&#8220;{}&#8220;][et_pb_social_media_follow_network social_network=&#8220;facebook&#8220; url=&#8220;https:\/\/www.facebook.com\/divingstrplongeHurghada\/&#8220; _builder_version=&#8220;4.16&#8243; background_color=&#8220;#3b5998&#8243; bg_color=&#8220;#3b5998&#8243; global_colors_info=&#8220;{}&#8220; follow_button=&#8220;on&#8220; url_new_window=&#8220;on&#8220;]facebook[\/et_pb_social_media_follow_network][et_pb_social_media_follow_network social_network=&#8220;instagram&#8220; url=&#8220;https:\/\/www.instagram.com\/divingstar\/&#8220; _builder_version=&#8220;4.16&#8243; background_color=&#8220;#517fa4&#8243; bg_color=&#8220;#517fa4&#8243; global_colors_info=&#8220;{}&#8220; follow_button=&#8220;on&#8220; url_new_window=&#8220;on&#8220;]instagram[\/et_pb_social_media_follow_network][et_pb_social_media_follow_network social_network=&#8220;youtube&#8220; url=&#8220;https:\/\/www.youtube.com\/c\/Diving-star&#8220; _builder_version=&#8220;4.16&#8243; background_color=&#8220;#a82400&#8243; bg_color=&#8220;#a82400&#8243; global_colors_info=&#8220;{}&#8220; follow_button=&#8220;on&#8220; url_new_window=&#8220;on&#8220;]youtube[\/et_pb_social_media_follow_network][\/et_pb_social_media_follow][et_pb_text _builder_version=&#8220;4.16&#8243; _module_preset=&#8220;default&#8220; text_font=&#8220;Poppins||||||||&#8220; background_layout=&#8220;dark&#8220; custom_margin=&#8220;-40px||||false|false&#8220; global_colors_info=&#8220;{}&#8220;]<\/p>\n<p>R\u00e9server avec nous :<\/p>\n<p><a href=\"\/fr\/reservez-votre-plongee-quotidienne-avec-nous\" title=\"Plong\u00e9e quotidienne\">Plong\u00e9e quotidienne<\/a><\/p>\n<p><a href=\"\/fr\/reservation-des-cours\" title=\"Les cours de plong\u00e9e\">Les cours de plong\u00e9e<\/a><\/p>\n<p>[\/et_pb_text][\/et_pb_column][\/et_pb_row][\/et_pb_section]<\/p>\n","protected":false},"excerpt":{"rendered":"<p>Einige Fotos unserer Abenteuer (Alle unsere Fotos werden von unserem Team aufgenommen und sind durch das Urheberrecht von Diving Star\u2122 gesch\u00fctzt)Liens:Page d&#8217;acceuil Plonger \u00e0 Hurghada Les cours de plong\u00e9e \u00e0 HurghadaAdresse:107 Rue Abu Ramada\u00a0 &#8211; A cot\u00e9 de l&#8217;h\u00f4tel MerakiSuivez-nous:R\u00e9server avec nous : Plong\u00e9e quotidienne Les cours de plong\u00e9e<\/p>\n","protected":false},"author":1,"featured_media":0,"parent":0,"menu_order":0,"comment_status":"closed","ping_status":"closed","template":"","meta":{"_et_pb_use_builder":"on","_et_pb_old_content":"<!-- wp:divi\/placeholder \/-->","_et_gb_content_width":"","footnotes":""},"class_list":["post-246","page","type-page","status-publish","hentry"],"_links":{"self":[{"href":"https:\/\/www.diving-star.com\/de\/wp-json\/wp\/v2\/pages\/246","targetHints":{"allow":["GET"]}}],"collection":[{"href":"https:\/\/www.diving-star.com\/de\/wp-json\/wp\/v2\/pages"}],"about":[{"href":"https:\/\/www.diving-star.com\/de\/wp-json\/wp\/v2\/types\/page"}],"author":[{"embeddable":true,"href":"https:\/\/www.diving-star.com\/de\/wp-json\/wp\/v2\/users\/1"}],"replies":[{"embeddable":true,"href":"https:\/\/www.diving-star.com\/de\/wp-json\/wp\/v2\/comments?post=246"}],"version-history":[{"count":6,"href":"https:\/\/www.diving-star.com\/de\/wp-json\/wp\/v2\/pages\/246\/revisions"}],"predecessor-version":[{"id":650,"href":"https:\/\/www.diving-star.com\/de\/wp-json\/wp\/v2\/pages\/246\/revisions\/650"}],"wp:attachment":[{"href":"https:\/\/www.diving-star.com\/de\/wp-json\/wp\/v2\/media?parent=246"}],"curies":[{"name":"wp","href":"https:\/\/api.w.org\/{rel}","templated":true}]}}