{"id":224,"date":"2024-01-02T15:28:17","date_gmt":"2024-01-02T15:28:17","guid":{"rendered":"https:\/\/www.diving-star.com\/de\/?page_id=224"},"modified":"2026-01-22T18:48:28","modified_gmt":"2026-01-22T18:48:28","slug":"padi-wracktauchkurs","status":"publish","type":"page","link":"https:\/\/www.diving-star.com\/de\/padi-wracktauchkurs\/","title":{"rendered":"PADI Wracktauchkurs mit dem Tauchzentrum Diving Star in Hurghada"},"content":{"rendered":"<p>[et_pb_section fb_built=&#8220;1&#8243; fullwidth=&#8220;on&#8220; _builder_version=&#8220;4.16&#8243; _module_preset=&#8220;_initial&#8220; custom_padding=&#8220;0px|0px|0px|0px&#8220; global_colors_info=&#8220;{}&#8220;][et_pb_fullwidth_header title=&#8220;PADI Wracktauchspezialkurs&#8220; text_orientation=&#8220;center&#8220; header_fullscreen=&#8220;on&#8220; background_overlay_color=&#8220;rgba(0,0,0,0.11)&#8220; background_overlay_color_tablet=&#8220;&#8220; background_overlay_color_phone=&#8220;rgba(0,0,0,0.42)&#8220; background_overlay_color_last_edited=&#8220;on|phone&#8220; _builder_version=&#8220;4.16&#8243; _module_preset=&#8220;default&#8220; title_font=&#8220;Poppins|600|||||||&#8220; title_text_color=&#8220;#FFFFFF&#8220; title_line_height=&#8220;1.3em&#8220; background_enable_color=&#8220;off&#8220; background_image=&#8220;https:\/\/www.diving-star.com\/de\/wp-content\/uploads\/2024\/01\/Ship-Wreck-Diving1.jpg&#8220; custom_padding=&#8220;||||false|false&#8220; custom_padding_tablet=&#8220;&#8220; custom_padding_phone=&#8220;100px||100px||false|false&#8220; custom_padding_last_edited=&#8220;on|desktop&#8220; global_colors_info=&#8220;{}&#8220;]<\/p>\n<p><span>Die Erforschung von Wracks erm\u00f6glicht oft einen Einblick in die Vergangenheit. Aus diesem Grund genie\u00dfen viele Menschen unseren PADI Wracktauchkurs. Lernen Sie, im Inneren eines Wracks zu navigieren, w\u00e4hrend Sie es und seine Bewohner respektieren<\/span>.<\/p>\n<p>[\/et_pb_fullwidth_header][\/et_pb_section][et_pb_section fb_built=&#8220;1&#8243; admin_label=&#8220;Get Started&#8220; _builder_version=&#8220;4.16&#8243; _module_preset=&#8220;default&#8220; background_color=&#8220;gcid-ef309ccc-baf0-464e-8fe0-a4c7fe317155&#8243; custom_padding=&#8220;0px||0px||false|false&#8220; bottom_divider_color=&#8220;#0a8bd6&#8243; bottom_divider_height=&#8220;35px&#8220; saved_tabs=&#8220;all&#8220; global_colors_info=&#8220;{%22gcid-ef309ccc-baf0-464e-8fe0-a4c7fe317155%22:%91%22background_color%22%93}&#8220;][et_pb_row column_structure=&#8220;3_5,2_5&#8243; use_custom_gutter=&#8220;on&#8220; gutter_width=&#8220;2&#8243; _builder_version=&#8220;4.16&#8243; _module_preset=&#8220;default&#8220; max_width=&#8220;1700px&#8220; custom_margin=&#8220;|||&#8220; custom_padding=&#8220;30px||10px||false|false&#8220; use_custom_width=&#8220;on&#8220; custom_width_px=&#8220;1700px&#8220; global_colors_info=&#8220;{}&#8220;][et_pb_column type=&#8220;3_5&#8243; _builder_version=&#8220;4.16&#8243; _module_preset=&#8220;default&#8220; custom_padding=&#8220;|||&#8220; global_colors_info=&#8220;{}&#8220; custom_padding__hover=&#8220;|||&#8220;][et_pb_blurb title=&#8220;PADI Wracktauchspezialkurs in Hurghada&#8220; content_max_width=&#8220;819px&#8220; _builder_version=&#8220;4.19.4&#8243; _module_preset=&#8220;default&#8220; background_layout=&#8220;dark&#8220; global_colors_info=&#8220;{}&#8220;]<\/p>\n<div class=\"w-full border-b border-black\/10 dark:border-gray-900\/50 text-gray-800 dark:text-gray-100 group bg-gray-50 dark:bg-[#444654]\">\n<div class=\"text-base gap-4 md:gap-6 m-auto md:max-w-2xl lg:max-w-2xl xl:max-w-3xl p-4 md:py-6 flex lg:px-0\">\n<div class=\"relative flex w-[calc(100%-50px)] flex-col gap-1 md:gap-3 lg:w-[calc(100%-115px)]\">\n<div class=\"flex flex-grow flex-col gap-3\">\n<div class=\"min-h-[20px] flex flex-col items-start gap-4 whitespace-pre-wrap\">\n<div class=\"markdown prose w-full break-words dark:prose-invert light\">\n<p>Der PADI Wracktauchspezialkurs in Hurghada bietet Tauchern die perfekte Gelegenheit, die einzigartigen Herausforderungen und Belohnungen des Tauchens an Wracks zu erlernen. Dieses 2-t\u00e4gige Programm wurde entwickelt, um Ihnen die F\u00e4higkeiten, das Wissen und die Erfahrung zu vermitteln, die f\u00fcr das sichere und selbstbewusste Erkunden versunkener Schiffe, Flugzeuge und anderer Strukturen erforderlich sind.<\/p>\n<p>Bei Diving Star sind wir der \u00dcberzeugung, dass jeder Taucher die Chance haben sollte, den Nervenkitzel des Wracktauchens zu erleben, und unsere erfahrenen Ausbilder sind leidenschaftlich daran interessiert, Ihnen dabei zu helfen. Unser PADI Wracktauchspezialkurs findet auf unserem komfortablen und gut ausgestatteten Tauchboot statt und beinhaltet alle Lernmaterialien, Ausr\u00fcstung, Mittagessen und Getr\u00e4nke.<\/p>\n<p>Im Kurs lernen Sie, wie Sie einen Wracktauchgang planen und durchf\u00fchren, sowie den Umgang mit potenziellen Gefahren wie Verwicklungen, eingeschr\u00e4nkter Sicht und starken Str\u00f6mungen. Sie werden auch mehr \u00fcber die Ausr\u00fcstung beim Wracktauchen erfahren, wie man eine Tauchlampe benutzt und sich in einem Wrack navigiert.<\/p>\n<p>Eines der Highlights des PADI Wracktauchspezialkurses ist die M\u00f6glichkeit, an vier Tauchg\u00e4ngen an einigen der besten Wrackpl\u00e4tze in Hurghada teilzunehmen. Diese Tauchg\u00e4nge bieten Ihnen die praktische Erfahrung, die ben\u00f6tigt wird, um die im Kurs behandelten Techniken zu beherrschen. Sie haben auch die Gelegenheit, die Geschichte und Legenden dieser versunkenen Strukturen zu erkunden und erstaunliche Unterwasserfotos und -videos zu machen.<\/p>\n<p>Der PADI Wracktauchspezialkurs steht zertifizierten PADI Advanced Open Water Divers offen, die mindestens 15 Jahre alt sind. Nach Abschluss erhalten Sie die weltweit anerkannte PADI Wracktauchspezialzertifizierung.<\/p>\n<p>Wenn Sie also nach einem aufregenden und herausfordernden Taucherlebnis suchen, erw\u00e4gen Sie die Teilnahme am PADI Wracktauchspezialkurs in Hurghada. Mit Diving Star k\u00f6nnen Sie sicher sein, dass Sie in den besten H\u00e4nden sind und Erinnerungen mit nach Hause nehmen, die ein Leben lang halten werden. Kontaktieren Sie uns noch heute, um Ihren Platz zu reservieren und die verborgenen Sch\u00e4tze der versunkenen Schiffe in Hurghada zu entdecken<span style=\"font-size: 14px;\">!<\/span><\/p>\n<\/div>\n<\/div>\n<\/div>\n<div class=\"flex justify-between\">\n<div class=\"text-gray-400 flex self-end lg:self-center justify-center mt-2 gap-3 md:gap-4 lg:gap-1 lg:absolute lg:top-0 lg:translate-x-full lg:right-0 lg:mt-0 lg:pl-2 visible\"><\/div>\n<\/div>\n<\/div>\n<\/div>\n<\/div>\n<p>[\/et_pb_blurb][\/et_pb_column][et_pb_column type=&#8220;2_5&#8243; _builder_version=&#8220;4.16&#8243; _module_preset=&#8220;default&#8220; custom_padding=&#8220;30px|||&#8220; global_colors_info=&#8220;{}&#8220; custom_padding__hover=&#8220;|||&#8220;][et_pb_slider arrows_custom_color=&#8220;#ffffff&#8220; dot_nav_custom_color=&#8220;#ffffff&#8220; _builder_version=&#8220;4.16&#8243; _module_preset=&#8220;default&#8220; background_color=&#8220;gcid-ef309ccc-baf0-464e-8fe0-a4c7fe317155&#8243; custom_padding=&#8220;2px|||||&#8220; auto=&#8220;on&#8220; auto_ignore_hover=&#8220;on&#8220; border_radii=&#8220;on|10px|10px|10px|10px&#8220; global_colors_info=&#8220;{%22gcid-ef309ccc-baf0-464e-8fe0-a4c7fe317155%22:%91%22background_color%22%93}&#8220;][et_pb_slide image=&#8220;https:\/\/www.diving-star.com\/de\/wp-content\/uploads\/2024\/01\/Ship-Wreck-Diving1__1567959003_196.158.19.181.jpg&#8220; _builder_version=&#8220;4.16&#8243; _module_preset=&#8220;default&#8220; background_enable_color=&#8220;off&#8220; global_colors_info=&#8220;{}&#8220; sticky_transition=&#8220;on&#8220;][\/et_pb_slide][et_pb_slide image=&#8220;https:\/\/www.diving-star.com\/de\/wp-content\/uploads\/2024\/01\/Ship-Wreck-Diving2__1567959018_196.158.19.181.jpg&#8220; _builder_version=&#8220;4.16&#8243; _module_preset=&#8220;default&#8220; background_enable_color=&#8220;off&#8220; global_colors_info=&#8220;{}&#8220; sticky_transition=&#8220;on&#8220;][\/et_pb_slide][et_pb_slide image=&#8220;https:\/\/www.diving-star.com\/de\/wp-content\/uploads\/2024\/01\/Ship-Wreck-Diving3__1567959037_196.158.19.181.jpg&#8220; _builder_version=&#8220;4.16&#8243; _module_preset=&#8220;default&#8220; background_enable_color=&#8220;off&#8220; global_colors_info=&#8220;{}&#8220; sticky_transition=&#8220;on&#8220;][\/et_pb_slide][et_pb_slide image=&#8220;https:\/\/www.diving-star.com\/de\/wp-content\/uploads\/2024\/01\/Ship-Wreck-Diving4__1567959053_196.158.19.181.jpg&#8220; _builder_version=&#8220;4.16&#8243; _module_preset=&#8220;default&#8220; background_enable_color=&#8220;off&#8220; global_colors_info=&#8220;{}&#8220; sticky_transition=&#8220;on&#8220;][\/et_pb_slide][et_pb_slide image=&#8220;https:\/\/www.diving-star.com\/de\/wp-content\/uploads\/2024\/01\/Ship-Wreck-Diving5__1567959071_196.158.19.181.jpg&#8220; _builder_version=&#8220;4.16&#8243; _module_preset=&#8220;default&#8220; background_enable_color=&#8220;off&#8220; global_colors_info=&#8220;{}&#8220; sticky_transition=&#8220;on&#8220;][\/et_pb_slide][et_pb_slide image=&#8220;https:\/\/www.diving-star.com\/de\/wp-content\/uploads\/2024\/01\/Ship-Wreck-Diving6__1567959082_196.158.19.181.jpg&#8220; _builder_version=&#8220;4.16&#8243; _module_preset=&#8220;default&#8220; background_enable_color=&#8220;off&#8220; global_colors_info=&#8220;{}&#8220; sticky_transition=&#8220;on&#8220;][\/et_pb_slide][\/et_pb_slider][\/et_pb_column][\/et_pb_row][\/et_pb_section][et_pb_section fb_built=&#8220;1&#8243; _builder_version=&#8220;4.16&#8243; _module_preset=&#8220;default&#8220; background_color=&#8220;gcid-be33c8e1-99aa-4b28-b01c-e4eaf8859ad0&#8243; custom_padding=&#8220;12px|4px|30px|0px|false|false&#8220; bottom_divider_style=&#8220;waves&#8220; bottom_divider_color=&#8220;gcid-b174f2ad-f265-4aac-9a29-d621cee0ff5a&#8220; bottom_divider_height=&#8220;30px&#8220; global_colors_info=&#8220;{%22gcid-b174f2ad-f265-4aac-9a29-d621cee0ff5a%22:%91%22bottom_divider_color%22%93}&#8220;][et_pb_row column_structure=&#8220;1_2,1_2&#8243; _builder_version=&#8220;4.16&#8243; _module_preset=&#8220;default&#8220; custom_padding=&#8220;2px||1px|||&#8220; global_colors_info=&#8220;{}&#8220;][et_pb_column type=&#8220;1_2&#8243; _builder_version=&#8220;4.16&#8243; _module_preset=&#8220;default&#8220; custom_padding=&#8220;|||&#8220; global_colors_info=&#8220;{}&#8220; custom_padding__hover=&#8220;|||&#8220;][et_pb_code _builder_version=&#8220;4.16&#8243; _module_preset=&#8220;default&#8220; border_radii=&#8220;on|10px|10px|10px|10px&#8220; global_colors_info=&#8220;{}&#8220;]<iframe loading=\"lazy\"  id=\"_ytid_27855\"  width=\"1080\" height=\"607\"  data-origwidth=\"1080\" data-origheight=\"607\" src=\"https:\/\/www.youtube.com\/embed\/q5apkoCa8FA?enablejsapi=1&autoplay=0&cc_load_policy=0&cc_lang_pref=&iv_load_policy=1&loop=0&rel=1&fs=1&playsinline=0&autohide=2&theme=dark&color=red&controls=1&disablekb=0&\" class=\"__youtube_prefs__  no-lazyload\" title=\"YouTube player\"  allow=\"fullscreen; accelerometer; autoplay; clipboard-write; encrypted-media; gyroscope; picture-in-picture; web-share\" referrerpolicy=\"strict-origin-when-cross-origin\" allowfullscreen data-no-lazy=\"1\" data-skipgform_ajax_framebjll=\"\"><\/iframe>[\/et_pb_code][et_pb_code _builder_version=&#8220;4.16&#8243; _module_preset=&#8220;default&#8220; border_radii=&#8220;on|10px|10px|10px|10px&#8220; global_colors_info=&#8220;{}&#8220;]<iframe loading=\"lazy\"  id=\"_ytid_99511\"  width=\"1080\" height=\"607\"  data-origwidth=\"1080\" data-origheight=\"607\" src=\"https:\/\/www.youtube.com\/embed\/WTrhLmq6Lg0?enablejsapi=1&autoplay=0&cc_load_policy=0&cc_lang_pref=&iv_load_policy=1&loop=0&rel=1&fs=1&playsinline=0&autohide=2&theme=dark&color=red&controls=1&disablekb=0&\" class=\"__youtube_prefs__  no-lazyload\" title=\"YouTube player\"  allow=\"fullscreen; accelerometer; autoplay; clipboard-write; encrypted-media; gyroscope; picture-in-picture; web-share\" referrerpolicy=\"strict-origin-when-cross-origin\" allowfullscreen data-no-lazy=\"1\" data-skipgform_ajax_framebjll=\"\"><\/iframe>[\/et_pb_code][\/et_pb_column][et_pb_column type=&#8220;1_2&#8243; _builder_version=&#8220;4.16&#8243; _module_preset=&#8220;default&#8220; custom_padding=&#8220;|||&#8220; global_colors_info=&#8220;{}&#8220; custom_padding__hover=&#8220;|||&#8220;][et_pb_text _builder_version=&#8220;4.19.4&#8243; _module_preset=&#8220;default&#8220; text_orientation=&#8220;center&#8220; background_layout=&#8220;dark&#8220; global_colors_info=&#8220;{}&#8220;]<\/p>\n<p>PREIS<\/p>\n<p>Pro Teilnehmer: 320\u20ac<\/p>\n<p>INKLUSIVE<\/p>\n<p>PADI-Handbuch<\/p>\n<p>PADI-Zertifizierungskosten<\/p>\n<p>&nbsp;<\/p>\n<p>Kostenloser Transport zu und von Hotels in Hurghada.<\/p>\n<p>Der Transport von El Gouna, Makadi und Sahl Hasheesh kostet zus\u00e4tzlich 25 Euro pro Auto und Tag.<\/p>\n<p>Mittagessen sowie warme und kalte Getr\u00e4nke sind auf dem Boot inbegriffen. Vegetarische\/vegane Optionen stehen ebenfalls zur Verf\u00fcgung (bitte informieren Sie das Personal im Voraus). Bitte informieren Sie das Personal vor Ihrer Ankunft \u00fcber eventuelle Allergien.<\/p>\n<p>Ausr\u00fcstung 20\u20ac \/ Pro Tag<\/p>\n<div class=\"et_pb_blurb_description\"><\/div>\n<p>[\/et_pb_text][et_pb_text _builder_version=&#8220;4.16&#8243; _module_preset=&#8220;default&#8220; text_orientation=&#8220;center&#8220; background_layout=&#8220;dark&#8220; global_colors_info=&#8220;{}&#8220;]<\/p>\n<p class=\"color-darkgray text-sm\"><strong>Kurs durch<\/strong><a href=\"https:\/\/www.padi.com\/\" target=\"_blank\" rel=\"noopener\"><\/a><\/p>\n<div id=\"attachment_4628\" class=\"wp-caption alignnone\">\n<p><a href=\"https:\/\/www.padi.com\/\" target=\"_blank\" rel=\"noopener\"><img loading=\"lazy\" decoding=\"async\" aria-describedby=\"caption-attachment-4628\" src=\"https:\/\/www.diving-star.com\/de\/wp-content\/uploads\/2024\/01\/padi.png\" data-src=\"https:\/\/www.diving-star.com\/de\/wp-content\/uploads\/2024\/01\/padi.png\" alt=\"Diving School in hurghada\" class=\"wp-image-4628 size-full ls-is-cached lazyloaded\" width=\"117\" height=\"42\" \/><\/a><\/p>\n<p id=\"caption-attachment-4628\" class=\"wp-caption-text\"><strong><span style=\"color: #000000;\">Tauchschule in Hurghada<\/span><\/strong><\/p>\n<\/div>\n<p>[\/et_pb_text][\/et_pb_column][\/et_pb_row][et_pb_row _builder_version=&#8220;4.16&#8243; _module_preset=&#8220;default&#8220; saved_tabs=&#8220;all&#8220; global_colors_info=&#8220;{}&#8220;][et_pb_column type=&#8220;4_4&#8243; _builder_version=&#8220;4.16&#8243; _module_preset=&#8220;default&#8220; global_colors_info=&#8220;{}&#8220;][et_pb_button button_url=&#8220;\/de\/buchen-sie-tauchkurse\/&#8220; button_text=&#8220;Kurs buchen&#8220; button_alignment=&#8220;center&#8220; _builder_version=&#8220;4.23.4&#8243; _module_preset=&#8220;default&#8220; custom_button=&#8220;on&#8220; button_text_color=&#8220;#000000&#8243; button_bg_color=&#8220;#FFFFFF&#8220; button_border_width=&#8220;0px&#8220; button_border_radius=&#8220;15px&#8220; sticky_position=&#8220;bottom&#8220; global_colors_info=&#8220;{}&#8220;][\/et_pb_button][\/et_pb_column][\/et_pb_row][\/et_pb_section][et_pb_section fb_built=&#8220;1&#8243; admin_label=&#8220;Section&#8220; _builder_version=&#8220;4.16&#8243; _module_preset=&#8220;default&#8220; background_color=&#8220;#040033&#8243; background_image=&#8220;https:\/\/www.diving-star.com\/de\/wp-content\/uploads\/2024\/01\/corla.webp&#8220; background_blend=&#8220;color-dodge&#8220; width=&#8220;100%&#8220; max_width=&#8220;100%&#8220; min_height=&#8220;328px&#8220; min_height_tablet=&#8220;&#8220; min_height_phone=&#8220;758px&#8220; min_height_last_edited=&#8220;on|phone&#8220; height=&#8220;596px&#8220; max_height=&#8220;247px&#8220; custom_margin=&#8220;0px||36px||false|false&#8220; custom_padding=&#8220;0px||||false|false&#8220; custom_padding_tablet=&#8220;0px||0px|&#8220; background_last_edited=&#8220;on|phone&#8220; module_alignment_tablet=&#8220;&#8220; module_alignment_phone=&#8220;&#8220; module_alignment_last_edited=&#8220;on|desktop&#8220; transparent_background=&#8220;off&#8220; padding_mobile=&#8220;on&#8220; make_fullwidth=&#8220;off&#8220; use_custom_width=&#8220;off&#8220; width_unit=&#8220;on&#8220; global_colors_info=&#8220;{}&#8220;][et_pb_row column_structure=&#8220;1_3,1_3,1_3&#8243; use_custom_gutter=&#8220;on&#8220; gutter_width=&#8220;2&#8243; make_equal=&#8220;on&#8220; column_padding_mobile=&#8220;on&#8220; admin_label=&#8220;Row&#8220; _builder_version=&#8220;4.19.0&#8243; _module_preset=&#8220;default&#8220; background_size=&#8220;initial&#8220; background_position=&#8220;top_left&#8220; background_repeat=&#8220;repeat&#8220; max_width=&#8220;2316px&#8220; max_width_tablet=&#8220;&#8220; max_width_phone=&#8220;&#8220; max_width_last_edited=&#8220;on|desktop&#8220; custom_padding=&#8220;11px||0px||false|false&#8220; make_fullwidth=&#8220;off&#8220; use_custom_width=&#8220;off&#8220; width_unit=&#8220;on&#8220; global_colors_info=&#8220;{}&#8220;][et_pb_column type=&#8220;1_3&#8243; _builder_version=&#8220;4.16&#8243; _module_preset=&#8220;default&#8220; custom_padding=&#8220;|||&#8220; global_colors_info=&#8220;{}&#8220; custom_padding__hover=&#8220;|||&#8220;][et_pb_text admin_label=&#8220;Text&#8220; _builder_version=&#8220;4.23.4&#8243; _module_preset=&#8220;default&#8220; text_font=&#8220;Source Sans Pro|700||||||#FFFFFF|&#8220; text_text_color=&#8220;#FFFFFF&#8220; text_font_size=&#8220;18&#8243; text_line_height=&#8220;1.4em&#8220; background_size=&#8220;initial&#8220; background_position=&#8220;top_left&#8220; background_repeat=&#8220;repeat&#8220; custom_margin=&#8220;||8px|&#8220; use_border_color=&#8220;off&#8220; border_color=&#8220;#ffffff&#8220; border_style=&#8220;solid&#8220; global_colors_info=&#8220;{}&#8220;]<\/p>\n<p>Links :<\/p>\n<p>[\/et_pb_text][et_pb_text admin_label=&#8220;Text&#8220; _builder_version=&#8220;4.23.4&#8243; _module_preset=&#8220;default&#8220; text_font=&#8220;Source Sans Pro||||&#8220; text_text_color=&#8220;#ffffff&#8220; text_font_size=&#8220;18&#8243; text_line_height=&#8220;2.2em&#8220; background_size=&#8220;initial&#8220; background_position=&#8220;top_left&#8220; background_repeat=&#8220;repeat&#8220; custom_padding=&#8220;0px|||&#8220; use_border_color=&#8220;off&#8220; border_color=&#8220;#ffffff&#8220; border_style=&#8220;solid&#8220; global_colors_info=&#8220;{}&#8220;]<\/p>\n<p><a href=\"\/de\/tauchen-in-hurghada\/\" title=\"Diving in hurghada\"><span style=\"text-decoration: underline;\"><span style=\"color: #ffffff; text-decoration: underline;\"><span>Zuhause<\/span><\/span><\/span><\/a><br \/><a href=\"\/de\/tauchen-in-hurghada\/\" title=\"Tauchen in Hurghada\"><span style=\"text-decoration: underline; color: #ffffff;\">Tauchen<\/span><\/a><br \/><a href=\"\/de\/tauchkurs-in-hurghada\/\" title=\"Tauchkurse in Hurghada\"><span style=\"text-decoration: underline;\"><span style=\"color: #ffffff; text-decoration: underline;\">Tauchkurs<\/span><\/span><\/a><br \/><a href=\"\/de\/galerie-vom-tauchen\/\" title=\"Unterwasservideos mit Diving Star\"><span style=\"text-decoration: underline;\"><span style=\"color: #ffffff; text-decoration: underline;\">Galerie<\/span><\/span><\/a><br \/><a href=\"\/de\/videokanal-tauchen\/\" title=\"Unterwasservideos mit Diving Star\"><span style=\"text-decoration: underline;\"><span style=\"color: #ffffff; text-decoration: underline;\">videokanal<\/span><\/span><\/a><br \/><a href=\"\/de\/kontaktiere-uns\/\" title=\"Kontaktiere uns\"><span style=\"text-decoration: underline;\"><span style=\"color: #ffffff; text-decoration: underline;\"><span>Kontaktiere uns<\/span><\/span><\/span><\/a><span style=\"color: #ffffff;\"><\/span><\/p>\n<p>[\/et_pb_text][\/et_pb_column][et_pb_column type=&#8220;1_3&#8243; _builder_version=&#8220;4.16&#8243; _module_preset=&#8220;default&#8220; custom_padding=&#8220;|||&#8220; global_colors_info=&#8220;{}&#8220; custom_padding__hover=&#8220;|||&#8220;][et_pb_text admin_label=&#8220;Text&#8220; _builder_version=&#8220;4.23.4&#8243; _module_preset=&#8220;default&#8220; text_font=&#8220;Source Sans Pro||||&#8220; text_text_color=&#8220;#ffffff&#8220; text_font_size=&#8220;18&#8243; text_line_height=&#8220;2.2em&#8220; background_size=&#8220;initial&#8220; background_position=&#8220;top_left&#8220; background_repeat=&#8220;repeat&#8220; background_layout=&#8220;dark&#8220; custom_padding=&#8220;0px||0px|||&#8220; use_border_color=&#8220;off&#8220; border_color=&#8220;#ffffff&#8220; border_style=&#8220;solid&#8220; global_colors_info=&#8220;{}&#8220;]<\/p>\n<ul>\n<li><span style=\"color: #ffffff;\"><span>Adresse<\/span>:<\/span><\/li>\n<\/ul>\n<p><span style=\"color: #ffffff;\"><span>107 Abu Ramada Stra\u00dfe &#8211; Neben dem Meraki Hotel<\/span><\/span><br \/><span style=\"color: #000000;\"><\/span><\/p>\n<p>[\/et_pb_text][et_pb_button button_url=&#8220;https:\/\/g.page\/r\/CZ_m0lBVMt5tEAE&#8220; url_new_window=&#8220;on&#8220; button_text=&#8220;Wegbeschreibung erhalten&#8220; button_alignment=&#8220;left&#8220; _builder_version=&#8220;4.23.4&#8243; _module_preset=&#8220;default&#8220; custom_button=&#8220;on&#8220; button_text_color=&#8220;#000000&#8243; button_bg_color=&#8220;#00adee&#8220; button_border_radius=&#8220;8px&#8220; button_rel=&#8220;off|off|off|off|on&#8220; global_colors_info=&#8220;{}&#8220;][\/et_pb_button][\/et_pb_column][et_pb_column type=&#8220;1_3&#8243; _builder_version=&#8220;4.16&#8243; _module_preset=&#8220;default&#8220; custom_padding=&#8220;|||&#8220; global_colors_info=&#8220;{}&#8220; custom_padding__hover=&#8220;|||&#8220;][et_pb_text admin_label=&#8220;Text&#8220; _builder_version=&#8220;4.23.4&#8243; _module_preset=&#8220;default&#8220; text_font=&#8220;Source Sans Pro|700|||on||||&#8220; text_text_color=&#8220;#FFFFFF&#8220; text_font_size=&#8220;18&#8243; text_line_height=&#8220;1.4em&#8220; background_size=&#8220;initial&#8220; background_position=&#8220;top_left&#8220; background_repeat=&#8220;repeat&#8220; custom_margin=&#8220;||8px|&#8220; use_border_color=&#8220;off&#8220; border_color=&#8220;#ffffff&#8220; border_style=&#8220;solid&#8220; global_colors_info=&#8220;{}&#8220;]<\/p>\n<p>FOLGEN SIE UNS<\/p>\n<p>[\/et_pb_text][et_pb_social_media_follow url_new_window=&#8220;off&#8220; admin_label=&#8220;Social Media Follow&#8220; _builder_version=&#8220;4.16&#8243; _module_preset=&#8220;default&#8220; custom_margin=&#8220;||8px|||&#8220; border_radii=&#8220;on|100%|100%|100%|100%&#8220; link_shape=&#8220;circle&#8220; global_colors_info=&#8220;{}&#8220;][et_pb_social_media_follow_network social_network=&#8220;facebook&#8220; url=&#8220;https:\/\/www.facebook.com\/divingstar&#8220; _builder_version=&#8220;4.16&#8243; _module_preset=&#8220;default&#8220; background_color=&#8220;#3b5998&#8243; global_colors_info=&#8220;{}&#8220; follow_button=&#8220;off&#8220; url_new_window=&#8220;off&#8220;]facebook[\/et_pb_social_media_follow_network][et_pb_social_media_follow_network social_network=&#8220;instagram&#8220; url=&#8220;https:\/\/instagram.com\/divingstar\/&#8220; _builder_version=&#8220;4.16&#8243; _module_preset=&#8220;default&#8220; background_color=&#8220;#ea2c59&#8243; global_colors_info=&#8220;{}&#8220; follow_button=&#8220;off&#8220; url_new_window=&#8220;off&#8220;]instagram[\/et_pb_social_media_follow_network][et_pb_social_media_follow_network social_network=&#8220;youtube&#8220; url=&#8220;https:\/\/youtube.com\/channel\/UCo8SbbFiOls7gLTOaOwGrEA&#8220; _builder_version=&#8220;4.16&#8243; _module_preset=&#8220;default&#8220; background_color=&#8220;#a82400&#8243; global_colors_info=&#8220;{}&#8220; follow_button=&#8220;off&#8220; url_new_window=&#8220;off&#8220;]youtube[\/et_pb_social_media_follow_network][et_pb_social_media_follow_network social_network=&#8220;twitter&#8220; url=&#8220;https:\/\/twitter.com\/divingstar2&#8243; _builder_version=&#8220;4.22.2&#8243; _module_preset=&#8220;default&#8220; background_color=&#8220;#000000&#8243; global_colors_info=&#8220;{}&#8220; follow_button=&#8220;off&#8220; url_new_window=&#8220;off&#8220;]twitter[\/et_pb_social_media_follow_network][\/et_pb_social_media_follow][et_pb_text _builder_version=&#8220;4.23.4&#8243; _module_preset=&#8220;default&#8220; text_font=&#8220;Poppins|600|||||||&#8220; header_font=&#8220;||||||||&#8220; global_colors_info=&#8220;{}&#8220;]<\/p>\n<p><span style=\"color: #ffffff;\"><span>Buchen Sie bei uns<\/span>:<\/span><\/p>\n<p><span style=\"color: #ffffff;\"><a href=\"\/de\/buchen-sie-tauchkurse\/\" title=\"Tauchkurse\" style=\"color: #ffffff; text-decoration: underline;\">Tauchkurse<\/a><\/span><\/p>\n<p><span style=\"color: #ffffff;\"><a href=\"\/de\/tagliche-tauchbuchung\/\" title=\"Tauchen\" style=\"color: #ffffff; text-decoration: underline;\">Tauchen<\/a><\/span><\/p>\n<p>[\/et_pb_text][\/et_pb_column][\/et_pb_row][\/et_pb_section]<\/p>\n","protected":false},"excerpt":{"rendered":"<p>Die Erforschung von Wracks erm\u00f6glicht oft einen Einblick in die Vergangenheit. Aus diesem Grund genie\u00dfen viele Menschen unseren PADI Wracktauchkurs. Lernen Sie, im Inneren eines Wracks zu navigieren, w\u00e4hrend Sie es und seine Bewohner respektieren. Der PADI Wracktauchspezialkurs in Hurghada bietet Tauchern die perfekte Gelegenheit, die einzigartigen Herausforderungen und Belohnungen des Tauchens an Wracks zu [&hellip;]<\/p>\n","protected":false},"author":1,"featured_media":0,"parent":0,"menu_order":0,"comment_status":"closed","ping_status":"closed","template":"","meta":{"_et_pb_use_builder":"on","_et_pb_old_content":"<!-- wp:divi\/placeholder \/-->","_et_gb_content_width":"","footnotes":""},"class_list":["post-224","page","type-page","status-publish","hentry"],"_links":{"self":[{"href":"https:\/\/www.diving-star.com\/de\/wp-json\/wp\/v2\/pages\/224","targetHints":{"allow":["GET"]}}],"collection":[{"href":"https:\/\/www.diving-star.com\/de\/wp-json\/wp\/v2\/pages"}],"about":[{"href":"https:\/\/www.diving-star.com\/de\/wp-json\/wp\/v2\/types\/page"}],"author":[{"embeddable":true,"href":"https:\/\/www.diving-star.com\/de\/wp-json\/wp\/v2\/users\/1"}],"replies":[{"embeddable":true,"href":"https:\/\/www.diving-star.com\/de\/wp-json\/wp\/v2\/comments?post=224"}],"version-history":[{"count":7,"href":"https:\/\/www.diving-star.com\/de\/wp-json\/wp\/v2\/pages\/224\/revisions"}],"predecessor-version":[{"id":708,"href":"https:\/\/www.diving-star.com\/de\/wp-json\/wp\/v2\/pages\/224\/revisions\/708"}],"wp:attachment":[{"href":"https:\/\/www.diving-star.com\/de\/wp-json\/wp\/v2\/media?parent=224"}],"curies":[{"name":"wp","href":"https:\/\/api.w.org\/{rel}","templated":true}]}}