{"id":543,"date":"2023-01-29T11:03:10","date_gmt":"2023-01-29T11:03:10","guid":{"rendered":"https:\/\/www.diving-star.com\/buceo-en-hurgada\/?page_id=543"},"modified":"2026-01-22T16:00:19","modified_gmt":"2026-01-22T16:00:19","slug":"sidemount-cursos-de-buceo-en-hurgada","status":"publish","type":"page","link":"https:\/\/www.diving-star.com\/buceo-en-hurgada\/sidemount-cursos-de-buceo-en-hurgada\/","title":{"rendered":"SideMount Cursos de buceo en Hurgada"},"content":{"rendered":"<p>[et_pb_section fb_built=\u00bb1&#8243; fullwidth=\u00bbon\u00bb _builder_version=\u00bb4.16&#8243; _module_preset=\u00bbe545dc14-4441-4edf-8512-90dc40d0eec5&#8243; global_colors_info=\u00bb{}\u00bb][et_pb_fullwidth_header title=\u00bbSideMount Cursos de buceo en Hurgada\u00bb text_orientation=\u00bbcenter\u00bb header_fullscreen=\u00bbon\u00bb background_overlay_color=\u00bbrgba(0,0,0,0.57)\u00bb _builder_version=\u00bb4.16&#8243; _module_preset=\u00bbdefault\u00bb background_enable_color=\u00bboff\u00bb background_image=\u00bbhttps:\/\/www.diving-star.com\/buceo-en-hurgada\/wp-content\/uploads\/2022\/12\/Sidemount.webp\u00bb global_colors_info=\u00bb{}\u00bb][\/et_pb_fullwidth_header][\/et_pb_section][et_pb_section fb_built=\u00bb1&#8243; _builder_version=\u00bb4.16&#8243; _module_preset=\u00bbdefault\u00bb background_color=\u00bbgcid-ef309ccc-baf0-464e-8fe0-a4c7fe317155&#8243; custom_padding=\u00bb0px|||||\u00bb bottom_divider_style=\u00bbwaves\u00bb bottom_divider_color=\u00bbgcid-b174f2ad-f265-4aac-9a29-d621cee0ff5a\u00bb bottom_divider_height=\u00bb30px\u00bb global_colors_info=\u00bb{%22gcid-b174f2ad-f265-4aac-9a29-d621cee0ff5a%22:%91%22bottom_divider_color%22%93}\u00bb][et_pb_row column_structure=\u00bb1_3,1_3,1_3&#8243; use_custom_gutter=\u00bbon\u00bb gutter_width=\u00bb4&#8243; make_equal=\u00bbon\u00bb _builder_version=\u00bb4.16&#8243; _module_preset=\u00bbdefault\u00bb background_enable_color=\u00bboff\u00bb width=\u00bb100%\u00bb max_width=\u00bb1605px\u00bb max_width_tablet=\u00bb\u00bb max_width_phone=\u00bb\u00bb max_width_last_edited=\u00bbon|phone\u00bb custom_margin=\u00bb20px||||false|false\u00bb global_colors_info=\u00bb{}\u00bb][et_pb_column type=\u00bb1_3&#8243; _builder_version=\u00bb4.16&#8243; _module_preset=\u00bbdefault\u00bb global_colors_info=\u00bb{}\u00bb][et_pb_blurb title=\u00bbCurso de buceo con monta lateral de botellas, Sidemount:\u00bb use_icon=\u00bbon\u00bb font_icon=\u00bb&#xe055;||divi||400&#8243; icon_color=\u00bb#FFFFFF\u00bb icon_placement=\u00bbleft\u00bb _builder_version=\u00bb4.19.5&#8243; _module_preset=\u00bbdefault\u00bb header_font=\u00bb|700|||||||\u00bb header_text_align=\u00bbleft\u00bb header_font_size=\u00bb23px\u00bb body_font=\u00bb|600|||||||\u00bb body_text_color=\u00bb#FFFFFF\u00bb background_layout=\u00bbdark\u00bb width=\u00bb100%\u00bb custom_padding=\u00bb|10px|||false|false\u00bb global_colors_info=\u00bb{}\u00bb]<\/p>\n<p><span style=\"font-weight: 400;\">El buceo con montaje lateral simplemente significa que lleva sus tanques de ox\u00edgeno a los lados de tu cuerpo en lugar de en tu espalda. Esto puede reducir la resistencia y es m\u00e1s c\u00f3modo para muchos buceadores. Los buzos de montaje lateral a menudo bucean con dos tanques m\u00e1s peque\u00f1os. Esto facilita el transporte de los tanques y el equipamiento, especialmente para aquellos que tienen dificultades para levantar peso o caminar con el tanque montado en la espalda. Los buzos t\u00e9cnicos normalmente necesitan llevar cilindros adicionales y creen que usar una configuraci\u00f3n de montaje lateral es la mejor opci\u00f3n.<\/span><\/p>\n<p>[\/et_pb_blurb][\/et_pb_column][et_pb_column type=\u00bb1_3&#8243; _builder_version=\u00bb4.16&#8243; _module_preset=\u00bbdefault\u00bb global_colors_info=\u00bb{}\u00bb][et_pb_blurb title=\u00bbDuraci\u00f3n del curso: 2 D\u00edas\u00bb use_icon=\u00bbon\u00bb font_icon=\u00bb&#xe033;||divi||400&#8243; icon_color=\u00bb#096EC1&#8243; icon_placement=\u00bbleft\u00bb _builder_version=\u00bb4.21.0&#8243; _module_preset=\u00bbdefault\u00bb header_font=\u00bbPoppins|600|||||||\u00bb body_font=\u00bbPoppins|500|||||||\u00bb body_text_color=\u00bb#FFFFFF\u00bb background_enable_color=\u00bboff\u00bb background_layout=\u00bbdark\u00bb custom_margin=\u00bb|-16px||||\u00bb global_colors_info=\u00bb{}\u00bb]<\/p>\n<p><span style=\"font-weight: 400;\">Precio: 350 \u20ac por alumno sin el equipo<\/span><\/p>\n<p><span style=\"font-weight: 400;\">410 \u20ac por alumno con el equipo<\/span><\/p>\n<p><span style=\"font-weight: 400;\">El manual oficial PADI est\u00e1 incluido en el precio<\/span><\/p>\n<p><span style=\"font-weight: 400;\">Los costos de Certificaci\u00f3n PADI est\u00e1n incluidos en el precio<\/span><\/p>\n<p><span style=\"font-weight: 400;\">Familiar\u00edcese con el montaje lateral y el buceo t\u00e9cnico<\/span><\/p>\n<p><span style=\"font-weight: 400;\">Aprenda a manejar una configuraci\u00f3n de montaje lateral<\/span><\/p>\n<p><span style=\"font-weight: 400;\">Practique y entrene en sesiones de aguas confinadas y abiertas.<\/span><\/p>\n<p><span style=\"font-weight: 400;\">Requisitos:<\/span><\/p>\n<p><span style=\"font-weight: 400;\">La edad m\u00ednima para realizar este curso son los 15 a\u00f1os cumplidos<\/span><\/p>\n<p><span style=\"font-weight: 400;\">Estar en posesi\u00f3n de un certificado de buceo en aguas abiertas, Open Water.<\/span><\/p>\n<p>[\/et_pb_blurb][\/et_pb_column][et_pb_column type=\u00bb1_3&#8243; _builder_version=\u00bb4.16&#8243; _module_preset=\u00bbdefault\u00bb global_colors_info=\u00bb{}\u00bb][et_pb_video src=\u00bbhttps:\/\/www.youtube.com\/watch?v=iOkypsmp-RQ\u00bb _builder_version=\u00bb4.16&#8243; _module_preset=\u00bbdefault\u00bb global_colors_info=\u00bb{}\u00bb][\/et_pb_video][\/et_pb_column][\/et_pb_row][et_pb_row _builder_version=\u00bb4.16&#8243; _module_preset=\u00bbdefault\u00bb global_colors_info=\u00bb{}\u00bb][et_pb_column type=\u00bb4_4&#8243; _builder_version=\u00bb4.16&#8243; _module_preset=\u00bbdefault\u00bb global_colors_info=\u00bb{}\u00bb][et_pb_gallery gallery_ids=\u00bb547,548,544,549,550,551&#8243; posts_number=\u00bb6&#8243; show_title_and_caption=\u00bboff\u00bb show_pagination=\u00bboff\u00bb _builder_version=\u00bb4.16&#8243; _module_preset=\u00bbdefault\u00bb global_colors_info=\u00bb{}\u00bb][\/et_pb_gallery][\/et_pb_column][\/et_pb_row][et_pb_row _builder_version=\u00bb4.16&#8243; _module_preset=\u00bbdefault\u00bb saved_tabs=\u00bball\u00bb global_colors_info=\u00bb{}\u00bb][et_pb_column type=\u00bb4_4&#8243; _builder_version=\u00bb4.16&#8243; _module_preset=\u00bbdefault\u00bb global_colors_info=\u00bb{}\u00bb][et_pb_button button_url=\u00bb\/buceo-en-hurgada\/reserva-de-cursos-de-buceo\/\u00bb button_text=\u00bbReserva este curso\u00bb button_alignment=\u00bbcenter\u00bb _builder_version=\u00bb4.19.5&#8243; _module_preset=\u00bbdefault\u00bb custom_button=\u00bbon\u00bb button_text_color=\u00bb#000000&#8243; button_bg_color=\u00bb#FFFFFF\u00bb button_border_width=\u00bb0px\u00bb button_border_radius=\u00bb15px\u00bb sticky_position=\u00bbbottom\u00bb global_colors_info=\u00bb{}\u00bb][\/et_pb_button][\/et_pb_column][\/et_pb_row][\/et_pb_section][et_pb_section fb_built=\u00bb1&#8243; admin_label=\u00bbSection\u00bb _builder_version=\u00bb4.16&#8243; _module_preset=\u00bbdefault\u00bb background_color=\u00bb#040033&#8243; background_image=\u00bbhttps:\/\/diving-star.com\/Buceo-en-hurgada\/wp-content\/uploads\/2022\/12\/corla.webp\u00bb background_blend=\u00bbcolor-dodge\u00bb width=\u00bb100%\u00bb max_width=\u00bb100%\u00bb min_height=\u00bb328px\u00bb min_height_tablet=\u00bb\u00bb min_height_phone=\u00bb758px\u00bb min_height_last_edited=\u00bbon|phone\u00bb height=\u00bb596px\u00bb max_height=\u00bb247px\u00bb custom_margin=\u00bb0px||36px||false|false\u00bb custom_padding=\u00bb0px||||false|false\u00bb custom_padding_tablet=\u00bb0px||0px|\u00bb background_last_edited=\u00bbon|phone\u00bb module_alignment_tablet=\u00bb\u00bb module_alignment_phone=\u00bb\u00bb module_alignment_last_edited=\u00bbon|desktop\u00bb transparent_background=\u00bboff\u00bb make_fullwidth=\u00bboff\u00bb use_custom_width=\u00bboff\u00bb width_unit=\u00bbon\u00bb global_module=\u00bb313&#8243; saved_tabs=\u00bball\u00bb global_colors_info=\u00bb{}\u00bb min_height__hover_enabled=\u00bbon|desktop\u00bb min_height__hover=\u00bb328px\u00bb][et_pb_row column_structure=\u00bb1_3,1_3,1_3&#8243; use_custom_gutter=\u00bbon\u00bb gutter_width=\u00bb2&#8243; make_equal=\u00bbon\u00bb column_padding_mobile=\u00bbon\u00bb admin_label=\u00bbRow\u00bb _builder_version=\u00bb4.19.0&#8243; _module_preset=\u00bbdefault\u00bb background_size=\u00bbinitial\u00bb background_position=\u00bbtop_left\u00bb background_repeat=\u00bbrepeat\u00bb max_width=\u00bb2316px\u00bb max_width_tablet=\u00bb\u00bb max_width_phone=\u00bb\u00bb max_width_last_edited=\u00bbon|desktop\u00bb custom_padding=\u00bb11px||0px||false|false\u00bb make_fullwidth=\u00bboff\u00bb use_custom_width=\u00bboff\u00bb width_unit=\u00bbon\u00bb global_colors_info=\u00bb{}\u00bb][et_pb_column type=\u00bb1_3&#8243; _builder_version=\u00bb4.16&#8243; _module_preset=\u00bbdefault\u00bb custom_padding=\u00bb|||\u00bb global_colors_info=\u00bb{}\u00bb custom_padding__hover=\u00bb|||\u00bb][et_pb_text admin_label=\u00bbText\u00bb _builder_version=\u00bb4.16&#8243; _module_preset=\u00bbdefault\u00bb text_font=\u00bbSource Sans Pro|700||||||#FFFFFF|\u00bb text_text_color=\u00bb#FFFFFF\u00bb text_font_size=\u00bb18&#8243; text_line_height=\u00bb1.4em\u00bb background_size=\u00bbinitial\u00bb background_position=\u00bbtop_left\u00bb background_repeat=\u00bbrepeat\u00bb custom_margin=\u00bb||8px|\u00bb use_border_color=\u00bboff\u00bb border_color=\u00bb#ffffff\u00bb border_style=\u00bbsolid\u00bb global_colors_info=\u00bb{}\u00bb]<\/p>\n<p>Links :<\/p>\n<p>[\/et_pb_text][et_pb_text admin_label=\u00bbText\u00bb _builder_version=\u00bb4.19.4&#8243; _module_preset=\u00bbdefault\u00bb text_font=\u00bbSource Sans Pro||||\u00bb text_text_color=\u00bb#ffffff\u00bb text_font_size=\u00bb18&#8243; text_line_height=\u00bb2.2em\u00bb background_size=\u00bbinitial\u00bb background_position=\u00bbtop_left\u00bb background_repeat=\u00bbrepeat\u00bb custom_padding=\u00bb0px|||\u00bb use_border_color=\u00bboff\u00bb border_color=\u00bb#ffffff\u00bb border_style=\u00bbsolid\u00bb global_colors_info=\u00bb{}\u00bb]<span style=\"text-decoration: underline;\"><span style=\"color: #ffffff; text-decoration: underline;\"><a style=\"color: #ffffff; text-decoration: underline;\" href=\"\/buceo-en-hurgada\/\" title=\"Buceo en Hurgada\">Inicio<\/a><\/span><\/span><br \/>\n<span style=\"text-decoration: underline; color: #ffffff;\"><a href=\"\/buceo-en-hurgada\/buceo-diario-en\/\" title=\"Buceo en Hurgada\" style=\"color: #ffffff; text-decoration: underline;\">Buceo Diario<\/a><\/span><br \/>\n<span style=\"text-decoration: underline;\"><span style=\"color: #ffffff; text-decoration: underline;\"><a style=\"color: #ffffff; text-decoration: underline;\" href=\"\/buceo-en-hurgada\/cursos-de-buceo-en-hurgada\/\" title=\"Cursos de buceo en Hurgada\">Cursos de buceo<\/a><\/span><\/span><br \/>\n<span style=\"text-decoration: underline;\"><span style=\"color: #ffffff; text-decoration: underline;\"><a style=\"color: #ffffff; text-decoration: underline;\" href=\"\/buceo-en-hurgada\/galeria\/\" title=\"Galer\u00eda\">Galer\u00eda<\/a><\/span><\/span><span style=\"color: #ffffff;\"><\/span><br \/>\n<span style=\"text-decoration: underline;\"><span style=\"color: #ffffff; text-decoration: underline;\"><a style=\"color: #ffffff; text-decoration: underline;\" href=\"\/buceo-en-hurgada\/videos\/\" title=\"videos\">Videos<\/a><\/span><\/span><span style=\"color: #ffffff;\"><\/span><br \/>\n<span style=\"text-decoration: underline;\"><span style=\"color: #ffffff; text-decoration: underline;\"><a style=\"color: #ffffff; text-decoration: underline;\" href=\"\/buceo-en-hurgada\/contactanos\/\" title=\"Contacto\">Contacto<\/a><\/span><\/span><span style=\"color: #ffffff;\"><\/span>[\/et_pb_text][\/et_pb_column][et_pb_column type=\u00bb1_3&#8243; _builder_version=\u00bb4.16&#8243; _module_preset=\u00bbdefault\u00bb custom_padding=\u00bb|||\u00bb global_colors_info=\u00bb{}\u00bb custom_padding__hover=\u00bb|||\u00bb][et_pb_text admin_label=\u00bbText\u00bb _builder_version=\u00bb4.19.4&#8243; _module_preset=\u00bbdefault\u00bb text_font=\u00bbSource Sans Pro||||\u00bb text_text_color=\u00bb#ffffff\u00bb text_font_size=\u00bb18&#8243; text_line_height=\u00bb2.2em\u00bb background_size=\u00bbinitial\u00bb background_position=\u00bbtop_left\u00bb background_repeat=\u00bbrepeat\u00bb background_layout=\u00bbdark\u00bb custom_padding=\u00bb0px||0px|||\u00bb use_border_color=\u00bboff\u00bb border_color=\u00bb#ffffff\u00bb border_style=\u00bbsolid\u00bb global_colors_info=\u00bb{}\u00bb]<\/p>\n<ul>\n<li><span style=\"color: #ffffff;\">Direcci\u00f3n<\/span><\/li>\n<\/ul>\n<p><span style=\"color: #ffffff;\"> Calle Abu Ramada n\u00ba107 &#8211; Junto al Hotel Meraki | Hurghada | Mar Rojo | Egipto<\/span><\/p>\n<p><span style=\"color: #000000;\"><\/span><\/p>\n<p>[\/et_pb_text][et_pb_button button_url=\u00bbhttps:\/\/goo.gl\/maps\/Uhdv4NgkXEGqgkv89&#8243; url_new_window=\u00bbon\u00bb button_text=\u00bbMapa\u00bb button_alignment=\u00bbleft\u00bb _builder_version=\u00bb4.19.5&#8243; _module_preset=\u00bbdefault\u00bb custom_button=\u00bbon\u00bb button_text_color=\u00bb#000000&#8243; button_bg_color=\u00bb#00adee\u00bb button_border_radius=\u00bb8px\u00bb button_rel=\u00bboff|off|off|off|on\u00bb global_colors_info=\u00bb{}\u00bb][\/et_pb_button][et_pb_text _builder_version=\u00bb4.21.0&#8243; _module_preset=\u00bbdefault\u00bb text_orientation=\u00bbcenter\u00bb background_layout=\u00bbdark\u00bb custom_padding=\u00bb||14px|||\u00bb global_colors_info=\u00bb{}\u00bb]<\/p>\n<p class=\"color-darkgray text-sm\"><strong>Course By<\/strong><a href=\"https:\/\/www.padi.com\/\" target=\"_blank\" rel=\"noopener\"><\/a><\/p>\n<div id=\"attachment_4628\" class=\"wp-caption alignnone\">\n<p><a href=\"https:\/\/www.padi.com\/\" target=\"_blank\" rel=\"noopener\"><img decoding=\"async\" aria-describedby=\"caption-attachment-4628\" src=\"https:\/\/www.diving-star.com\/buceo-en-hurgada\/wp-content\/uploads\/2023\/01\/padi.png\" data-src=\"https:\/\/www.diving-star.com\/buceo-en-hurgada\/wp-content\/uploads\/2023\/01\/padi.png\" alt=\"Diving School in hurghada\" class=\"wp-image-4628 size-full ls-is-cached lazyloaded\" width=\"117\" height=\"42\" \/><\/a><\/p>\n<\/div>\n<p>[\/et_pb_text][\/et_pb_column][et_pb_column type=\u00bb1_3&#8243; _builder_version=\u00bb4.16&#8243; _module_preset=\u00bbdefault\u00bb custom_padding=\u00bb|||\u00bb global_colors_info=\u00bb{}\u00bb custom_padding__hover=\u00bb|||\u00bb][et_pb_text admin_label=\u00bbText\u00bb _builder_version=\u00bb4.19.4&#8243; _module_preset=\u00bbdefault\u00bb text_font=\u00bbSource Sans Pro|700|||on||||\u00bb text_text_color=\u00bb#FFFFFF\u00bb text_font_size=\u00bb18&#8243; text_line_height=\u00bb1.4em\u00bb background_size=\u00bbinitial\u00bb background_position=\u00bbtop_left\u00bb background_repeat=\u00bbrepeat\u00bb custom_margin=\u00bb||8px|\u00bb use_border_color=\u00bboff\u00bb border_color=\u00bb#ffffff\u00bb border_style=\u00bbsolid\u00bb global_colors_info=\u00bb{}\u00bb]<\/p>\n<p>S\u00edguenos<\/p>\n<p>[\/et_pb_text][et_pb_social_media_follow url_new_window=\u00bboff\u00bb admin_label=\u00bbSocial Media Follow\u00bb _builder_version=\u00bb4.19.4&#8243; _module_preset=\u00bbdefault\u00bb custom_margin=\u00bb||8px|||\u00bb border_radii=\u00bbon|100%|100%|100%|100%\u00bb link_shape=\u00bbcircle\u00bb global_colors_info=\u00bb{}\u00bb][et_pb_social_media_follow_network social_network=\u00bbfacebook\u00bb url=\u00bbhttps:\/\/www.facebook.com\/divingstar\u00bb _builder_version=\u00bb4.19.4&#8243; _module_preset=\u00bbdefault\u00bb background_color=\u00bb#3b5998&#8243; global_colors_info=\u00bb{}\u00bb follow_button=\u00bboff\u00bb url_new_window=\u00bboff\u00bb]facebook[\/et_pb_social_media_follow_network][et_pb_social_media_follow_network social_network=\u00bbinstagram\u00bb url=\u00bbhttps:\/\/instagram.com\/divingstar\/\u00bb _builder_version=\u00bb4.16&#8243; _module_preset=\u00bbdefault\u00bb background_color=\u00bb#ea2c59&#8243; global_colors_info=\u00bb{}\u00bb follow_button=\u00bboff\u00bb url_new_window=\u00bboff\u00bb]instagram[\/et_pb_social_media_follow_network][et_pb_social_media_follow_network social_network=\u00bbyoutube\u00bb url=\u00bbhttps:\/\/youtube.com\/channel\/UCo8SbbFiOls7gLTOaOwGrEA\u00bb _builder_version=\u00bb4.16&#8243; _module_preset=\u00bbdefault\u00bb background_color=\u00bb#a82400&#8243; global_colors_info=\u00bb{}\u00bb follow_button=\u00bboff\u00bb url_new_window=\u00bboff\u00bb]youtube[\/et_pb_social_media_follow_network][et_pb_social_media_follow_network social_network=\u00bbtwitter\u00bb url=\u00bbhttps:\/\/twitter.com\/divingstar2&#8243; _builder_version=\u00bb4.22.2&#8243; _module_preset=\u00bbdefault\u00bb background_color=\u00bb#000000&#8243; global_colors_info=\u00bb{}\u00bb follow_button=\u00bboff\u00bb url_new_window=\u00bboff\u00bb]twitter[\/et_pb_social_media_follow_network][\/et_pb_social_media_follow][et_pb_text _builder_version=\u00bb4.19.4&#8243; _module_preset=\u00bbdefault\u00bb text_font=\u00bbPoppins|600|||||||\u00bb header_font=\u00bb||||||||\u00bb global_colors_info=\u00bb{}\u00bb]<span style=\"color: #ffffff;\">Reserva con nosotros:<\/span><\/p>\n<p><span style=\"color: #ffffff;\"><a href=\"\/buceo-en-hurgada\/reserva-de-cursos-de-buceo\/\" title=\"cursos de buceo en Hurgada\" style=\"color: #ffffff; text-decoration: underline;\">Cursos de buceo<\/a><\/span><\/p>\n<p><span style=\"color: #ffffff;\"><a href=\"\/buceo-en-hurgada\/reserva\/\" title=\"Reserva buceo diario en Hurgada\" style=\"color: #ffffff; text-decoration: underline;\"><span>Buceo <\/span>Diario<\/a><\/span>[\/et_pb_text][\/et_pb_column][\/et_pb_row][\/et_pb_section]<\/p>\n","protected":false},"excerpt":{"rendered":"<p>El buceo con montaje lateral simplemente significa que lleva sus tanques de ox\u00edgeno a los lados de tu cuerpo en lugar de en tu espalda. Esto puede reducir la resistencia y es m\u00e1s c\u00f3modo para muchos buceadores. Los buzos de montaje lateral a menudo bucean con dos tanques m\u00e1s peque\u00f1os. Esto facilita el transporte de [&hellip;]<\/p>\n","protected":false},"author":1,"featured_media":544,"parent":0,"menu_order":0,"comment_status":"closed","ping_status":"closed","template":"","meta":{"_et_pb_use_builder":"on","_et_pb_old_content":"<!-- wp:divi\/placeholder \/-->","_et_gb_content_width":"","footnotes":""},"class_list":["post-543","page","type-page","status-publish","has-post-thumbnail","hentry"],"_links":{"self":[{"href":"https:\/\/www.diving-star.com\/buceo-en-hurgada\/wp-json\/wp\/v2\/pages\/543","targetHints":{"allow":["GET"]}}],"collection":[{"href":"https:\/\/www.diving-star.com\/buceo-en-hurgada\/wp-json\/wp\/v2\/pages"}],"about":[{"href":"https:\/\/www.diving-star.com\/buceo-en-hurgada\/wp-json\/wp\/v2\/types\/page"}],"author":[{"embeddable":true,"href":"https:\/\/www.diving-star.com\/buceo-en-hurgada\/wp-json\/wp\/v2\/users\/1"}],"replies":[{"embeddable":true,"href":"https:\/\/www.diving-star.com\/buceo-en-hurgada\/wp-json\/wp\/v2\/comments?post=543"}],"version-history":[{"count":7,"href":"https:\/\/www.diving-star.com\/buceo-en-hurgada\/wp-json\/wp\/v2\/pages\/543\/revisions"}],"predecessor-version":[{"id":722,"href":"https:\/\/www.diving-star.com\/buceo-en-hurgada\/wp-json\/wp\/v2\/pages\/543\/revisions\/722"}],"wp:featuredmedia":[{"embeddable":true,"href":"https:\/\/www.diving-star.com\/buceo-en-hurgada\/wp-json\/wp\/v2\/media\/544"}],"wp:attachment":[{"href":"https:\/\/www.diving-star.com\/buceo-en-hurgada\/wp-json\/wp\/v2\/media?parent=543"}],"curies":[{"name":"wp","href":"https:\/\/api.w.org\/{rel}","templated":true}]}}