{"id":165,"date":"2023-01-02T11:53:02","date_gmt":"2023-01-02T11:53:02","guid":{"rendered":"https:\/\/www.diving-star.com\/Buceo-en-hurgada\/?page_id=165"},"modified":"2026-01-22T15:53:42","modified_gmt":"2026-01-22T15:53:42","slug":"esnorquel-en-hurgada","status":"publish","type":"page","link":"https:\/\/www.diving-star.com\/buceo-en-hurgada\/esnorquel-en-hurgada\/","title":{"rendered":"Esn\u00f3rquel en Hurgada con |Diving Star | Egipto Hurghada"},"content":{"rendered":"<p>[et_pb_section fb_built=\u00bb1&#8243; fullwidth=\u00bbon\u00bb _builder_version=\u00bb4.16&#8243; _module_preset=\u00bbbb0adb28-f757-46fd-9938-29e8be80a764&#8243; global_colors_info=\u00bb{}\u00bb][et_pb_fullwidth_header title=\u00bbEsn\u00f3rquel en Hurghada con Diving Star\u00bb text_orientation=\u00bbcenter\u00bb header_fullscreen=\u00bbon\u00bb background_overlay_color=\u00bbrgba(0,0,0,0.57)\u00bb _builder_version=\u00bb4.16&#8243; _module_preset=\u00bbdefault\u00bb title_font=\u00bbPoppins||||||||\u00bb background_image=\u00bbhttps:\/\/www.diving-star.com\/Buceo-en-hurgada\/wp-content\/uploads\/2023\/01\/sno.jpg\u00bb custom_padding=\u00bb||||false|false\u00bb custom_padding_tablet=\u00bb\u00bb custom_padding_phone=\u00bb||||false|false\u00bb custom_padding_last_edited=\u00bbon|phone\u00bb title_font_size_tablet=\u00bb\u00bb title_font_size_phone=\u00bb17px\u00bb title_font_size_last_edited=\u00bbon|phone\u00bb global_colors_info=\u00bb{}\u00bb][\/et_pb_fullwidth_header][\/et_pb_section][et_pb_section fb_built=\u00bb1&#8243; admin_label=\u00bbGet Started\u00bb _builder_version=\u00bb4.16&#8243; _module_preset=\u00bbdefault\u00bb background_color=\u00bbgcid-ef309ccc-baf0-464e-8fe0-a4c7fe317155&#8243; custom_margin=\u00bb||||false|false\u00bb custom_padding=\u00bb0px||0px||false|false\u00bb saved_tabs=\u00bball\u00bb global_colors_info=\u00bb{%22gcid-ef309ccc-baf0-464e-8fe0-a4c7fe317155%22:%91%22background_color%22%93}\u00bb][et_pb_row use_custom_gutter=\u00bbon\u00bb gutter_width=\u00bb2&#8243; _builder_version=\u00bb4.16&#8243; _module_preset=\u00bbdefault\u00bb max_width=\u00bb1700px\u00bb custom_margin=\u00bb|||\u00bb custom_padding=\u00bb32px||0px|||\u00bb use_custom_width=\u00bbon\u00bb custom_width_px=\u00bb1700px\u00bb global_colors_info=\u00bb{}\u00bb][et_pb_column type=\u00bb4_4&#8243; _builder_version=\u00bb4.16&#8243; _module_preset=\u00bbdefault\u00bb custom_padding=\u00bb|||\u00bb global_colors_info=\u00bb{}\u00bb custom_padding__hover=\u00bb|||\u00bb][et_pb_blurb title=\u00bbEsn\u00f3rquel en Hurghada con Diving Star\u00bb content_max_width=\u00bb1100px\u00bb _builder_version=\u00bb4.21.0&#8243; _module_preset=\u00bbdefault\u00bb header_level=\u00bbh2&#8243; header_font_size=\u00bb27px\u00bb header_line_height=\u00bb1.2em\u00bb body_font_size=\u00bb16px\u00bb body_line_height=\u00bb1.8em\u00bb text_orientation=\u00bbcenter\u00bb background_layout=\u00bbdark\u00bb global_colors_info=\u00bb{}\u00bb]<\/p>\n<p><span style=\"font-weight: 400;\">Aunque somos un centro de buceo, a bordo de nuestro barco diario tambi\u00e9n ofrecemos jornadas de esn\u00f3rquel. El esn\u00f3rquel es una excelente opci\u00f3n para ni\u00f1os, personas que no se sienten c\u00f3modas sumergi\u00e9ndose, o que por razones m\u00e9dicas no pueden bucear. Esto es especialmente ideal para los grupos con integrantes mixtos, buzos y amantes del esn\u00f3rquel.<\/span><\/p>\n<p><span style=\"font-weight: 400;\">Hurghada tiene una variedad tan diversa de vida marina que es el lugar perfecto para practicar esn\u00f3rquel. \u00a1El agua est\u00e1 caliente todo el a\u00f1o! Tambi\u00e9n es clara y tranquila, por lo que puedes ver todo tipo de fauna marina desde la superficie.<\/span><\/p>\n<p><span style=\"font-weight: 400;\">\u00bfPor qu\u00e9 hacer esn\u00f3rquel con Diving Star?<\/span><\/p>\n<p><span style=\"font-weight: 400;\">Con un tour t\u00edpico de esn\u00f3rquel, los hu\u00e9spedes generalmente visitan solo un lugar, mientras que con Diving Star puedes experimentar muchas m\u00e1s localizaciones en el Mar Rojo diferentes. Con nosotros, podr\u00e1s ver una gama m\u00e1s amplia de paisajes y vida marina. Adem\u00e1s, nosotros mismo te proporcionaremos el equipo de snorkel necesario, \u00a1todo lo que tendr\u00e1s que traer es tu toalla!<\/span><\/p>\n<p>[\/et_pb_blurb][\/et_pb_column][\/et_pb_row][\/et_pb_section][et_pb_section fb_built=\u00bb1&#8243; _builder_version=\u00bb4.16&#8243; _module_preset=\u00bbdefault\u00bb background_color=\u00bbgcid-be33c8e1-99aa-4b28-b01c-e4eaf8859ad0&#8243; custom_padding=\u00bb0px|0px|20px|0px|false|false\u00bb global_colors_info=\u00bb{%22gcid-be33c8e1-99aa-4b28-b01c-e4eaf8859ad0%22:%91%22background_color%22%93}\u00bb][et_pb_row use_custom_gutter=\u00bbon\u00bb gutter_width=\u00bb4&#8243; _builder_version=\u00bb4.16&#8243; _module_preset=\u00bbdefault\u00bb background_color=\u00bbgcid-b174f2ad-f265-4aac-9a29-d621cee0ff5a\u00bb max_width=\u00bb1669px\u00bb custom_padding=\u00bb10px|10px|10px|10px|false|false\u00bb border_radii=\u00bbon|10px|10px|10px|10px\u00bb box_shadow_style=\u00bbpreset1&#8243; global_colors_info=\u00bb{%22gcid-b174f2ad-f265-4aac-9a29-d621cee0ff5a%22:%91%22background_color%22%93}\u00bb][et_pb_column type=\u00bb4_4&#8243; _builder_version=\u00bb4.16&#8243; _module_preset=\u00bbdefault\u00bb global_colors_info=\u00bb{}\u00bb][et_pb_text _builder_version=\u00bb4.19.4&#8243; _module_preset=\u00bbdefault\u00bb text_font_size=\u00bb16px\u00bb text_line_height=\u00bb1.8em\u00bb background_layout=\u00bbdark\u00bb custom_margin=\u00bb||6px||false|false\u00bb custom_margin_tablet=\u00bb\u00bb custom_margin_phone=\u00bb\u00bb custom_margin_last_edited=\u00bbon|desktop\u00bb global_colors_info=\u00bb{}\u00bb]<\/p>\n<h4><span style=\"font-weight: 400;\">INCLUIDO EN EL PRECIO<\/span><\/h4>\n<div class=\"et_pb_blurb_description\">\n<p><span style=\"font-weight: 400;\">Almuerzo. (Disponemos de opciones vegetarianas y veganas previa notificaci\u00f3n). Por favor, inf\u00f3rmenos antes de su llegada si tiene alguna alergia alimentaria que debamos tener en cuenta.<\/span><\/p>\n<p><span style=\"font-weight: 400;\">Bebidas fr\u00edas y calientes.<\/span><\/p>\n<p><span style=\"font-weight: 400;\">Equipo de snorkel<\/span><\/p>\n<p><span style=\"font-weight: 400;\">Transporte desde y hacia hoteles en Hurghada.<\/span><\/p>\n<p><span style=\"font-weight: 400;\"><\/span><\/p>\n<p><strong>NO INCLUIDO<\/strong><\/p>\n<p><span style=\"font-weight: 400;\">Transporte desde Makadi, El Gouna o Sahl Hasheesh. En estos casos para facilitar el transporte se abona una tasa extra de 25 \u20ac por coche.<\/span><\/p>\n<\/div>\n<p>[\/et_pb_text][et_pb_text _builder_version=\u00bb4.19.4&#8243; _module_preset=\u00bbdefault\u00bb text_font_size=\u00bb16px\u00bb text_line_height=\u00bb1.8em\u00bb background_layout=\u00bbdark\u00bb custom_margin=\u00bb0px|0px|||false|false\u00bb custom_margin_tablet=\u00bb\u00bb custom_margin_phone=\u00bb\u00bb custom_margin_last_edited=\u00bbon|desktop\u00bb global_colors_info=\u00bb{}\u00bb]<\/p>\n<h4><strong>PRECIO<\/strong><\/h4>\n<p><span style=\"font-weight: 400;\">35\u202f\u20ac por persona<\/span><\/p>\n<p>[\/et_pb_text][\/et_pb_column][\/et_pb_row][et_pb_row _builder_version=\u00bb4.16&#8243; _module_preset=\u00bbdefault\u00bb global_colors_info=\u00bb{}\u00bb][et_pb_column type=\u00bb4_4&#8243; _builder_version=\u00bb4.16&#8243; _module_preset=\u00bbdefault\u00bb global_colors_info=\u00bb{}\u00bb][et_pb_code _builder_version=\u00bb4.19.4&#8243; _module_preset=\u00bbdefault\u00bb background_color=\u00bb#FFFFFF\u00bb custom_margin=\u00bb7px||||false|false\u00bb custom_padding=\u00bb29px|36px|8px|45px|false|false\u00bb border_radii=\u00bbon|10px|10px|10px|10px\u00bb global_colors_info=\u00bb{}\u00bb]<div class=\"wpforms-container wpforms-container-full\" id=\"wpforms-331\"><form id=\"wpforms-form-331\" class=\"wpforms-validate wpforms-form\" data-formid=\"331\" method=\"post\" enctype=\"multipart\/form-data\" action=\"\/buceo-en-hurgada\/wp-json\/wp\/v2\/pages\/165\" data-token=\"6f5ada654ccf96f0cf42c40a7f0f9b84\"><noscript class=\"wpforms-error-noscript\">Por favor, activa JavaScript en tu navegador para completar este formulario.<\/noscript><div class=\"wpforms-field-container\"><div id=\"wpforms-331-field_0-container\" class=\"wpforms-field wpforms-field-name\" data-field-id=\"0\"><label class=\"wpforms-field-label wpforms-label-hide\" for=\"wpforms-331-field_0\">Nombre <span class=\"wpforms-required-label\">*<\/span><\/label><input type=\"text\" id=\"wpforms-331-field_0\" class=\"wpforms-field-large wpforms-field-required\" name=\"wpforms[fields][0]\" placeholder=\"Nombre\" required><\/div><div id=\"wpforms-331-field_1-container\" class=\"wpforms-field wpforms-field-email\" data-field-id=\"1\"><label class=\"wpforms-field-label wpforms-label-hide\" for=\"wpforms-331-field_1\">Email <span class=\"wpforms-required-label\">*<\/span><\/label><input type=\"email\" id=\"wpforms-331-field_1\" class=\"wpforms-field-large wpforms-field-required\" name=\"wpforms[fields][1]\" placeholder=\"Email\" required><\/div><div id=\"wpforms-331-field_3-container\" class=\"wpforms-field wpforms-field-phone\" data-field-id=\"3\"><label class=\"wpforms-field-label\" for=\"wpforms-331-field_3\">N\u00famero de tel\u00e9fono <span class=\"wpforms-required-label\">*<\/span><\/label><input type=\"tel\" id=\"wpforms-331-field_3\" class=\"wpforms-field-large wpforms-field-required wpforms-smart-phone-field\" data-rule-smart-phone-field=\"true\" name=\"wpforms[fields][3]\" placeholder=\"N\u00famero de tel\u00e9fono\" required><\/div><div id=\"wpforms-331-field_2-container\" class=\"wpforms-field wpforms-field-textarea\" data-field-id=\"2\"><label class=\"wpforms-field-label wpforms-label-hide\" for=\"wpforms-331-field_2\">Mensaje <span class=\"wpforms-required-label\">*<\/span><\/label><textarea id=\"wpforms-331-field_2\" class=\"wpforms-field-medium wpforms-field-required\" name=\"wpforms[fields][2]\" placeholder=\"Mensaje\" required><\/textarea><\/div><\/div><div class=\"wpforms-submit-container\"><input type=\"hidden\" name=\"wpforms[id]\" value=\"331\"><input type=\"hidden\" name=\"wpforms[author]\" value=\"1\"><button type=\"submit\" name=\"wpforms[submit]\" id=\"wpforms-submit-331\" class=\"wpforms-submit\" data-alt-text=\"Enviando...\" data-submit-text=\"Enviar\" aria-live=\"assertive\" value=\"wpforms-submit\">Enviar<\/button><\/div><\/form><\/div>  <!-- .wpforms-container -->[\/et_pb_code][\/et_pb_column][\/et_pb_row][\/et_pb_section][et_pb_section fb_built=\u00bb1&#8243; admin_label=\u00bbSection\u00bb _builder_version=\u00bb4.16&#8243; _module_preset=\u00bbdefault\u00bb background_color=\u00bb#040033&#8243; background_image=\u00bbhttps:\/\/diving-star.com\/Buceo-en-hurgada\/wp-content\/uploads\/2022\/12\/corla.webp\u00bb background_blend=\u00bbcolor-dodge\u00bb width=\u00bb100%\u00bb max_width=\u00bb100%\u00bb min_height=\u00bb328px\u00bb min_height_tablet=\u00bb\u00bb min_height_phone=\u00bb758px\u00bb min_height_last_edited=\u00bbon|phone\u00bb height=\u00bb596px\u00bb max_height=\u00bb247px\u00bb custom_margin=\u00bb0px||36px||false|false\u00bb custom_padding=\u00bb0px||||false|false\u00bb custom_padding_tablet=\u00bb0px||0px|\u00bb background_last_edited=\u00bbon|phone\u00bb module_alignment_tablet=\u00bb\u00bb module_alignment_phone=\u00bb\u00bb module_alignment_last_edited=\u00bbon|desktop\u00bb transparent_background=\u00bboff\u00bb make_fullwidth=\u00bboff\u00bb use_custom_width=\u00bboff\u00bb width_unit=\u00bbon\u00bb global_module=\u00bb313&#8243; saved_tabs=\u00bball\u00bb global_colors_info=\u00bb{}\u00bb min_height__hover_enabled=\u00bbon|desktop\u00bb min_height__hover=\u00bb328px\u00bb][et_pb_row column_structure=\u00bb1_3,1_3,1_3&#8243; use_custom_gutter=\u00bbon\u00bb gutter_width=\u00bb2&#8243; make_equal=\u00bbon\u00bb column_padding_mobile=\u00bbon\u00bb admin_label=\u00bbRow\u00bb _builder_version=\u00bb4.19.0&#8243; _module_preset=\u00bbdefault\u00bb background_size=\u00bbinitial\u00bb background_position=\u00bbtop_left\u00bb background_repeat=\u00bbrepeat\u00bb max_width=\u00bb2316px\u00bb max_width_tablet=\u00bb\u00bb max_width_phone=\u00bb\u00bb max_width_last_edited=\u00bbon|desktop\u00bb custom_padding=\u00bb11px||0px||false|false\u00bb make_fullwidth=\u00bboff\u00bb use_custom_width=\u00bboff\u00bb width_unit=\u00bbon\u00bb global_colors_info=\u00bb{}\u00bb][et_pb_column type=\u00bb1_3&#8243; _builder_version=\u00bb4.16&#8243; _module_preset=\u00bbdefault\u00bb custom_padding=\u00bb|||\u00bb global_colors_info=\u00bb{}\u00bb custom_padding__hover=\u00bb|||\u00bb][et_pb_text admin_label=\u00bbText\u00bb _builder_version=\u00bb4.16&#8243; _module_preset=\u00bbdefault\u00bb text_font=\u00bbSource Sans Pro|700||||||#FFFFFF|\u00bb text_text_color=\u00bb#FFFFFF\u00bb text_font_size=\u00bb18&#8243; text_line_height=\u00bb1.4em\u00bb background_size=\u00bbinitial\u00bb background_position=\u00bbtop_left\u00bb background_repeat=\u00bbrepeat\u00bb custom_margin=\u00bb||8px|\u00bb use_border_color=\u00bboff\u00bb border_color=\u00bb#ffffff\u00bb border_style=\u00bbsolid\u00bb global_colors_info=\u00bb{}\u00bb]<\/p>\n<p>Links :<\/p>\n<p>[\/et_pb_text][et_pb_text admin_label=\u00bbText\u00bb _builder_version=\u00bb4.19.4&#8243; _module_preset=\u00bbdefault\u00bb text_font=\u00bbSource Sans Pro||||\u00bb text_text_color=\u00bb#ffffff\u00bb text_font_size=\u00bb18&#8243; text_line_height=\u00bb2.2em\u00bb background_size=\u00bbinitial\u00bb background_position=\u00bbtop_left\u00bb background_repeat=\u00bbrepeat\u00bb custom_padding=\u00bb0px|||\u00bb use_border_color=\u00bboff\u00bb border_color=\u00bb#ffffff\u00bb border_style=\u00bbsolid\u00bb global_colors_info=\u00bb{}\u00bb]<span style=\"text-decoration: underline;\"><span style=\"color: #ffffff; text-decoration: underline;\"><a style=\"color: #ffffff; text-decoration: underline;\" href=\"\/buceo-en-hurgada\/\" title=\"Buceo en Hurgada\">Inicio<\/a><\/span><\/span><br \/>\n<span style=\"text-decoration: underline; color: #ffffff;\"><a href=\"\/buceo-en-hurgada\/buceo-diario-en\/\" title=\"Buceo en Hurgada\" style=\"color: #ffffff; text-decoration: underline;\">Buceo Diario<\/a><\/span><br \/>\n<span style=\"text-decoration: underline;\"><span style=\"color: #ffffff; text-decoration: underline;\"><a style=\"color: #ffffff; text-decoration: underline;\" href=\"\/buceo-en-hurgada\/cursos-de-buceo-en-hurgada\/\" title=\"Cursos de buceo en Hurgada\">Cursos de buceo<\/a><\/span><\/span><br \/>\n<span style=\"text-decoration: underline;\"><span style=\"color: #ffffff; text-decoration: underline;\"><a style=\"color: #ffffff; text-decoration: underline;\" href=\"\/buceo-en-hurgada\/galeria\/\" title=\"Galer\u00eda\">Galer\u00eda<\/a><\/span><\/span><span style=\"color: #ffffff;\"><\/span><br \/>\n<span style=\"text-decoration: underline;\"><span style=\"color: #ffffff; text-decoration: underline;\"><a style=\"color: #ffffff; text-decoration: underline;\" href=\"\/buceo-en-hurgada\/videos\/\" title=\"videos\">Videos<\/a><\/span><\/span><span style=\"color: #ffffff;\"><\/span><br \/>\n<span style=\"text-decoration: underline;\"><span style=\"color: #ffffff; text-decoration: underline;\"><a style=\"color: #ffffff; text-decoration: underline;\" href=\"\/buceo-en-hurgada\/contactanos\/\" title=\"Contacto\">Contacto<\/a><\/span><\/span><span style=\"color: #ffffff;\"><\/span>[\/et_pb_text][\/et_pb_column][et_pb_column type=\u00bb1_3&#8243; _builder_version=\u00bb4.16&#8243; _module_preset=\u00bbdefault\u00bb custom_padding=\u00bb|||\u00bb global_colors_info=\u00bb{}\u00bb custom_padding__hover=\u00bb|||\u00bb][et_pb_text admin_label=\u00bbText\u00bb _builder_version=\u00bb4.19.4&#8243; _module_preset=\u00bbdefault\u00bb text_font=\u00bbSource Sans Pro||||\u00bb text_text_color=\u00bb#ffffff\u00bb text_font_size=\u00bb18&#8243; text_line_height=\u00bb2.2em\u00bb background_size=\u00bbinitial\u00bb background_position=\u00bbtop_left\u00bb background_repeat=\u00bbrepeat\u00bb background_layout=\u00bbdark\u00bb custom_padding=\u00bb0px||0px|||\u00bb use_border_color=\u00bboff\u00bb border_color=\u00bb#ffffff\u00bb border_style=\u00bbsolid\u00bb global_colors_info=\u00bb{}\u00bb]<\/p>\n<ul>\n<li><span style=\"color: #ffffff;\">Direcci\u00f3n<\/span><\/li>\n<\/ul>\n<p><span style=\"color: #ffffff;\"> Calle Abu Ramada n\u00ba107 &#8211; Junto al Hotel Meraki | Hurghada | Mar Rojo | Egipto<\/span><\/p>\n<p><span style=\"color: #000000;\"><\/span><\/p>\n<p>[\/et_pb_text][et_pb_button button_url=\u00bbhttps:\/\/goo.gl\/maps\/Uhdv4NgkXEGqgkv89&#8243; url_new_window=\u00bbon\u00bb button_text=\u00bbMapa\u00bb button_alignment=\u00bbleft\u00bb _builder_version=\u00bb4.19.5&#8243; _module_preset=\u00bbdefault\u00bb custom_button=\u00bbon\u00bb button_text_color=\u00bb#000000&#8243; button_bg_color=\u00bb#00adee\u00bb button_border_radius=\u00bb8px\u00bb button_rel=\u00bboff|off|off|off|on\u00bb global_colors_info=\u00bb{}\u00bb][\/et_pb_button][et_pb_text _builder_version=\u00bb4.21.0&#8243; _module_preset=\u00bbdefault\u00bb text_orientation=\u00bbcenter\u00bb background_layout=\u00bbdark\u00bb custom_padding=\u00bb||14px|||\u00bb global_colors_info=\u00bb{}\u00bb]<\/p>\n<p class=\"color-darkgray text-sm\"><strong>Course By<\/strong><a href=\"https:\/\/www.padi.com\/\" target=\"_blank\" rel=\"noopener\"><\/a><\/p>\n<div id=\"attachment_4628\" class=\"wp-caption alignnone\">\n<p><a href=\"https:\/\/www.padi.com\/\" target=\"_blank\" rel=\"noopener\"><img decoding=\"async\" aria-describedby=\"caption-attachment-4628\" src=\"https:\/\/www.diving-star.com\/buceo-en-hurgada\/wp-content\/uploads\/2023\/01\/padi.png\" data-src=\"https:\/\/www.diving-star.com\/buceo-en-hurgada\/wp-content\/uploads\/2023\/01\/padi.png\" alt=\"Diving School in hurghada\" class=\"wp-image-4628 size-full ls-is-cached lazyloaded\" width=\"117\" height=\"42\" \/><\/a><\/p>\n<\/div>\n<p>[\/et_pb_text][\/et_pb_column][et_pb_column type=\u00bb1_3&#8243; _builder_version=\u00bb4.16&#8243; _module_preset=\u00bbdefault\u00bb custom_padding=\u00bb|||\u00bb global_colors_info=\u00bb{}\u00bb custom_padding__hover=\u00bb|||\u00bb][et_pb_text admin_label=\u00bbText\u00bb _builder_version=\u00bb4.19.4&#8243; _module_preset=\u00bbdefault\u00bb text_font=\u00bbSource Sans Pro|700|||on||||\u00bb text_text_color=\u00bb#FFFFFF\u00bb text_font_size=\u00bb18&#8243; text_line_height=\u00bb1.4em\u00bb background_size=\u00bbinitial\u00bb background_position=\u00bbtop_left\u00bb background_repeat=\u00bbrepeat\u00bb custom_margin=\u00bb||8px|\u00bb use_border_color=\u00bboff\u00bb border_color=\u00bb#ffffff\u00bb border_style=\u00bbsolid\u00bb global_colors_info=\u00bb{}\u00bb]<\/p>\n<p>S\u00edguenos<\/p>\n<p>[\/et_pb_text][et_pb_social_media_follow url_new_window=\u00bboff\u00bb admin_label=\u00bbSocial Media Follow\u00bb _builder_version=\u00bb4.19.4&#8243; _module_preset=\u00bbdefault\u00bb custom_margin=\u00bb||8px|||\u00bb border_radii=\u00bbon|100%|100%|100%|100%\u00bb link_shape=\u00bbcircle\u00bb global_colors_info=\u00bb{}\u00bb][et_pb_social_media_follow_network social_network=\u00bbfacebook\u00bb url=\u00bbhttps:\/\/www.facebook.com\/divingstar\u00bb _builder_version=\u00bb4.19.4&#8243; _module_preset=\u00bbdefault\u00bb background_color=\u00bb#3b5998&#8243; global_colors_info=\u00bb{}\u00bb follow_button=\u00bboff\u00bb url_new_window=\u00bboff\u00bb]facebook[\/et_pb_social_media_follow_network][et_pb_social_media_follow_network social_network=\u00bbinstagram\u00bb url=\u00bbhttps:\/\/instagram.com\/divingstar\/\u00bb _builder_version=\u00bb4.16&#8243; _module_preset=\u00bbdefault\u00bb background_color=\u00bb#ea2c59&#8243; global_colors_info=\u00bb{}\u00bb follow_button=\u00bboff\u00bb url_new_window=\u00bboff\u00bb]instagram[\/et_pb_social_media_follow_network][et_pb_social_media_follow_network social_network=\u00bbyoutube\u00bb url=\u00bbhttps:\/\/youtube.com\/channel\/UCo8SbbFiOls7gLTOaOwGrEA\u00bb _builder_version=\u00bb4.16&#8243; _module_preset=\u00bbdefault\u00bb background_color=\u00bb#a82400&#8243; global_colors_info=\u00bb{}\u00bb follow_button=\u00bboff\u00bb url_new_window=\u00bboff\u00bb]youtube[\/et_pb_social_media_follow_network][et_pb_social_media_follow_network social_network=\u00bbtwitter\u00bb url=\u00bbhttps:\/\/twitter.com\/divingstar2&#8243; _builder_version=\u00bb4.22.2&#8243; _module_preset=\u00bbdefault\u00bb background_color=\u00bb#000000&#8243; global_colors_info=\u00bb{}\u00bb follow_button=\u00bboff\u00bb url_new_window=\u00bboff\u00bb]twitter[\/et_pb_social_media_follow_network][\/et_pb_social_media_follow][et_pb_text _builder_version=\u00bb4.19.4&#8243; _module_preset=\u00bbdefault\u00bb text_font=\u00bbPoppins|600|||||||\u00bb header_font=\u00bb||||||||\u00bb global_colors_info=\u00bb{}\u00bb]<span style=\"color: #ffffff;\">Reserva con nosotros:<\/span><\/p>\n<p><span style=\"color: #ffffff;\"><a href=\"\/buceo-en-hurgada\/reserva-de-cursos-de-buceo\/\" title=\"cursos de buceo en Hurgada\" style=\"color: #ffffff; text-decoration: underline;\">Cursos de buceo<\/a><\/span><\/p>\n<p><span style=\"color: #ffffff;\"><a href=\"\/buceo-en-hurgada\/reserva\/\" title=\"Reserva buceo diario en Hurgada\" style=\"color: #ffffff; text-decoration: underline;\"><span>Buceo <\/span>Diario<\/a><\/span>[\/et_pb_text][\/et_pb_column][\/et_pb_row][\/et_pb_section]<\/p>\n","protected":false},"excerpt":{"rendered":"<p>Aunque somos un centro de buceo, a bordo de nuestro barco diario tambi\u00e9n ofrecemos jornadas de esn\u00f3rquel. El esn\u00f3rquel es una excelente opci\u00f3n para ni\u00f1os, personas que no se sienten c\u00f3modas sumergi\u00e9ndose, o que por razones m\u00e9dicas no pueden bucear. Esto es especialmente ideal para los grupos con integrantes mixtos, buzos y amantes del esn\u00f3rquel. [&hellip;]<\/p>\n","protected":false},"author":1,"featured_media":168,"parent":0,"menu_order":0,"comment_status":"closed","ping_status":"closed","template":"","meta":{"_et_pb_use_builder":"on","_et_pb_old_content":"<!-- wp:divi\/placeholder \/-->","_et_gb_content_width":"","footnotes":""},"class_list":["post-165","page","type-page","status-publish","has-post-thumbnail","hentry"],"_links":{"self":[{"href":"https:\/\/www.diving-star.com\/buceo-en-hurgada\/wp-json\/wp\/v2\/pages\/165","targetHints":{"allow":["GET"]}}],"collection":[{"href":"https:\/\/www.diving-star.com\/buceo-en-hurgada\/wp-json\/wp\/v2\/pages"}],"about":[{"href":"https:\/\/www.diving-star.com\/buceo-en-hurgada\/wp-json\/wp\/v2\/types\/page"}],"author":[{"embeddable":true,"href":"https:\/\/www.diving-star.com\/buceo-en-hurgada\/wp-json\/wp\/v2\/users\/1"}],"replies":[{"embeddable":true,"href":"https:\/\/www.diving-star.com\/buceo-en-hurgada\/wp-json\/wp\/v2\/comments?post=165"}],"version-history":[{"count":9,"href":"https:\/\/www.diving-star.com\/buceo-en-hurgada\/wp-json\/wp\/v2\/pages\/165\/revisions"}],"predecessor-version":[{"id":717,"href":"https:\/\/www.diving-star.com\/buceo-en-hurgada\/wp-json\/wp\/v2\/pages\/165\/revisions\/717"}],"wp:featuredmedia":[{"embeddable":true,"href":"https:\/\/www.diving-star.com\/buceo-en-hurgada\/wp-json\/wp\/v2\/media\/168"}],"wp:attachment":[{"href":"https:\/\/www.diving-star.com\/buceo-en-hurgada\/wp-json\/wp\/v2\/media?parent=165"}],"curies":[{"name":"wp","href":"https:\/\/api.w.org\/{rel}","templated":true}]}}